{"id":133,"date":"2013-04-13T18:15:19","date_gmt":"2013-04-13T18:15:19","guid":{"rendered":"https:\/\/blogs.ua.es\/alinua\/?page_id=133"},"modified":"2013-04-13T18:25:28","modified_gmt":"2013-04-13T18:25:28","slug":"nuevos-resultados-del-estudio-predimen","status":"publish","type":"page","link":"https:\/\/blogs.ua.es\/alinua\/investigacion\/nuevos-resultados-del-estudio-predimen\/","title":{"rendered":"Nuevos resultados del estudio Predimed"},"content":{"rendered":"<div style=\"text-align: justify\"><span style=\"font-size: medium\"><span style=\"color: #000000\"><a href=\"http:\/\/www.predimed.org\" target=\"_blank\"><span style=\"color: #333399\"><strong>PREDIMED<\/strong><\/span><\/a> es e<\/span><\/span><span style=\"font-size: medium\"><span style=\"color: #000000\">l acr\u00f3nimo de un estudio de intervenci\u00f3n nutricional a largo plazo con dieta mediterr\u00e1nea para evaluar su eficacia en la prevenci\u00f3n primaria de enfermedades cardiovasculares, cuyo t\u00edtulo completo es \u201cEfectos de la dieta mediterr\u00e1nea en la prevenci\u00f3n primaria de la enfermedad cardiovascular\u201d<\/span><\/span><\/div>\n<div style=\"text-align: justify\">\n<ul>\n<li>\u00daltimos resultados del estudio PREDIMED:\u00a0La dieta mediterr\u00e1nea suplementada con nueces reduce un 49% el riesgo de ictus:Es una de las principales conclusiones del PREDIMED (Prevenci\u00f3n con Dieta Mediterr\u00e1nea), uno de los mayores estudios cl\u00ednicos de nutrici\u00f3n llevados a cabo en el mundo y cuyos resultados globales han sido publicados en la edici\u00f3n online del New England Journal of Medicine.<a title=\"Dieta mediterrena y enfermedad cardiovascular\" href=\"http:\/\/www.nejm.org\/doi\/pdf\/10.1056\/NEJMoa1200303\" target=\"_blank\">http:\/\/www.nejm.org\/doi\/pdf\/10.1056\/NEJMoa1200303\u00a0<\/a><\/li>\n<\/ul>\n<\/div>\n","protected":false},"excerpt":{"rendered":"<p>PREDIMED es el acr\u00f3nimo de un estudio de intervenci\u00f3n nutricional a largo plazo con dieta mediterr\u00e1nea para evaluar su eficacia en la prevenci\u00f3n primaria de enfermedades cardiovasculares, cuyo t\u00edtulo completo es \u201cEfectos de la dieta mediterr\u00e1nea en la prevenci\u00f3n primaria &hellip; <a href=\"https:\/\/blogs.ua.es\/alinua\/investigacion\/nuevos-resultados-del-estudio-predimen\/\">Continue reading <span class=\"meta-nav\">&rarr;<\/span><\/a><\/p>\n","protected":false},"author":3047,"featured_media":0,"parent":77,"menu_order":1,"comment_status":"open","ping_status":"closed","template":"sidebar-page.php","meta":{"footnotes":""},"class_list":["post-133","page","type-page","status-publish","hentry"],"_links":{"self":[{"href":"https:\/\/blogs.ua.es\/alinua\/wp-json\/wp\/v2\/pages\/133","targetHints":{"allow":["GET"]}}],"collection":[{"href":"https:\/\/blogs.ua.es\/alinua\/wp-json\/wp\/v2\/pages"}],"about":[{"href":"https:\/\/blogs.ua.es\/alinua\/wp-json\/wp\/v2\/types\/page"}],"author":[{"embeddable":true,"href":"https:\/\/blogs.ua.es\/alinua\/wp-json\/wp\/v2\/users\/3047"}],"replies":[{"embeddable":true,"href":"https:\/\/blogs.ua.es\/alinua\/wp-json\/wp\/v2\/comments?post=133"}],"version-history":[{"count":9,"href":"https:\/\/blogs.ua.es\/alinua\/wp-json\/wp\/v2\/pages\/133\/revisions"}],"predecessor-version":[{"id":145,"href":"https:\/\/blogs.ua.es\/alinua\/wp-json\/wp\/v2\/pages\/133\/revisions\/145"}],"up":[{"embeddable":true,"href":"https:\/\/blogs.ua.es\/alinua\/wp-json\/wp\/v2\/pages\/77"}],"wp:attachment":[{"href":"https:\/\/blogs.ua.es\/alinua\/wp-json\/wp\/v2\/media?parent=133"}],"curies":[{"name":"wp","href":"https:\/\/api.w.org\/{rel}","templated":true}]}}