{"id":137,"date":"2013-04-13T18:16:46","date_gmt":"2013-04-13T18:16:46","guid":{"rendered":"https:\/\/blogs.ua.es\/alinua\/?page_id=137"},"modified":"2013-04-13T18:38:15","modified_gmt":"2013-04-13T18:38:15","slug":"calidad-del-sueno","status":"publish","type":"page","link":"https:\/\/blogs.ua.es\/alinua\/investigacion\/calidad-del-sueno\/","title":{"rendered":"Calidad del sue\u00f1o"},"content":{"rendered":"<p>La alimentos que ingerimos antes de acostarnos pueden influir en nuestra calidad del sue\u00f1o.<\/p>\n<p>Alimentos asociados con la duraci\u00f3n y la calidad del sue\u00f1o:\u00a0La duraci\u00f3n y la calidad del sue\u00f1o est\u00e1n determinadas, en gran medida, por lo ingerido horas antes de acostarse\u00a0<a href=\"http:\/\/www.consumer.es\/web\/es\/alimentacion\/aprender_a_comer_bien\/adulto_y_vejez\/2013\/02\/27\/215972.php?fb_action_ids=10151338334377798&amp;fb_action_types=og.likes&amp;fb_source=timeline_og&amp;action_object_map=%7B%2210151338334377798%22%3A144532729044987%7D&amp;action_type_map=%7B%2210151338334377798%22%3A%22og.likes%22%7D&amp;action_ref_map=%5B%5D\" target=\"_blank\">(Link)<\/a><\/p>\n","protected":false},"excerpt":{"rendered":"<p>La alimentos que ingerimos antes de acostarnos pueden influir en nuestra calidad del sue\u00f1o. Alimentos asociados con la duraci\u00f3n y la calidad del sue\u00f1o:\u00a0La duraci\u00f3n y la calidad del sue\u00f1o est\u00e1n determinadas, en gran medida, por lo ingerido horas antes &hellip; <a href=\"https:\/\/blogs.ua.es\/alinua\/investigacion\/calidad-del-sueno\/\">Continue reading <span class=\"meta-nav\">&rarr;<\/span><\/a><\/p>\n","protected":false},"author":3047,"featured_media":0,"parent":77,"menu_order":2,"comment_status":"open","ping_status":"open","template":"","meta":{"footnotes":""},"class_list":["post-137","page","type-page","status-publish","hentry"],"_links":{"self":[{"href":"https:\/\/blogs.ua.es\/alinua\/wp-json\/wp\/v2\/pages\/137","targetHints":{"allow":["GET"]}}],"collection":[{"href":"https:\/\/blogs.ua.es\/alinua\/wp-json\/wp\/v2\/pages"}],"about":[{"href":"https:\/\/blogs.ua.es\/alinua\/wp-json\/wp\/v2\/types\/page"}],"author":[{"embeddable":true,"href":"https:\/\/blogs.ua.es\/alinua\/wp-json\/wp\/v2\/users\/3047"}],"replies":[{"embeddable":true,"href":"https:\/\/blogs.ua.es\/alinua\/wp-json\/wp\/v2\/comments?post=137"}],"version-history":[{"count":3,"href":"https:\/\/blogs.ua.es\/alinua\/wp-json\/wp\/v2\/pages\/137\/revisions"}],"predecessor-version":[{"id":151,"href":"https:\/\/blogs.ua.es\/alinua\/wp-json\/wp\/v2\/pages\/137\/revisions\/151"}],"up":[{"embeddable":true,"href":"https:\/\/blogs.ua.es\/alinua\/wp-json\/wp\/v2\/pages\/77"}],"wp:attachment":[{"href":"https:\/\/blogs.ua.es\/alinua\/wp-json\/wp\/v2\/media?parent=137"}],"curies":[{"name":"wp","href":"https:\/\/api.w.org\/{rel}","templated":true}]}}