{"id":157,"date":"2013-04-13T18:52:01","date_gmt":"2013-04-13T18:52:01","guid":{"rendered":"https:\/\/blogs.ua.es\/alinua\/?page_id=157"},"modified":"2013-04-16T06:17:49","modified_gmt":"2013-04-16T06:17:49","slug":"quines-somos","status":"publish","type":"page","link":"https:\/\/blogs.ua.es\/alinua\/quines-somos\/","title":{"rendered":"\u00bfQuines somos?"},"content":{"rendered":"<p style=\"text-align: justify\"><a href=\"https:\/\/blogs.ua.es\/alinua\/files\/2013\/04\/Logo-ALINUA_color.jpg\"><img loading=\"lazy\" decoding=\"async\" class=\"aligncenter size-medium wp-image-158\" src=\"https:\/\/blogs.ua.es\/alinua\/files\/2013\/04\/Logo-ALINUA_color-300x115.jpg\" alt=\"\" width=\"300\" height=\"115\" srcset=\"https:\/\/blogs.ua.es\/alinua\/files\/2013\/04\/Logo-ALINUA_color-300x115.jpg 300w, https:\/\/blogs.ua.es\/alinua\/files\/2013\/04\/Logo-ALINUA_color-1024x395.jpg 1024w, https:\/\/blogs.ua.es\/alinua\/files\/2013\/04\/Logo-ALINUA_color-500x193.jpg 500w\" sizes=\"auto, (max-width: 300px) 100vw, 300px\" \/><\/a><\/p>\n<p style=\"text-align: justify\">El gabinete Alinua se configura como un gabinete propio de la Universidad de Alicante, adscrito a la Facultad de Ciencias de la Salud, sin \u00e1nimo de lucro. Entre sus fines est\u00e1 contribuir a mejorar el estado nutricional mediante la generaci\u00f3n, divulgaci\u00f3n y aplicaci\u00f3n del conocimiento y la formaci\u00f3n en las distintas disciplinas relacionadas con la nutrici\u00f3n cl\u00ednica y p\u00fablica. El gabinete cuenta con el apoyo del Vicerrectorado de Campus y Sostenibilidad de la Universidad de Alicante.<\/p>\n<p style=\"text-align: justify\">Contacta con nosotros:<\/p>\n<p style=\"text-align: center\">alinua@ua.es<\/p>\n<p style=\"text-align: center\"><a href=\"http:\/\/fcsalud.ua.es\/es\/alinua\/\" target=\"_blank\">http:\/\/fcsalud.ua.es\/es\/alinua\/<\/a><\/p>\n<p style=\"text-align: center\">Tel\u00e9fono 965909408. Si llama desde la UA: 9408<\/p>\n<p style=\"text-align: center\">S\u00edguenos en facebook<a href=\"http:\/\/www.facebook.com\/GabineteAlinUA\" target=\"_blank\"> ALINUA<\/a><\/p>\n<p style=\"text-align: justify\">\n","protected":false},"excerpt":{"rendered":"<p>El gabinete Alinua se configura como un gabinete propio de la Universidad de Alicante, adscrito a la Facultad de Ciencias de la Salud, sin \u00e1nimo de lucro. Entre sus fines est\u00e1 contribuir a mejorar el estado nutricional mediante la generaci\u00f3n, &hellip; <a href=\"https:\/\/blogs.ua.es\/alinua\/quines-somos\/\">Continue reading <span class=\"meta-nav\">&rarr;<\/span><\/a><\/p>\n","protected":false},"author":3047,"featured_media":0,"parent":0,"menu_order":5,"comment_status":"open","ping_status":"open","template":"","meta":{"footnotes":""},"class_list":["post-157","page","type-page","status-publish","hentry"],"_links":{"self":[{"href":"https:\/\/blogs.ua.es\/alinua\/wp-json\/wp\/v2\/pages\/157","targetHints":{"allow":["GET"]}}],"collection":[{"href":"https:\/\/blogs.ua.es\/alinua\/wp-json\/wp\/v2\/pages"}],"about":[{"href":"https:\/\/blogs.ua.es\/alinua\/wp-json\/wp\/v2\/types\/page"}],"author":[{"embeddable":true,"href":"https:\/\/blogs.ua.es\/alinua\/wp-json\/wp\/v2\/users\/3047"}],"replies":[{"embeddable":true,"href":"https:\/\/blogs.ua.es\/alinua\/wp-json\/wp\/v2\/comments?post=157"}],"version-history":[{"count":5,"href":"https:\/\/blogs.ua.es\/alinua\/wp-json\/wp\/v2\/pages\/157\/revisions"}],"predecessor-version":[{"id":199,"href":"https:\/\/blogs.ua.es\/alinua\/wp-json\/wp\/v2\/pages\/157\/revisions\/199"}],"wp:attachment":[{"href":"https:\/\/blogs.ua.es\/alinua\/wp-json\/wp\/v2\/media?parent=157"}],"curies":[{"name":"wp","href":"https:\/\/api.w.org\/{rel}","templated":true}]}}