{"id":162,"date":"2013-04-14T08:35:57","date_gmt":"2013-04-14T08:35:57","guid":{"rendered":"https:\/\/blogs.ua.es\/alinua\/?page_id=162"},"modified":"2014-06-27T08:22:15","modified_gmt":"2014-06-27T08:22:15","slug":"articulos-publicados-de-alinua","status":"publish","type":"page","link":"https:\/\/blogs.ua.es\/alinua\/investigacion\/articulos-publicados-de-alinua\/","title":{"rendered":"Art\u00edculos publicados de ALINUA"},"content":{"rendered":"<h3><strong>\u00a0<a title=\"Permalink to \u00bfSiguen patrones de dieta mediterr\u00e1nea los universitarios espa\u00f1oles?\" href=\"https:\/\/blogs.ua.es\/alinua\/2013\/04\/14\/siguen-patrones-de-dieta-mediterranea-los-universitarios-espanoles\/\" rel=\"bookmark\">\u00bfSiguen patrones de dieta mediterr\u00e1nea los universitarios espa\u00f1oles?<\/a><\/strong><\/h3>\n<header>\n<div style=\"text-align: justify\">\u00a0Los estudiantes de la Universidad de Alicante no se alimentan de forma saludable ni siguen la dieta mediterr\u00e1nea; al contrario, es casi su inversa: se basa en embutidos, carnes rojas y dulces, mientras las hortalizas s\u00f3lo las consumen una cuantas veces al mes y las frutas, algunas por semana. En el siguiente link podr\u00e1n leer el articulo completo:\u00a0<a href=\"http:\/\/web.ua.es\/es\/actualidad-universitaria\/documentos\/febrero2013\/estudio-nutricion.pdf\">\u00bfSiguen patrones de dieta mediterr\u00e1nea los universitarios espa\u00f1oles?\u00a0<\/a><\/div>\n<\/header>\n<div>\n<p style=\"text-align: justify\"><img loading=\"lazy\" decoding=\"async\" alt=\"\" src=\"https:\/\/blogs.ua.es\/alinua\/files\/2013\/04\/Pir%C3%A1mide-invertida-300x114.png\" width=\"300\" height=\"114\" \/><\/p>\n<div style=\"text-align: justify\"><\/div>\n<div style=\"text-align: justify\">\n<header>\n<h2><span style=\"text-decoration: underline;color: #3366ff\">Estado nutricional y nivel de actividad f\u00edsica seg\u00fan percepci\u00f3n de los estudiantes de la Universidad de Alicante<\/span><\/h2>\n<div>Seg\u00fan las conclusiones de este\u00a0<a title=\"Estado nutricional y nivel de actividad f\u00edsica\" href=\"http:\/\/fcsalud.ua.es\/es\/alinua\/documentos\/investigacion\/articulo-nutricion-y-activida-fisica.pdf\" target=\"_blank\">estudio,<\/a>\u00a0los universitarios tienden a subestimar su peso y a percibirse menos sedentarias(os) de lo\u00a0que en realidad son, lo que sugiere desequilibrios de auto-percepci\u00f3n de imagen corporal y actividad-f\u00edsica,\u00a0elementos esenciales para planificar programas de intervenciones en promoci\u00f3n y educaci\u00f3n para la salud.<\/div>\n<\/header>\n<\/div>\n<div style=\"text-align: justify\"><\/div>\n<div style=\"text-align: justify\"><\/div>\n<div style=\"text-align: justify\"><\/div>\n<\/div>\n","protected":false},"excerpt":{"rendered":"<p>\u00a0\u00bfSiguen patrones de dieta mediterr\u00e1nea los universitarios espa\u00f1oles? \u00a0Los estudiantes de la Universidad de Alicante no se alimentan de forma saludable ni siguen la dieta mediterr\u00e1nea; al contrario, es casi su inversa: se basa en embutidos, carnes rojas y dulces, &hellip; <a href=\"https:\/\/blogs.ua.es\/alinua\/investigacion\/articulos-publicados-de-alinua\/\">Continue reading <span class=\"meta-nav\">&rarr;<\/span><\/a><\/p>\n","protected":false},"author":3047,"featured_media":0,"parent":77,"menu_order":1,"comment_status":"open","ping_status":"open","template":"","meta":{"footnotes":""},"class_list":["post-162","page","type-page","status-publish","hentry"],"_links":{"self":[{"href":"https:\/\/blogs.ua.es\/alinua\/wp-json\/wp\/v2\/pages\/162","targetHints":{"allow":["GET"]}}],"collection":[{"href":"https:\/\/blogs.ua.es\/alinua\/wp-json\/wp\/v2\/pages"}],"about":[{"href":"https:\/\/blogs.ua.es\/alinua\/wp-json\/wp\/v2\/types\/page"}],"author":[{"embeddable":true,"href":"https:\/\/blogs.ua.es\/alinua\/wp-json\/wp\/v2\/users\/3047"}],"replies":[{"embeddable":true,"href":"https:\/\/blogs.ua.es\/alinua\/wp-json\/wp\/v2\/comments?post=162"}],"version-history":[{"count":6,"href":"https:\/\/blogs.ua.es\/alinua\/wp-json\/wp\/v2\/pages\/162\/revisions"}],"predecessor-version":[{"id":508,"href":"https:\/\/blogs.ua.es\/alinua\/wp-json\/wp\/v2\/pages\/162\/revisions\/508"}],"up":[{"embeddable":true,"href":"https:\/\/blogs.ua.es\/alinua\/wp-json\/wp\/v2\/pages\/77"}],"wp:attachment":[{"href":"https:\/\/blogs.ua.es\/alinua\/wp-json\/wp\/v2\/media?parent=162"}],"curies":[{"name":"wp","href":"https:\/\/api.w.org\/{rel}","templated":true}]}}