{"id":79,"date":"2013-04-13T11:14:28","date_gmt":"2013-04-13T11:14:28","guid":{"rendered":"https:\/\/blogs.ua.es\/alinua\/?page_id=79"},"modified":"2013-05-29T07:27:12","modified_gmt":"2013-05-29T07:27:12","slug":"consejos-nutricionales","status":"publish","type":"page","link":"https:\/\/blogs.ua.es\/alinua\/consejos-nutricionales\/","title":{"rendered":"Consejos nutricionales"},"content":{"rendered":"<p>&nbsp;<\/p>\n<p><strong>LOS 10 ALIMENTOS ESTRELLA<\/strong><\/p>\n<p>Dada la importancia que tiene la alimentaci\u00f3n en nuestra salud, debemos tener una alimentaci\u00f3n sana, equilibrada y variada. Una buena recomendaci\u00f3n para conseguirlos y incluir en nuestra dieta diaria los 10 alimentos estrella!!<a href=\"https:\/\/blogs.ua.es\/alinua\/files\/2013\/04\/Alimentos-top-10.2.jpg\"><img loading=\"lazy\" decoding=\"async\" class=\"aligncenter size-medium wp-image-297\" src=\"https:\/\/blogs.ua.es\/alinua\/files\/2013\/04\/Alimentos-top-10.2-211x300.jpg\" alt=\"\" width=\"211\" height=\"300\" srcset=\"https:\/\/blogs.ua.es\/alinua\/files\/2013\/04\/Alimentos-top-10.2-211x300.jpg 211w, https:\/\/blogs.ua.es\/alinua\/files\/2013\/04\/Alimentos-top-10.2-723x1024.jpg 723w, https:\/\/blogs.ua.es\/alinua\/files\/2013\/04\/Alimentos-top-10.2.jpg 1239w\" sizes=\"auto, (max-width: 211px) 100vw, 211px\" \/><\/a><\/p>\n<p>&nbsp;<\/p>\n<p>&nbsp;<\/p>\n<p>&nbsp;<\/p>\n<p>&nbsp;<\/p>\n<p><strong>LOS 10 ALIMENTOS ESTRELLA<\/strong><\/p>\n<p>Dada la importancia que tiene la alimentaci\u00f3n en nuestra salud, debemos tener una alimentaci\u00f3n sana, equilibrada y variada. Una buena recomendaci\u00f3n para conseguirlos y incluir en nuestra dieta diaria los 10 alimentos estrella!!<\/p>\n<p>&nbsp;<\/p>\n<p><a href=\"https:\/\/blogs.ua.es\/alinua\/files\/2013\/04\/LOS-ALIMENTOS-TOP-10.jpg\"><img loading=\"lazy\" decoding=\"async\" class=\"aligncenter size-medium wp-image-274\" src=\"https:\/\/blogs.ua.es\/alinua\/files\/2013\/04\/LOS-ALIMENTOS-TOP-10-211x300.jpg\" alt=\"\" width=\"211\" height=\"300\" srcset=\"https:\/\/blogs.ua.es\/alinua\/files\/2013\/04\/LOS-ALIMENTOS-TOP-10-211x300.jpg 211w, https:\/\/blogs.ua.es\/alinua\/files\/2013\/04\/LOS-ALIMENTOS-TOP-10-723x1024.jpg 723w, https:\/\/blogs.ua.es\/alinua\/files\/2013\/04\/LOS-ALIMENTOS-TOP-10.jpg 1239w\" sizes=\"auto, (max-width: 211px) 100vw, 211px\" \/><\/a><\/p>\n<p>&nbsp;<\/p>\n<p>&nbsp;<\/p>\n<p>&nbsp;<\/p>\n<p>El carro de la compra &#8220;mas saludable&#8221;: Comprar con planificaci\u00f3n los alimentos m\u00e1s bajos en sal, libres de grasas poco recomedables, de temporada e integrales garantiza una compra saludable y econ\u00f3mica.<a href=\"https:\/\/blogs.ua.es\/alinua\/files\/2013\/04\/El-carro-saludable.jpg\"><img loading=\"lazy\" decoding=\"async\" class=\"alignnone size-full wp-image-223\" src=\"https:\/\/blogs.ua.es\/alinua\/files\/2013\/04\/El-carro-saludable.jpg\" alt=\"\" width=\"2048\" height=\"1365\" srcset=\"https:\/\/blogs.ua.es\/alinua\/files\/2013\/04\/El-carro-saludable.jpg 2048w, https:\/\/blogs.ua.es\/alinua\/files\/2013\/04\/El-carro-saludable-300x199.jpg 300w, https:\/\/blogs.ua.es\/alinua\/files\/2013\/04\/El-carro-saludable-1024x682.jpg 1024w, https:\/\/blogs.ua.es\/alinua\/files\/2013\/04\/El-carro-saludable-450x300.jpg 450w\" sizes=\"auto, (max-width: 2048px) 100vw, 2048px\" \/><\/a><\/p>\n","protected":false},"excerpt":{"rendered":"<p>&nbsp; LOS 10 ALIMENTOS ESTRELLA Dada la importancia que tiene la alimentaci\u00f3n en nuestra salud, debemos tener una alimentaci\u00f3n sana, equilibrada y variada. Una buena recomendaci\u00f3n para conseguirlos y incluir en nuestra dieta diaria los 10 alimentos estrella!! &nbsp; &nbsp; &hellip; <a href=\"https:\/\/blogs.ua.es\/alinua\/consejos-nutricionales\/\">Continue reading <span class=\"meta-nav\">&rarr;<\/span><\/a><\/p>\n","protected":false},"author":3047,"featured_media":0,"parent":0,"menu_order":2,"comment_status":"open","ping_status":"open","template":"","meta":{"footnotes":""},"class_list":["post-79","page","type-page","status-publish","hentry"],"_links":{"self":[{"href":"https:\/\/blogs.ua.es\/alinua\/wp-json\/wp\/v2\/pages\/79","targetHints":{"allow":["GET"]}}],"collection":[{"href":"https:\/\/blogs.ua.es\/alinua\/wp-json\/wp\/v2\/pages"}],"about":[{"href":"https:\/\/blogs.ua.es\/alinua\/wp-json\/wp\/v2\/types\/page"}],"author":[{"embeddable":true,"href":"https:\/\/blogs.ua.es\/alinua\/wp-json\/wp\/v2\/users\/3047"}],"replies":[{"embeddable":true,"href":"https:\/\/blogs.ua.es\/alinua\/wp-json\/wp\/v2\/comments?post=79"}],"version-history":[{"count":9,"href":"https:\/\/blogs.ua.es\/alinua\/wp-json\/wp\/v2\/pages\/79\/revisions"}],"predecessor-version":[{"id":298,"href":"https:\/\/blogs.ua.es\/alinua\/wp-json\/wp\/v2\/pages\/79\/revisions\/298"}],"wp:attachment":[{"href":"https:\/\/blogs.ua.es\/alinua\/wp-json\/wp\/v2\/media?parent=79"}],"curies":[{"name":"wp","href":"https:\/\/api.w.org\/{rel}","templated":true}]}}