{"id":52,"date":"2011-12-21T18:29:38","date_gmt":"2011-12-21T18:29:38","guid":{"rendered":"https:\/\/blogs.ua.es\/amigospais\/?page_id=52"},"modified":"2012-01-11T11:02:06","modified_gmt":"2012-01-11T11:02:06","slug":"metodologia","status":"publish","type":"page","link":"https:\/\/blogs.ua.es\/amigospais\/metodologia\/","title":{"rendered":"Metodolog\u00eda"},"content":{"rendered":"<div>\n<p style=\"text-align: justify\">Bienvenidos, si quer\u00e9is saber como hemos conseguido tanta informaci\u00f3n para realizar nuestro blog continuad leyendo, ya que os vamos a explicar punto por punto los pasos a seguir para realizar una correcta investigaci\u00f3n y cu\u00e1l ha sido nuestra metodolog\u00eda de trabajo.<\/p>\n<p style=\"text-align: justify\">Lo primero de todo fu\u00e9 elegir el <strong>tema<\/strong> sobre el que vamos a investigar, sin \u00e9l no sabr\u00edamos que hacer ni de que hablar, por lo tanto, \u201cnuestra\u201d elecci\u00f3n fue las Sociedades Econ\u00f3micas de Amigos del Pa\u00eds. Con el tema ya seleccionado, nuestro trabajo comienza a tomar forma y ahora sabemos que camino debemos tomar para comenzar la investigaci\u00f3n. La primera piedra est\u00e1 colocada.<\/p>\n<p style=\"text-align: justify\">Con el tema encima de la mesa pod\u00edamos empezar a trabajar, pero no a ciegas. Decidimos en una reuni\u00f3n, tras debatir y discutir coherentemente, nuestra metodolog\u00eda de trabajo. Adem\u00e1s <strong>definimos un plan y unas pautas conjuntas, repartimos las tareas y acordamos realizar el trabajo en un tiempo definido<\/strong>. Ambos discutimos sobre cu\u00e1les ser\u00edan las mejores opciones para comenzar a buscar informaci\u00f3n: Internet y la Biblioteca de la Universidad de Alicante fueron las escogidas.<\/p>\n<p style=\"text-align: justify\">Tras acordar la metodolog\u00eda, comenz\u00f3<strong> la labor de recopilaci\u00f3n de datos<\/strong> en los buscadores de Internet y en\u00a0los cat\u00e1logos bibliogr\u00e1ficos. En la red encontramos multitud de documentos, libros, revistas, art\u00edculos y material audiovisual sobre las Sociedades Econ\u00f3micas de Amigos del Pa\u00eds.<\/p>\n<p style=\"text-align: justify\">Una vez recopilados todos los recursos y obras bibliogr\u00e1ficas, nos pusimos en contacto para <strong>seleccionar<\/strong> los que, a nuestro juicio, eran los m\u00e1s relevantes e interesantes de ellos. Tras la selecci\u00f3n, solo tuvimos que <strong>referenciar las obras<\/strong>, siguiendo la norma ISO 690-2010 meticulosamente en nuestro Blog y redactar nuestra explicaci\u00f3n del tema utilizando como base argumental los referentes que hab\u00edamos escogido.<\/p>\n<p style=\"text-align: justify\">El resultado de la investigaci\u00f3n pod\u00e9is descubrirlo en este <a title=\"Explicaci\u00f3n del tema\" href=\"https:\/\/blogs.ua.es\/amigospais\/explicacion-del-tema\/\">enlace <\/a>y tambi\u00e9n en las <a href=\"https:\/\/blogs.ua.es\/amigospais\/\">referencias bibliogr\u00e1ficas<\/a>.<\/p>\n<p style=\"text-align: justify\">\u00a0<\/p>\n<\/div>\n","protected":false},"excerpt":{"rendered":"<p>Bienvenidos, si quer\u00e9is saber como hemos conseguido tanta informaci\u00f3n para realizar nuestro blog continuad leyendo, ya que os vamos a explicar punto por punto los pasos a seguir para realizar una correcta investigaci\u00f3n y cu\u00e1l ha sido nuestra metodolog\u00eda de trabajo. Lo primero de todo fu\u00e9 elegir el tema sobre el que vamos a investigar, [&hellip;]<\/p>\n","protected":false},"author":2501,"featured_media":0,"parent":0,"menu_order":0,"comment_status":"open","ping_status":"open","template":"","meta":{"footnotes":""},"class_list":["post-52","page","type-page","status-publish","hentry"],"_links":{"self":[{"href":"https:\/\/blogs.ua.es\/amigospais\/wp-json\/wp\/v2\/pages\/52","targetHints":{"allow":["GET"]}}],"collection":[{"href":"https:\/\/blogs.ua.es\/amigospais\/wp-json\/wp\/v2\/pages"}],"about":[{"href":"https:\/\/blogs.ua.es\/amigospais\/wp-json\/wp\/v2\/types\/page"}],"author":[{"embeddable":true,"href":"https:\/\/blogs.ua.es\/amigospais\/wp-json\/wp\/v2\/users\/2501"}],"replies":[{"embeddable":true,"href":"https:\/\/blogs.ua.es\/amigospais\/wp-json\/wp\/v2\/comments?post=52"}],"version-history":[{"count":15,"href":"https:\/\/blogs.ua.es\/amigospais\/wp-json\/wp\/v2\/pages\/52\/revisions"}],"predecessor-version":[{"id":102,"href":"https:\/\/blogs.ua.es\/amigospais\/wp-json\/wp\/v2\/pages\/52\/revisions\/102"}],"wp:attachment":[{"href":"https:\/\/blogs.ua.es\/amigospais\/wp-json\/wp\/v2\/media?parent=52"}],"curies":[{"name":"wp","href":"https:\/\/api.w.org\/{rel}","templated":true}]}}