{"id":59,"date":"2011-12-21T18:30:44","date_gmt":"2011-12-21T18:30:44","guid":{"rendered":"https:\/\/blogs.ua.es\/amigospais\/?page_id=59"},"modified":"2012-01-11T11:39:27","modified_gmt":"2012-01-11T11:39:27","slug":"explicacion-del-tema","status":"publish","type":"page","link":"https:\/\/blogs.ua.es\/amigospais\/explicacion-del-tema\/","title":{"rendered":"Explicaci\u00f3n del tema"},"content":{"rendered":"<div>\n<h1 style=\"text-align: justify\">Las Sociedades Econ\u00f3micas de Amigos del Pa\u00eds. Un resultado de la Ilustraci\u00f3n.<\/h1>\n<div>\n<p style=\"text-align: justify\">La <strong>Ilustraci\u00f3n<\/strong> es el movimiento cultural que se desarrolla en Europa, especialmente en Francia, Inglaterra y Alemania, durante el siglo XVIII, tambi\u00e9n llamado <em>Siglo de las Luces <\/em>en Espa\u00f1a<em>. <\/em><\/p>\n<\/div>\n<\/div>\n<p style=\"text-align: justify\">El <strong>Racionalismo<\/strong>, que implica la revisi\u00f3n de las ideas tradicionales, inicia en gran medida el pensamiento moderno. Se abren paso la raz\u00f3n, el pensamiento cr\u00edtico o la b\u00fasqueda de la verdad cient\u00edfica.<\/p>\n<p style=\"text-align: justify\">La <strong>Educaci\u00f3n<\/strong> ha de contribuir a liberar a la gente de la ignorancia y de la superstici\u00f3n. Se considera esencial para llevar a cabo las reformas y para que el ser humano pueda alcanzar la felicidad.<\/p>\n<p style=\"text-align: justify\">La cultura ilustrada es, sobre todo, una <strong>cultura escrita<\/strong>: libros, enciclopedias, revistas culturales, peri\u00f3dicos, folletos, adquirir\u00e1n un papel decisivo como <strong>&#8220;veh\u00edculos de las luces&#8221;<\/strong>. En este sentido, la obra m\u00e1s relevante del siglo es la Enciclopedia Francesa.<\/p>\n<p style=\"text-align: justify\">Los nuevos planteamientos hacen que nazcan <strong>nuevos valores<\/strong> sociales, econ\u00f3micos, pol\u00edticos o culturales que repercutir\u00e1n tambi\u00e9n en el siglo siguiente.<\/p>\n<p style=\"text-align: justify\">De acuerdo con <strong>el<\/strong> <strong>fil\u00f3sofo alem\u00e1n Inmanuel\u00a0Kant<\/strong> (1724-1804), la Ilustraci\u00f3n persigue liberar al hombre para que pueda usar su inteligencia y su raz\u00f3n por s\u00ed mismo, sin la gu\u00eda de otros. El lema kantiano ser\u00e1 &#8220;sapere aude&#8221; (&#8220;atr\u00e9vete a saber&#8221;).<\/p>\n<p style=\"text-align: justify\">El <strong>desarrollo de las ciencias<\/strong> contribuy\u00f3 al desarrollo de la t\u00e9cnica y al crecimiento industrial. El avance cient\u00edfico se logra en buena parte gracias al nacimiento de academias y sociedades, donde destacan personalidades como: Linneo, en bot\u00e1nica, Hutton, en geolog\u00eda; Lavoisier, en f\u00edsica y qu\u00edmica, etc. Fue tambi\u00e9n una \u00e9poca de gran preocupaci\u00f3n por la mejora de los oficios manuales, t\u00e9cnicos y mec\u00e1nicos.<\/p>\n<p style=\"text-align: justify\"><strong>La Sociedades Econ\u00f3micas de Amigos del Pa\u00eds (SEAP). <\/strong>La primera se cre\u00f3 por iniciativa de un grupo de particulares, los Caballeritos de Azcoitia, a los que les gustaba reunirse para intercambiar ideas sobre historia, geograf\u00eda, matem\u00e1ticas, f\u00edsica y discut\u00edan sobre los problemas actuales del pa\u00eds adem\u00e1s de escuchar m\u00fasica. La personalidad m\u00e1s destacada es <strong>el conde de Pe\u00f1aflorida<\/strong>, escritor de <em>Los aldeanos cr\u00edticos<\/em> en 1758 sobre ciencia moderna. M\u00e1s tarde fund\u00f3 con Miguel de Altuna y el marqu\u00e9s de Narros la Sociedad Bascongada de Amigos del Pa\u00eds que ten\u00eda como objetivos: fomentar la agricultura, la industria, el comercio, las ciencias, las artes y la cultura en general.<\/p>\n<p style=\"text-align: justify\">No s\u00f3lo Pe\u00f1aflorida\u00a0hizo una innovaci\u00f3n en la \u00e9poca ilustrada, sino que Pedro Rodr\u00edguez de\u00a0\u00a0<strong>Campomanes, <\/strong>entre muchas otras personalidades<strong>, <\/strong>\u00a0tambi\u00e9n seguir\u00e1 esta v\u00eda de progreso hacia una sociedad mejor.<\/p>\n<p style=\"text-align: justify\">Dichas sociedades, invento europeo, alcanzaron un enorme prestigio teniendo privilegios tanto por parte del gobierno de Carlos III, como del pueblo llano \u00a0al que hicieron mucho bien. Se extendieron por las colonias espa\u00f1olas, existiendo muchas hoy d\u00eda como en el caso de Cuba y fomentando la cultura occidental por el bien del Imperio (\u00e9ste era el pensamiento espa\u00f1ol en el siglo XVIII).<\/p>\n<p style=\"text-align: justify\">Llegado el absolutismo de Fernando VII en el siglo XIX, las Sociedades Econ\u00f3micas de Amigos del Pa\u00eds tuvieron serias dificultades a la hora de intentar renovar sus actividades para la mejora del progreso en sus distintas vertientes. Serios conflictos con el Consejo de Castilla en 1788 \u00a0impidieron sus mejoras, ya que expresaban sus quejas y pretensiones , proponiendo una serie de reformas para darle un nuevo impulso a las SEAPs. El sistema ideado en un principio por Campomanes era imperfecto, por este motivo intentaban innovaciones pero dicho consejo arruin\u00f3 sus aspiraciones hasta tal punto que redujo el campo de sus actividades.<\/p>\n<p style=\"text-align: justify\">A parte de la SEAP de la Habana (Cuba), otras sociedades siguen existiendo. En Espa\u00f1a hay una gran lista de ellas que estaban en el olvido y que personalidades como Jorge Demerson, Paula de Demerson \u00a0y otros colaboradores suyos sacaron a la luz en 1974 despu\u00e9s de una larga y laboriosa investigaci\u00f3n sin la cu\u00e1l hoy d\u00eda no tendr\u00edamos la oportunidad de conocer.<\/p>\n","protected":false},"excerpt":{"rendered":"<p>Las Sociedades Econ\u00f3micas de Amigos del Pa\u00eds. Un resultado de la Ilustraci\u00f3n. La Ilustraci\u00f3n es el movimiento cultural que se desarrolla en Europa, especialmente en Francia, Inglaterra y Alemania, durante el siglo XVIII, tambi\u00e9n llamado Siglo de las Luces en Espa\u00f1a. El Racionalismo, que implica la revisi\u00f3n de las ideas tradicionales, inicia en gran medida [&hellip;]<\/p>\n","protected":false},"author":2501,"featured_media":0,"parent":0,"menu_order":0,"comment_status":"open","ping_status":"open","template":"","meta":{"footnotes":""},"class_list":["post-59","page","type-page","status-publish","hentry"],"_links":{"self":[{"href":"https:\/\/blogs.ua.es\/amigospais\/wp-json\/wp\/v2\/pages\/59","targetHints":{"allow":["GET"]}}],"collection":[{"href":"https:\/\/blogs.ua.es\/amigospais\/wp-json\/wp\/v2\/pages"}],"about":[{"href":"https:\/\/blogs.ua.es\/amigospais\/wp-json\/wp\/v2\/types\/page"}],"author":[{"embeddable":true,"href":"https:\/\/blogs.ua.es\/amigospais\/wp-json\/wp\/v2\/users\/2501"}],"replies":[{"embeddable":true,"href":"https:\/\/blogs.ua.es\/amigospais\/wp-json\/wp\/v2\/comments?post=59"}],"version-history":[{"count":7,"href":"https:\/\/blogs.ua.es\/amigospais\/wp-json\/wp\/v2\/pages\/59\/revisions"}],"predecessor-version":[{"id":341,"href":"https:\/\/blogs.ua.es\/amigospais\/wp-json\/wp\/v2\/pages\/59\/revisions\/341"}],"wp:attachment":[{"href":"https:\/\/blogs.ua.es\/amigospais\/wp-json\/wp\/v2\/media?parent=59"}],"curies":[{"name":"wp","href":"https:\/\/api.w.org\/{rel}","templated":true}]}}