{"id":61,"date":"2011-12-21T18:30:55","date_gmt":"2011-12-21T18:30:55","guid":{"rendered":"https:\/\/blogs.ua.es\/amigospais\/?page_id=61"},"modified":"2012-01-11T11:04:54","modified_gmt":"2012-01-11T11:04:54","slug":"presentacion-del-blog","status":"publish","type":"page","link":"https:\/\/blogs.ua.es\/amigospais\/presentacion-del-blog\/","title":{"rendered":"Presentaci\u00f3n del blog"},"content":{"rendered":"<div>\n<p style=\"text-align: justify\"><a href=\"mailto:\u00a1Bienvenid@s\">\u00a1Bienvenid@s<\/a> al blog sobre <em>las Sociedades Econ\u00f3micas de Amigos del Pa\u00eds<\/em>!<\/p>\n<div>\n<p style=\"text-align: justify\">Queremos agradecerte que\u00a0te hayas interesado por saber quienes somos, ya que hemos realizado este blog con mucho cari\u00f1o y con mucha paciencia, para que los interesados en nuestro tema, como t\u00fa,\u00a0puedan disponer de m\u00e1s informaci\u00f3n y consultar obras que quiz\u00e1s a\u00fan no conozcan sobre estas interesantes sociedades.<\/p>\n<p style=\"text-align: justify\">Somos Gloria L\u00f3pez de los Santos\u00a0y Claudio Cremades Prieto,\u00a0alumnos de la Universidad de Alicante, estudiantes del grado en Historia y futuros historiadores famosos sin l\u00e1tigo ;). Este blog ha sido\u00a0creado\u00a0 para la asignatura de Fuentes y Documentos para la Historia, impartida la parte que compete a la creaci\u00f3n del blog por el profesor Antonio Couto, en la segunda mitad de\u00a0la asignatura. La meta de dicho trabajo es\u00a0 aplicar todos los conocimientos obtenidos durante el curso, adem\u00e1s de dar a conocer estas sociedades\u00a0a todo el p\u00fablico.\u00a0El mundo\u00a0del presente es el resultado del mundo del \u00a0pasado.<\/p>\n<p style=\"text-align: justify\">En nuestro blog dispon\u00e9is de varias p\u00e1ginas en las que pod\u00e9is consultar nuestra investigaci\u00f3n, obtener referencias bibliogr\u00e1ficas, conocernos y saber que metodolog\u00eda hemos seguido para la confecci\u00f3n del blog.<\/p>\n<p style=\"text-align: justify\">Muchas gracias por tu visita y recuerda, si tienes alguna duda o quieres criticarnos o elogiarnos puedes dejarnos un comentario, estaremos encantados de responderte.<\/p>\n<\/div>\n<\/div>\n<p>&nbsp;<\/p>\n","protected":false},"excerpt":{"rendered":"<p>\u00a1Bienvenid@s al blog sobre las Sociedades Econ\u00f3micas de Amigos del Pa\u00eds! Queremos agradecerte que\u00a0te hayas interesado por saber quienes somos, ya que hemos realizado este blog con mucho cari\u00f1o y con mucha paciencia, para que los interesados en nuestro tema, como t\u00fa,\u00a0puedan disponer de m\u00e1s informaci\u00f3n y consultar obras que quiz\u00e1s a\u00fan no conozcan sobre [&hellip;]<\/p>\n","protected":false},"author":2501,"featured_media":0,"parent":0,"menu_order":0,"comment_status":"open","ping_status":"closed","template":"","meta":{"footnotes":""},"class_list":["post-61","page","type-page","status-publish","hentry"],"_links":{"self":[{"href":"https:\/\/blogs.ua.es\/amigospais\/wp-json\/wp\/v2\/pages\/61","targetHints":{"allow":["GET"]}}],"collection":[{"href":"https:\/\/blogs.ua.es\/amigospais\/wp-json\/wp\/v2\/pages"}],"about":[{"href":"https:\/\/blogs.ua.es\/amigospais\/wp-json\/wp\/v2\/types\/page"}],"author":[{"embeddable":true,"href":"https:\/\/blogs.ua.es\/amigospais\/wp-json\/wp\/v2\/users\/2501"}],"replies":[{"embeddable":true,"href":"https:\/\/blogs.ua.es\/amigospais\/wp-json\/wp\/v2\/comments?post=61"}],"version-history":[{"count":16,"href":"https:\/\/blogs.ua.es\/amigospais\/wp-json\/wp\/v2\/pages\/61\/revisions"}],"predecessor-version":[{"id":104,"href":"https:\/\/blogs.ua.es\/amigospais\/wp-json\/wp\/v2\/pages\/61\/revisions\/104"}],"wp:attachment":[{"href":"https:\/\/blogs.ua.es\/amigospais\/wp-json\/wp\/v2\/media?parent=61"}],"curies":[{"name":"wp","href":"https:\/\/api.w.org\/{rel}","templated":true}]}}