{"id":118,"date":"2020-12-20T20:26:57","date_gmt":"2020-12-20T20:26:57","guid":{"rendered":"https:\/\/blogs.ua.es\/analisisinfo11s\/?page_id=118"},"modified":"2020-12-21T17:29:13","modified_gmt":"2020-12-21T17:29:13","slug":"contexto-historico","status":"publish","type":"page","link":"https:\/\/blogs.ua.es\/analisisinfo11s\/contexto-historico\/","title":{"rendered":"Contexto Hist\u00f3rico"},"content":{"rendered":"<p>&nbsp;<\/p>\n<div id=\"attachment_167\" style=\"width: 534px\" class=\"wp-caption aligncenter\"><img loading=\"lazy\" decoding=\"async\" aria-describedby=\"caption-attachment-167\" class=\"wp-image-167\" src=\"https:\/\/blogs.ua.es\/analisisinfo11s\/files\/2020\/12\/construccion-torres-gemelas-HOLA--850x478.jpg\" alt=\"\" width=\"524\" height=\"295\" srcset=\"https:\/\/blogs.ua.es\/analisisinfo11s\/files\/2020\/12\/construccion-torres-gemelas-HOLA--850x478.jpg 850w, https:\/\/blogs.ua.es\/analisisinfo11s\/files\/2020\/12\/construccion-torres-gemelas-HOLA--1200x675.jpg 1200w, https:\/\/blogs.ua.es\/analisisinfo11s\/files\/2020\/12\/construccion-torres-gemelas-HOLA--250x141.jpg 250w\" sizes=\"auto, (max-width: 524px) 100vw, 524px\" \/><p id=\"caption-attachment-167\" class=\"wp-caption-text\">Construcci\u00f3n de las torres gemelas<\/p><\/div>\n<p style=\"text-align: justify\">Las torres gemelas fueron inauguradas el 4 de abril de 1973, en un d\u00eda normal, pod\u00edan albergar m\u00e1s de 200.000 personas. El complejo era tan grande que ten\u00eda su propio n\u00famero Zip (10048) y se convirtieron en un icono de New York a la par con el Empire State o el edificio Chrysler. Las torres hab\u00edan sobrevivido ya a un incendio en el 1975, y un atentado bomba en el 1993; pero sobrevivieron hasta el atentado del 11-S en 2001, cuando dos aviones (vuelo 11 de American Airlines y el vuelo 175 de United Airlines ) fueron secuestrados y estrellados de forma sucesiva contra las torres, provocando la explosi\u00f3n y derrumbe de estas, junto a la destrucci\u00f3n de varios complejos y edificios cercanos.<\/p>\n<div id=\"attachment_172\" style=\"width: 490px\" class=\"wp-caption aligncenter\"><img loading=\"lazy\" decoding=\"async\" aria-describedby=\"caption-attachment-172\" class=\"wp-image-172 \" src=\"https:\/\/blogs.ua.es\/analisisinfo11s\/files\/2020\/12\/5d78ea3d59dbf-850x478.jpg\" alt=\"\" width=\"480\" height=\"270\" srcset=\"https:\/\/blogs.ua.es\/analisisinfo11s\/files\/2020\/12\/5d78ea3d59dbf-850x478.jpg 850w, https:\/\/blogs.ua.es\/analisisinfo11s\/files\/2020\/12\/5d78ea3d59dbf-250x141.jpg 250w\" sizes=\"auto, (max-width: 480px) 100vw, 480px\" \/><p id=\"caption-attachment-172\" class=\"wp-caption-text\">Ca\u00edda de las torres el 11-S<\/p><\/div>\n<p style=\"text-align: justify\">Tras a\u00f1os de retrasos, en marzo de 2006 empez\u00f3 la reconstrucci\u00f3n del World Trade Center. El nuevo complejo incluye al One World Trade Center, 3 World Trade Center, 4 World Trade Center, 7 World Trade Center y otro rascacielos de oficinas, el 2 World Trade Center, cuyas obras est\u00e1n paradas. El nuevo World Trade Center, tambi\u00e9n incluye un museo memorial, y un centro de transporte de tama\u00f1o similar a la Grand Central Terminal.<\/p>\n<div id=\"attachment_173\" style=\"width: 524px\" class=\"wp-caption aligncenter\"><img loading=\"lazy\" decoding=\"async\" aria-describedby=\"caption-attachment-173\" class=\"wp-image-173 \" src=\"https:\/\/blogs.ua.es\/analisisinfo11s\/files\/2020\/12\/12-4-2013_wtc_site_bldgs_004_lores.jpg\" alt=\"\" width=\"514\" height=\"321\" \/><p id=\"caption-attachment-173\" class=\"wp-caption-text\">Proyecto de reurbanizaci\u00f3n del World Trade Center<\/p><\/div>\n<p>&nbsp;<\/p>\n","protected":false},"excerpt":{"rendered":"<p>&nbsp; Las torres gemelas fueron inauguradas el 4 de abril de 1973, en un d\u00eda normal, pod\u00edan albergar m\u00e1s de 200.000 personas. El complejo era tan grande que ten\u00eda su propio n\u00famero Zip (10048) y se convirtieron en un icono &hellip; <a href=\"https:\/\/blogs.ua.es\/analisisinfo11s\/contexto-historico\/\">Continue reading <span class=\"meta-nav\">&rarr;<\/span><\/a><\/p>\n","protected":false},"author":4484,"featured_media":0,"parent":0,"menu_order":0,"comment_status":"closed","ping_status":"closed","template":"","meta":{"footnotes":""},"class_list":["post-118","page","type-page","status-publish","hentry"],"_links":{"self":[{"href":"https:\/\/blogs.ua.es\/analisisinfo11s\/wp-json\/wp\/v2\/pages\/118","targetHints":{"allow":["GET"]}}],"collection":[{"href":"https:\/\/blogs.ua.es\/analisisinfo11s\/wp-json\/wp\/v2\/pages"}],"about":[{"href":"https:\/\/blogs.ua.es\/analisisinfo11s\/wp-json\/wp\/v2\/types\/page"}],"author":[{"embeddable":true,"href":"https:\/\/blogs.ua.es\/analisisinfo11s\/wp-json\/wp\/v2\/users\/4484"}],"replies":[{"embeddable":true,"href":"https:\/\/blogs.ua.es\/analisisinfo11s\/wp-json\/wp\/v2\/comments?post=118"}],"version-history":[{"count":16,"href":"https:\/\/blogs.ua.es\/analisisinfo11s\/wp-json\/wp\/v2\/pages\/118\/revisions"}],"predecessor-version":[{"id":183,"href":"https:\/\/blogs.ua.es\/analisisinfo11s\/wp-json\/wp\/v2\/pages\/118\/revisions\/183"}],"wp:attachment":[{"href":"https:\/\/blogs.ua.es\/analisisinfo11s\/wp-json\/wp\/v2\/media?parent=118"}],"curies":[{"name":"wp","href":"https:\/\/api.w.org\/{rel}","templated":true}]}}