{"id":133,"date":"2020-12-20T20:39:10","date_gmt":"2020-12-20T20:39:10","guid":{"rendered":"https:\/\/blogs.ua.es\/analisisinfo11s\/?page_id=133"},"modified":"2020-12-21T17:01:29","modified_gmt":"2020-12-21T17:01:29","slug":"introduccion-proposito-del-blog","status":"publish","type":"page","link":"https:\/\/blogs.ua.es\/analisisinfo11s\/","title":{"rendered":"Introducci\u00f3n: prop\u00f3sito del blog"},"content":{"rendered":"<p style=\"text-align: justify\">Somos un grupo correspondiente a la asignatura de Metodolog\u00eda II, cursada en la Universidad de Alicante en el Grado de Historia. Los componentes son los siguientes:<\/p>\n<p style=\"text-align: justify\">\n<ul style=\"text-align: justify\">\n<li>\u00a0\u00a0\u00a0\u00a0\u00a0\u00a0\u00a0\u00a0\u00a0 Mar\u00eda Guill\u00e9n C\u00e1novas<\/li>\n<\/ul>\n<ul style=\"text-align: justify\">\n<li>\u00a0 \u00a0 \u00a0 \u00a0 \u00a0 Ana Mart\u00ednez Amoraga<\/li>\n<\/ul>\n<ul style=\"text-align: justify\">\n<li>\u00a0 \u00a0 \u00a0 \u00a0 \u00a0 Omar Garc\u00eda Clavo<\/li>\n<\/ul>\n<ul style=\"text-align: justify\">\n<li>\u00a0 \u00a0 \u00a0 \u00a0 \u00a0 Agust\u00edn Moreno Mart\u00ednez<\/li>\n<\/ul>\n<ul style=\"text-align: justify\">\n<li>\u00a0 \u00a0 \u00a0 \u00a0 \u00a0 Samuel Ricarte Almarcha<\/li>\n<\/ul>\n<ul style=\"text-align: justify\">\n<li>\u00a0 \u00a0 \u00a0 \u00a0 \u00a0 J. Gabriel Villalva Su\u00e1rez<\/li>\n<\/ul>\n<ul style=\"text-align: justify\">\n<li>\u00a0 \u00a0 \u00a0 \u00a0 \u00a0 Tarik Berrakad Lasri<\/li>\n<\/ul>\n<p style=\"text-align: justify\">\n<p style=\"text-align: justify\">En este blog dedicado a la prensa, vamos a tratar el atentado de las Torres Gemelas, pertenecientes al complejo World trade Center, ocurrido\u00a0 el 11 de septiembre de 2001.\u00a0 Analizaremos las diferentes versiones del atentado, utilizando diferentes peri\u00f3dicos para ello. En cuanto a los materiales utilizados,hemos seleccionado cuatro peri\u00f3dicos diferentes. En los peri\u00f3dicos seleccionados, encontramos una gran diferencia solo en los titulares, puesto que los peri\u00f3dicos estadounidenses <i>The New York Times<\/i> y <i>Los Angeles Times<\/i> se centran en que han sido atacados. Mientras que en peri\u00f3dicos espa\u00f1oles como <i>El mundo<\/i> y <i>El Pa\u00eds<\/i>, abarcan las\u00a0 represalias que tomar\u00e1 el presidente Bush ante el atentado y los da\u00f1os reales causados por el mismo.<\/p>\n<p style=\"text-align: justify\">La pretensi\u00f3n del blog consiste en reflejar las distintas versiones sobre un mismo hecho en la prensa y como sirve\u00a0 de fuente hist\u00f3rica, cuando cada uno de sus contenidos ha sido analizado exhaustivamente y teniendo en cuenta los diversos criterios que se debe seguir. Entre la bibliograf\u00eda elegida, hemos utilizado \u201c<i>El peri\u00f3dico: estudios de morfolog\u00eda, metodolog\u00eda y de prensa comparada\u201d <\/i>de Jacques Kayser, con el objetivo de concretar la metodolog\u00eda a seguir y el an\u00e1lisis del contenido de los cuatro peri\u00f3dicos. Por ello, el objetivo que pretendemos cumplir es\u00a0 reflejar que la prensa constituye una base fundamental dentro de las fuentes hist\u00f3ricas, tal y como vamos a reflejar en las cuatro portadas de los peri\u00f3dicos y por tanto, los diferentes puntos de vista de un mismo hecho.<\/p>\n","protected":false},"excerpt":{"rendered":"<p>Somos un grupo correspondiente a la asignatura de Metodolog\u00eda II, cursada en la Universidad de Alicante en el Grado de Historia. Los componentes son los siguientes: \u00a0\u00a0\u00a0\u00a0\u00a0\u00a0\u00a0\u00a0\u00a0 Mar\u00eda Guill\u00e9n C\u00e1novas \u00a0 \u00a0 \u00a0 \u00a0 \u00a0 Ana Mart\u00ednez Amoraga \u00a0 \u00a0 &hellip; <a href=\"https:\/\/blogs.ua.es\/analisisinfo11s\/\">Continue reading <span class=\"meta-nav\">&rarr;<\/span><\/a><\/p>\n","protected":false},"author":4484,"featured_media":0,"parent":0,"menu_order":0,"comment_status":"closed","ping_status":"closed","template":"","meta":{"footnotes":""},"class_list":["post-133","page","type-page","status-publish","hentry"],"_links":{"self":[{"href":"https:\/\/blogs.ua.es\/analisisinfo11s\/wp-json\/wp\/v2\/pages\/133","targetHints":{"allow":["GET"]}}],"collection":[{"href":"https:\/\/blogs.ua.es\/analisisinfo11s\/wp-json\/wp\/v2\/pages"}],"about":[{"href":"https:\/\/blogs.ua.es\/analisisinfo11s\/wp-json\/wp\/v2\/types\/page"}],"author":[{"embeddable":true,"href":"https:\/\/blogs.ua.es\/analisisinfo11s\/wp-json\/wp\/v2\/users\/4484"}],"replies":[{"embeddable":true,"href":"https:\/\/blogs.ua.es\/analisisinfo11s\/wp-json\/wp\/v2\/comments?post=133"}],"version-history":[{"count":6,"href":"https:\/\/blogs.ua.es\/analisisinfo11s\/wp-json\/wp\/v2\/pages\/133\/revisions"}],"predecessor-version":[{"id":165,"href":"https:\/\/blogs.ua.es\/analisisinfo11s\/wp-json\/wp\/v2\/pages\/133\/revisions\/165"}],"wp:attachment":[{"href":"https:\/\/blogs.ua.es\/analisisinfo11s\/wp-json\/wp\/v2\/media?parent=133"}],"curies":[{"name":"wp","href":"https:\/\/api.w.org\/{rel}","templated":true}]}}