{"id":189,"date":"2020-12-21T17:54:29","date_gmt":"2020-12-21T17:54:29","guid":{"rendered":"https:\/\/blogs.ua.es\/analisisinfo11s\/?page_id=189"},"modified":"2020-12-21T20:08:47","modified_gmt":"2020-12-21T20:08:47","slug":"el-pais","status":"publish","type":"page","link":"https:\/\/blogs.ua.es\/analisisinfo11s\/personalidad-del-periodico\/el-pais\/","title":{"rendered":"El Pa\u00eds"},"content":{"rendered":"<p>&nbsp;<\/p>\n<p><img loading=\"lazy\" decoding=\"async\" class=\"alignleft size-full wp-image-250\" src=\"https:\/\/blogs.ua.es\/analisisinfo11s\/files\/2020\/12\/sede-de-el-pais-en-madrid.jpg\" alt=\"\" width=\"1200\" height=\"675\" srcset=\"https:\/\/blogs.ua.es\/analisisinfo11s\/files\/2020\/12\/sede-de-el-pais-en-madrid.jpg 1200w, https:\/\/blogs.ua.es\/analisisinfo11s\/files\/2020\/12\/sede-de-el-pais-en-madrid-850x478.jpg 850w, https:\/\/blogs.ua.es\/analisisinfo11s\/files\/2020\/12\/sede-de-el-pais-en-madrid-250x141.jpg 250w, https:\/\/blogs.ua.es\/analisisinfo11s\/files\/2020\/12\/sede-de-el-pais-en-madrid-768x432.jpg 768w\" sizes=\"auto, (max-width: 1200px) 100vw, 1200px\" \/><\/p>\n<p>&nbsp;<\/p>\n<p><b>Nombre del peri\u00f3dico<\/b>:<br \/>\nEl Pa\u00eds. Se fund\u00f3 el 4 de mayo de 1976, en plena iniciaci\u00f3n de la transici\u00f3n democr\u00e1tica en Espa\u00f1a, defini\u00e9ndose como un peri\u00f3dico global y un gran defensor de la democracia. Sus fundadores son Jos\u00e9 Ortega Spottorno, Jes\u00fas de Polanco y Juan Luis Cebri\u00e1n.<\/p>\n<p><b>Lugar de residencia de la administraci\u00f3n y la redacci\u00f3n:<br \/>\n<\/b>La sede principal la encontramos en Calle Miguel Yuste (Madrid), pero cuenta con una serie de redacciones en Barcelona M\u00e9xico y S\u00e3o Paulo, con unas corresponsal\u00edas en las ciudades europeas, as\u00ed como tambi\u00e9n en los pa\u00edses latinoamericanos y americanos.<\/p>\n<p><b>Indicadores que pueden acompa\u00f1ar al nombre:<br \/>\n<\/b>Prensa\u00a0 y\u00a0 tambi\u00e9n tuvo otras funciones como la Radio conocida como Radio El Pa\u00eds comenzando la primera emisi\u00f3n en\u00a0 junio de 1983 y su \u00faltima emisi\u00f3n fue el 7 de agosto de 1987.<\/p>\n<p><b>Periodicidad:<\/b><br \/>\nSe trata de un peri\u00f3dico diario matutino\u00a0 y semanal , publicandose\u00a0 de lunes a domingo en la que se actualiza mediante la digitalizaci\u00f3n \u00a0y con una aceptaci\u00f3n en el p\u00fablico rozando <b>\u00a0<\/b>casi los 20.000 de usuarios y con una \u00a0 su globalizaci\u00f3n podemos observar que el peri\u00f3dico El Pa\u00eds, se encuentra en internet desde 1996, teniendo una web anterior conocida elpais.es, pero fue cambiada esa web en el 2000, conocida como elpa\u00eds.com y con una edici\u00f3n de Espa\u00f1a, de Am\u00e9rica y de Brasil en portugu\u00e9s.<\/p>\n<p><b>Momento de aparici\u00f3n: <\/b><b><br \/>\n<\/b>El peri\u00f3dico El Pa\u00eds nace\u00a0 a partir de la nueva democracia en el que sus fundadores son . Jos\u00e9 Ortega Spottorno, Jes\u00fas de Polanco y Juan Luis Cebri\u00e1n atribuy\u00e9ndose el peri\u00f3dico como un peri\u00f3dico defensor de la democracia, tolerante, abierto y europeo.<\/p>\n<p><b>Zona principal de difusi\u00f3n:<br \/>\n<\/b>Es en Madrid, ya que se encuentra su sede y redacci\u00f3n central .El diario del pa\u00eds\u00a0 se encuentra con plantas de impresi\u00f3n o delegaciones en el \u00e1mbito regional, en las que destaca comunidades como Madrid, Barcelona, Sevilla, Lugo,Valencia, Gran Canaria, Burgos, Palma de Mallorca, pero no solo en el \u00e1mbito nacional, se distribuye estas ediciones, sino tambi\u00e9n tiene una gran repercusi\u00f3n en la edici\u00f3n internacionalmente, ya sean en Europa como puede ser pa\u00edses como Alemania B\u00e9lgica, Italia, e incluso e por Am\u00e9rica Latina, en la que destacaremos M\u00e9xico y Argentina.<\/p>\n<p><b>Tiraje:<br \/>\n<\/b>Cuenta con una difusi\u00f3n de unos 164.847 ejemplares en 2018 en Espa\u00f1a, con unos beneficios netos de unos 2,359 millones de euros en 2017 y unas serie de grandes ingresos\u00a0 en concreto unos 146, 9 millones de euros en 2017.<\/p>\n<p><b>Fecha del primer n\u00famero y \u00faltimo n\u00famero:<br \/>\n<\/b>El primer n\u00famero fue el\u00a0 4 de mayo de 1976, nacimo como hemos visto de la transici\u00f3n espa\u00f1ola , siendo unos de los peri\u00f3dicos m\u00e1s vendidos en el \u00e1mbito nacional e internacional.<\/p>\n<p><b>Precio:<\/b><br \/>\nEl precio inicialmente de este peri\u00f3dico fue de 10 pesetas Actualmente tiene un precio de venta de 1,70 \u20ac, establecida esta cantidad desde Mayo 2019 , que es precio oficial, pero var\u00eda seg\u00fan los d\u00edas de venta como son 2,00 \u20ac los s\u00e1bados (Septiembre 2015) y 2,80 \u20ac los domingos, fijado\u00a0 desde abril de 2016.<\/p>\n<p><b>Caracter\u00edsticas excepcionales de la vida del peri\u00f3dico:<br \/>\n<\/b>El diario naci\u00f3\u00a0 plena iniciaci\u00f3n de la transici\u00f3n democr\u00e1tica espa\u00f1ola, seis meses despu\u00e9s que muriera el dictador Francisco Franco, as\u00ed como tambi\u00e9n fue uno de los peri\u00f3dicos que salieron a la calle el d\u00eda del Golpe de Estado de Fernado tejero, conocido como el 23-F, posicion\u00e1ndose a favor claramente de la propia democracia y llamando a los ciudadanos a manifestarse en contra del golpe de Estado, esta actitud por parte del peri\u00f3dico hizo que ganara las elecciones Felipe Gonzalez el primer partido pol\u00edtico de la democracia , conocido como el PSOE en el 1982 teniendo una tendencia ideol\u00f3gica progresista ,\u00a0 siendo rival del Abc, que es conservador , despu\u00e9s los a\u00f1os 90 fueron muy convulsos para la pol\u00edtica espa\u00f1ola en los casos de corrupci\u00f3n en la \u00e9poca de Felipe Gonzalez\u00a0 y acusando a este peri\u00f3dico como ser fiel defensor de estas acusaciones por parte de los medios y partidos pol\u00edticos conservadores. Pero este peri\u00f3dico a pesar de ser progresista tuvo una serie de art\u00edculos cr\u00edticos al Gobierno de Zapetero y apoyando al propio PP, por lo que abri\u00f3 una brecha en el medio de comunicaci\u00f3n y aparecieron otros medios de comunicaci\u00f3n de prensa como es el propio diario el P\u00fablico.<\/p>\n<p><b>El formato:<br \/>\n<\/b>El tipo de formato m\u00e1s habitual que podemos observar en el peri\u00f3dico\u00a0 El Pa\u00eds, es el\u00a0 Berlin\u00e9s o Merli con unas dimensiones de 315 x 470 mm.<\/p>\n<p><b>N\u00famero de P\u00e1ginas y N\u00famero de columnas:<br \/>\n<\/b>Desde el a\u00f1o 2010, el\u00a0 peri\u00f3dico El Pa\u00eds est\u00e1 compuesta por 31 p\u00e1ginas y 5 columnas de texto por p\u00e1gina, pero existi\u00f3 en su cuarenta aniversario un aumento considerable llegando incluso a las 316 p\u00e1ginas.<\/p>\n<p><b>El nombre y direcci\u00f3n del impresor:<br \/>\n<\/b>Es el\u00a0 Grupo Prisa ( Promotora de Informaciones S.A.) es una\u00a0 empresa de audiovisuales en Espa\u00f1a con su fundador a\u00a0 la cabeza Jes\u00fas Polanco, siendo unos de los responsable de la fundaci\u00f3n de este peri\u00f3dic\u00f3 y la direcci\u00f3n se sit\u00faa en Madrid, concretamente sus rotativas est\u00e1n en <i>Calle<\/i> de Miguel Yuste, 40, 28037 Madrid, Espa\u00f1a.<\/p>\n<p><b>N\u00famero de ediciones y Zona cubierta por cada edici\u00f3n:<br \/>\n<\/b>Su redacci\u00f3n central, se encuentra en Madrid y adem\u00e1s las zonas de cubierta la encontramos en Barcelona, Valencia, Sevilla, Bilbao y Santiago de Compostela.<\/p>\n<p><b>Lugar de conservaci\u00f3n de las Colecciones:<br \/>\n<\/b>Se encuentran las colecciones en el modo digitalizado del peri\u00f3dico , gracias a la propia hemeroteca en las que puedes encontrar todo tipo de las colecciones del peri\u00f3dico, en el que sus primeras publicaciones aparecieron su primer n\u00famero el 4 de mayo de 1976 hasta el 7 de febrero de 2012, posteriormente esas publicaciones se convertir\u00e1n en los propios archivos online.<\/p>\n<p><b>Estructura jur\u00eddica y financiera:<br \/>\n<\/b>Es una sociedad, en la que el principal accionista de este diario es el Grupo Prisa empresa de audiovisuales en Espa\u00f1a con su fundador a\u00a0 la cabeza Juan luis Cebri\u00e1n, siendo unos de los responsable de la fundaci\u00f3n de este peri\u00f3dico, a la vez es propietario en otros peri\u00f3dicos como el\u00a0 AS y The Huffington Post as\u00ed como tambi\u00e9n en el \u00e1mbito de la radio como los 40 principales o la Cadena Ser. A partir del 2010, en el que se introducir\u00e1 unos nuevos accionistas principales en las inversiones de este diario compartiendo acciones con los espa\u00f1oles como es el grupo americano Liberty Acquisition Holding, sus componentes son Nicolas Berggruen y Martin E. Franklin est\u00e1 obteniendo el 57 % de sus acciones. Tambi\u00e9n podemos observar<\/p>\n<p><b>Condiciones de impresi\u00f3n:<br \/>\n<\/b>El Pa\u00eds respecto a sus condiciones de impresi\u00f3n nos encontramos que sus rotativas se encontraba en\u00a0 diversos puntos de la geograf\u00eda espa\u00f1ola,\u00a0 pero ahora encontramos que\u00a0 se encuentran solo en\u00a0 su sede central importantes en el \u00e1mbito nacional como son las rotativas de Madrid que han sido gestionadas desde el 2009 por la empresa Pressprint que pertenece al grupo Prisa<\/p>\n<p><b>condiciones de distribuci\u00f3n:<br \/>\n<\/b>Se pueden distribuir a trav\u00e9s de un soporte de papel encontr\u00e1ndose en los propios estancos de las ciudades espa\u00f1olas o de la propia digitalizaci\u00f3n encuentra situada en su p\u00e1gina web ElPais.com, con un dato importante ya que es el peri\u00f3dico digital m\u00e1s consultado del mundo, con unos grandes\u00a0 datos en septiembre de 2016\u00a0 entorno a los 11.618.000 de usuarios online en el territorio nacional, y con una limitaci\u00f3n tambi\u00e9n en sus secciones que tiene que acceder mediante una suscripci\u00f3n de pago.<\/p>\n<p><b>Organizaci\u00f3n de la Redacci\u00f3n<\/b><strong>:<\/strong><br \/>\nEl\u00a0 Estatuto de la Redacci\u00f3n, regula esas\u00a0 relaciones profesionales entre el Comit\u00e9 de Redacci\u00f3n y la direcci\u00f3n del peri\u00f3dico y PRISA. En el extranjero el peri\u00f3dico posee un gran n\u00famero considerable de redacciones \u00a0 en Washington D.C, M\u00e9xico D.F, S\u00e3o Paulo y en Bruselas, la capital europea. Adem\u00e1s tiene corresponsales destacados en Pek\u00edn, Jerusal\u00e9n, Mosc\u00fa, Berl\u00edn, Par\u00eds, Londres, Roma, Lisboa y Buenos Aires, en el que encontramos una serie de espacios como su propias salas de reuniones s\u00a0 confecci\u00f3n fotogr\u00e1fica, edici\u00f3n en papel, un apoyo digital y en el que sus propios periodistas redactan sobre los asuntos importantes de ese d\u00eda ya sea en el \u00e1mbito de la econom\u00eda, pol\u00edtica, sociedad cultura y entretenimiento.<\/p>\n<p><b>L\u00ednea\u00a0 y Acci\u00f3n pol\u00edtica: <\/b><br \/>\nRespecto a su l\u00ednea nos encontramos que este peri\u00f3dico se autoproclama defensor de la democracia y del pueblo, as\u00ed como tambi\u00e9n independiente . Su propio estilo period\u00edstico tiene sobre todo un libro de Estilo, as\u00ed como tambi\u00e9n ser un fiel defensor del Lector. En lo que refiere a su l\u00ednea pol\u00edtica es un per\u00f3dico progresistas en el que sus cr\u00edticas, ser\u00e1n para la defensa de los partidos pol\u00edticos de izquierdas y realizando\u00a0 una cr\u00edtica a la pol\u00edtica conservadora.<b> \u00a0 <\/b>\u00a0\u00a0\u00a0\u00a0\u00a0\u00a0\u00a0\u00a0\u00a0\u00a0\u00a0\u00a0\u00a0\u00a0\u00a0\u00a0\u00a0\u00a0\u00a0\u00a0\u00a0\u00a0\u00a0\u00a0\u00a0\u00a0\u00a0\u00a0\u00a0\u00a0\u00a0\u00a0\u00a0\u00a0\u00a0\u00a0\u00a0\u00a0\u00a0\u00a0\u00a0\u00a0<b>\u00a0\u00a0\u00a0\u00a0\u00a0\u00a0\u00a0<\/b><\/p>\n","protected":false},"excerpt":{"rendered":"<p>&nbsp; &nbsp; Nombre del peri\u00f3dico: El Pa\u00eds. Se fund\u00f3 el 4 de mayo de 1976, en plena iniciaci\u00f3n de la transici\u00f3n democr\u00e1tica en Espa\u00f1a, defini\u00e9ndose como un peri\u00f3dico global y un gran defensor de la democracia. Sus fundadores son Jos\u00e9 &hellip; <a href=\"https:\/\/blogs.ua.es\/analisisinfo11s\/personalidad-del-periodico\/el-pais\/\">Continue reading <span class=\"meta-nav\">&rarr;<\/span><\/a><\/p>\n","protected":false},"author":4484,"featured_media":0,"parent":126,"menu_order":3,"comment_status":"closed","ping_status":"closed","template":"","meta":{"footnotes":""},"class_list":["post-189","page","type-page","status-publish","hentry"],"_links":{"self":[{"href":"https:\/\/blogs.ua.es\/analisisinfo11s\/wp-json\/wp\/v2\/pages\/189","targetHints":{"allow":["GET"]}}],"collection":[{"href":"https:\/\/blogs.ua.es\/analisisinfo11s\/wp-json\/wp\/v2\/pages"}],"about":[{"href":"https:\/\/blogs.ua.es\/analisisinfo11s\/wp-json\/wp\/v2\/types\/page"}],"author":[{"embeddable":true,"href":"https:\/\/blogs.ua.es\/analisisinfo11s\/wp-json\/wp\/v2\/users\/4484"}],"replies":[{"embeddable":true,"href":"https:\/\/blogs.ua.es\/analisisinfo11s\/wp-json\/wp\/v2\/comments?post=189"}],"version-history":[{"count":5,"href":"https:\/\/blogs.ua.es\/analisisinfo11s\/wp-json\/wp\/v2\/pages\/189\/revisions"}],"predecessor-version":[{"id":252,"href":"https:\/\/blogs.ua.es\/analisisinfo11s\/wp-json\/wp\/v2\/pages\/189\/revisions\/252"}],"up":[{"embeddable":true,"href":"https:\/\/blogs.ua.es\/analisisinfo11s\/wp-json\/wp\/v2\/pages\/126"}],"wp:attachment":[{"href":"https:\/\/blogs.ua.es\/analisisinfo11s\/wp-json\/wp\/v2\/media?parent=189"}],"curies":[{"name":"wp","href":"https:\/\/api.w.org\/{rel}","templated":true}]}}