{"id":83,"date":"2020-12-20T18:25:54","date_gmt":"2020-12-20T18:25:54","guid":{"rendered":"https:\/\/blogs.ua.es\/analisisinfo11s\/?page_id=83"},"modified":"2020-12-21T18:59:53","modified_gmt":"2020-12-21T18:59:53","slug":"analisis-morfologico","status":"publish","type":"page","link":"https:\/\/blogs.ua.es\/analisisinfo11s\/analisis-morfologico\/","title":{"rendered":"An\u00e1lisis morfol\u00f3gico"},"content":{"rendered":"<p style=\"text-align: justify\">El 11 de septiembre de 2001, el atentado terrorista contra las Torres Gemelas de Nueva York, ocasion\u00f3 que al d\u00eda siguiente todos los diarios informativos reprodujeran en la primera p\u00e1gina im\u00e1genes de las explosiones que todos recordamos y que podr\u00edamos distinguir sin esfuerzo entre miles de fotos. La informaci\u00f3n de los medios de comunicaci\u00f3n del siglo XXI se caracteriza por la fuerza, la abundancia, la repetici\u00f3n continua de im\u00e1genes para contar, con un escaso m\u00ednimo de palabras, todos los detalles visuales de las \u00faltimas noticias.<\/p>\n<p style=\"text-align: justify\">La prensa escrita respondi\u00f3 con equilibrio y seguridad ofreciendo informaci\u00f3n e interpretaci\u00f3n.\u00a0 Reafirm\u00f3 su papel m\u00e1s reflexivo ante un acontecimientos de esta magnitud, con matices diferentes para la prensa norteamericana y la europea. Pr\u00e1cticamente todos los peri\u00f3dicos del mundo seleccionaron para su primera p\u00e1gina la noticia del ataque terrorista a los Estados Unidos de Am\u00e9rica. Y en la mayor\u00eda de las portadas de los peri\u00f3dicos mostraban la primera torre atacada envuelta en humo y un avi\u00f3n dirigi\u00e9ndose hacia la segunda. Los diarios europeos, por la diferencia horaria con respecto a Estado Unidos, incluyeron el impacto del segundo avi\u00f3n y panor\u00e1micas de Manhattan despu\u00e9s de las explosiones, que s\u00f3lo ofrecieron algunos peri\u00f3dicos norteamericanos.<\/p>\n<p style=\"text-align: justify\"><b>ESTADOS UNIDOS:<\/b><\/p>\n<p style=\"text-align: justify\"><b>The New York Times:<\/b><\/p>\n<div id=\"attachment_194\" style=\"width: 390px\" class=\"wp-caption alignleft\"><img loading=\"lazy\" decoding=\"async\" aria-describedby=\"caption-attachment-194\" class=\"wp-image-194\" src=\"https:\/\/blogs.ua.es\/analisisinfo11s\/files\/2020\/12\/new-york-times.jpg\" alt=\"\" width=\"380\" height=\"623\" \/><p id=\"caption-attachment-194\" class=\"wp-caption-text\">Portada de los primeros titulares del New York Times del d\u00eda 12 de septiembre de 2001, despu\u00e9s de los terribles sucesos del 11-S.<\/p><\/div>\n<p>&nbsp;<\/p>\n<p style=\"text-align: justify\">En el New York Times podemos ver como la imagen ocupa la parte central de la portada del peri\u00f3dico, para que sea lo primero que le llame la atenci\u00f3n al lector. Respecto al titular y la cabecera ocupan casi pr\u00e1cticamente el mismo espacio que las im\u00e1genes, pudi\u00e9ndose leer en letras may\u00fasculas y en negrita para que sea lo primero que vaya a leer el lector, la frase \u201c Estados Unidos atacado\u201d. Los t\u00edtulos ocupan un 8,2% y un 5,3% la cabecera del peri\u00f3dico.\u00a0 Y los subt\u00edtulos ocupan un 2,9 %. Lo que m\u00e1s sobresale del peri\u00f3dico es sin duda las ilustraciones y el texto.<\/p>\n<p>&nbsp;<\/p>\n<p>&nbsp;<\/p>\n<p>&nbsp;<\/p>\n<p>&nbsp;<\/p>\n<div id=\"attachment_199\" style=\"width: 287px\" class=\"wp-caption alignright\"><img loading=\"lazy\" decoding=\"async\" aria-describedby=\"caption-attachment-199\" class=\"wp-image-199\" src=\"https:\/\/blogs.ua.es\/analisisinfo11s\/files\/2020\/12\/los-angeles-times-28los-angeles2c-calif.29-data.jpg\" alt=\"\" width=\"277\" height=\"527\" \/><p id=\"caption-attachment-199\" class=\"wp-caption-text\">Portada del diario Los Angeles Times del d\u00eda 12 de septiembre de 2001<\/p><\/div>\n<p><b>Los Angeles Times:<\/b><\/p>\n<p>&nbsp;<\/p>\n<p>&nbsp;<\/p>\n<p style=\"text-align: justify\">En Los Angeles Times podemos ver como es la imagen lo que prevalece y lo que m\u00e1s llama la atenci\u00f3n al lector.\u00a0 Debajo de la cabecera podemos ver el titular en letras may\u00fasculas y en negrita, en el que indica que la ciudad de Nueva York ha sido atacada por terroristas. En la parte inferior del peri\u00f3dico, vemos otros titulares de noticias destacadas pero ya en letras min\u00fasculas por su menor importancia con respecto al titular de la noticia.<\/p>\n<p>&nbsp;<\/p>\n<p>&nbsp;<\/p>\n<p>&nbsp;<\/p>\n<p style=\"text-align: justify\"><b>ESPA\u00d1A:<\/b><\/p>\n<p style=\"text-align: justify\"><b>El Pa\u00eds:<\/b><\/p>\n<div id=\"attachment_207\" style=\"width: 337px\" class=\"wp-caption alignleft\"><img loading=\"lazy\" decoding=\"async\" aria-describedby=\"caption-attachment-207\" class=\"wp-image-207\" src=\"https:\/\/blogs.ua.es\/analisisinfo11s\/files\/2020\/12\/20010912Big.jpg\" alt=\"\" width=\"327\" height=\"462\" srcset=\"https:\/\/blogs.ua.es\/analisisinfo11s\/files\/2020\/12\/20010912Big.jpg 900w, https:\/\/blogs.ua.es\/analisisinfo11s\/files\/2020\/12\/20010912Big-768x1086.jpg 768w\" sizes=\"auto, (max-width: 327px) 100vw, 327px\" \/><p id=\"caption-attachment-207\" class=\"wp-caption-text\">Portada de El Pa\u00eds del d\u00eda 12 de septiembre de 2001.<\/p><\/div>\n<p style=\"text-align: justify\">En la parte superior de la portada se abre con un t\u00edtulo de gran cuerpo en negrita, ocupando un 12,2 % del espacio de la portada, y un antet\u00edtulo de menor tama\u00f1o, separado por un filete. Y en la parte inferior, a modo de pie de foto y a tres columnas, se incluye otro titular y un peque\u00f1o texto. Podemos ver perfectamente como lo que predomina es la ilustraci\u00f3n con un 33,1%, ocupando casi el total de la portada, el texto que presenta la parte inferior ocupa un 6%, y los subt\u00edtulos ocupan un 3,8%.<\/p>\n<p style=\"text-align: justify\">Este diario destaca informativamente en su portada dos consecuencias del 11-S principalmente: las represalias previsibles del presidente de Estados Unidos ante el atentado y las miles de v\u00edctimas mortales que puede haber causado el ataque.<\/p>\n<p style=\"text-align: justify\"><b>El Mundo:<\/b><\/p>\n<p style=\"text-align: justify\">La portada de El Mundo al igual que El Pa\u00eds, est\u00e1 ocupada por una gran fotograf\u00eda que llena m\u00e1s de la mitad del espacio de esta p\u00e1gina, y el resto est\u00e1 insertado de titulares y sumarios. La fotograf\u00eda plasma el momento del impacto del segundo avi\u00f3n en una de las Torres Gemelas, mientras se observa como la primera arde tras estrellarse contra ella el primer aparato.<\/p>\n<div id=\"attachment_211\" style=\"width: 380px\" class=\"wp-caption alignright\"><img loading=\"lazy\" decoding=\"async\" aria-describedby=\"caption-attachment-211\" class=\"wp-image-211\" src=\"https:\/\/blogs.ua.es\/analisisinfo11s\/files\/2020\/12\/5065612_640px.jpg\" alt=\"\" width=\"370\" height=\"493\" \/><p id=\"caption-attachment-211\" class=\"wp-caption-text\">Portada de los primeros titulares del peri\u00f3dico El Mundo, un d\u00eda despu\u00e9s del 11-S.<\/p><\/div>\n<p style=\"text-align: justify\">La parte superior de la portada est\u00e1 ocupada por un titular principal en negrita. Los titulares del pie de p\u00e1gina van encabezados a tres llamadas: la primera sobre el editorial del interior, titulado \u00abUna infamia que cambiar\u00e1 el mundo y marcar\u00e1 nuestras vidas\u00bb; la segunda llamada, con el encabezamiento de \u2018An\u00e1lisis\u2019, indica las firmas de Felipe Sahag\u00fan y M. Leguineche; Eugenio Tr\u00edas y Javier Echevarr\u00eda; y Robert Samuelson y Juan Iranzo, correspondientes a los art\u00edculos publicados en el interior del peri\u00f3dico, que analizan el suceso bajo el \u00e1ngulo diplom\u00e1tico, filos\u00f3fico y econ\u00f3mico, respectivamente. Y la tercera, se remite a la p\u00e1gina web del mundo, www.elmundo.es, para que los lectores tengan un seguimiento m\u00e1s actualizado.<\/p>\n<p style=\"text-align: justify\">Desde el punto de vista del tratamiento de la noticia, este diario resalta 4 aspectos: que se trata del mayor ataque terrorista de la Historia; el elevado n\u00famero de v\u00edctimas mortales y heridos; las reacciones de Bush: &#8220;Cazaremos y castigaremos a los responsables&#8221;; y el hecho de considerar que es un acto de \u00abcambiar\u00e1 el mundo\u00bb.<\/p>\n<p style=\"text-align: justify\"><b>\u00a0\u00a0\u00a0\u00a0\u00a0\u00a0\u00a0\u00a0\u00a0\u00a0\u00a0\u00a0\u00a0\u00a0\u00a0\u00a0\u00a0\u00a0\u00a0\u00a0\u00a0\u00a0\u00a0\u00a0\u00a0\u00a0\u00a0\u00a0\u00a0\u00a0\u00a0\u00a0\u00a0\u00a0\u00a0\u00a0\u00a0\u00a0\u00a0\u00a0\u00a0\u00a0\u00a0\u00a0\u00a0\u00a0\u00a0\u00a0\u00a0\u00a0\u00a0\u00a0\u00a0\u00a0\u00a0\u00a0\u00a0\u00a0\u00a0\u00a0\u00a0\u00a0\u00a0\u00a0\u00a0\u00a0\u00a0\u00a0\u00a0\u00a0\u00a0\u00a0\u00a0\u00a0\u00a0\u00a0\u00a0\u00a0\u00a0\u00a0\u00a0\u00a0\u00a0\u00a0\u00a0\u00a0\u00a0\u00a0\u00a0\u00a0\u00a0\u00a0\u00a0\u00a0\u00a0\u00a0\u00a0\u00a0\u00a0\u00a0\u00a0\u00a0\u00a0\u00a0\u00a0\u00a0\u00a0\u00a0<\/b><\/p>\n","protected":false},"excerpt":{"rendered":"<p>El 11 de septiembre de 2001, el atentado terrorista contra las Torres Gemelas de Nueva York, ocasion\u00f3 que al d\u00eda siguiente todos los diarios informativos reprodujeran en la primera p\u00e1gina im\u00e1genes de las explosiones que todos recordamos y que podr\u00edamos &hellip; <a href=\"https:\/\/blogs.ua.es\/analisisinfo11s\/analisis-morfologico\/\">Continue reading <span class=\"meta-nav\">&rarr;<\/span><\/a><\/p>\n","protected":false},"author":4484,"featured_media":0,"parent":0,"menu_order":5,"comment_status":"closed","ping_status":"closed","template":"","meta":{"footnotes":""},"class_list":["post-83","page","type-page","status-publish","hentry"],"_links":{"self":[{"href":"https:\/\/blogs.ua.es\/analisisinfo11s\/wp-json\/wp\/v2\/pages\/83","targetHints":{"allow":["GET"]}}],"collection":[{"href":"https:\/\/blogs.ua.es\/analisisinfo11s\/wp-json\/wp\/v2\/pages"}],"about":[{"href":"https:\/\/blogs.ua.es\/analisisinfo11s\/wp-json\/wp\/v2\/types\/page"}],"author":[{"embeddable":true,"href":"https:\/\/blogs.ua.es\/analisisinfo11s\/wp-json\/wp\/v2\/users\/4484"}],"replies":[{"embeddable":true,"href":"https:\/\/blogs.ua.es\/analisisinfo11s\/wp-json\/wp\/v2\/comments?post=83"}],"version-history":[{"count":29,"href":"https:\/\/blogs.ua.es\/analisisinfo11s\/wp-json\/wp\/v2\/pages\/83\/revisions"}],"predecessor-version":[{"id":224,"href":"https:\/\/blogs.ua.es\/analisisinfo11s\/wp-json\/wp\/v2\/pages\/83\/revisions\/224"}],"wp:attachment":[{"href":"https:\/\/blogs.ua.es\/analisisinfo11s\/wp-json\/wp\/v2\/media?parent=83"}],"curies":[{"name":"wp","href":"https:\/\/api.w.org\/{rel}","templated":true}]}}