{"id":10,"date":"2015-11-28T14:54:54","date_gmt":"2015-11-28T14:54:54","guid":{"rendered":"https:\/\/blogs.ua.es\/analisisperiodicodealmansa\/?page_id=10"},"modified":"2015-12-01T14:15:11","modified_gmt":"2015-12-01T14:15:11","slug":"valoracion","status":"publish","type":"page","link":"https:\/\/blogs.ua.es\/analisisperiodicodealmansa\/valoracion\/","title":{"rendered":"Valorizaci\u00f3n"},"content":{"rendered":"<p style=\"text-align: justify\">El objeto de la valorizaci\u00f3n es analizar todos aquellos elementos externos al contenido de la noticia o documento, cargados de un componente influenciador. Es decir, aquellos elementos capaces de aumentar, menospreciar, desviar o atraer la atenci\u00f3n del lector.<\/p>\n<p style=\"text-align: justify\">Para este an\u00e1lisis se ha llevado a cabo una distinci\u00f3n en tres sectores: Ubicaci\u00f3n, t\u00edtulos y presentaci\u00f3n. Cada uno de estos estadios se divide a su vez en diferentes puntos que nos adentran cada vez m\u00e1s en el detalle de esta investigaci\u00f3n. A continuaci\u00f3n presentamos un breve esquema clarificador de esta estructura anal\u00edtica.<\/p>\n<p style=\"text-align: justify\"><a href=\"https:\/\/blogs.ua.es\/analisisperiodicodealmansa\/files\/2015\/11\/q.png\"><img loading=\"lazy\" decoding=\"async\" class=\" wp-image-13 aligncenter\" src=\"https:\/\/blogs.ua.es\/analisisperiodicodealmansa\/files\/2015\/11\/q-300x270.png\" alt=\"q\" width=\"377\" height=\"339\" srcset=\"https:\/\/blogs.ua.es\/analisisperiodicodealmansa\/files\/2015\/11\/q-300x270.png 300w, https:\/\/blogs.ua.es\/analisisperiodicodealmansa\/files\/2015\/11\/q.png 639w\" sizes=\"auto, (max-width: 377px) 100vw, 377px\" \/><\/a><\/p>\n<p style=\"text-align: justify\">Podr\u00edamos presentarlo como una operaci\u00f3n matem\u00e1tica:<br \/>\nUBICACI\u00d3N + T\u00cdTULOS + PRESENTACI\u00d3N = VALORACI\u00d3N<\/p>\n<p style=\"text-align: center\"><strong>1.UBICACI\u00d3N<\/strong><\/p>\n<p style=\"text-align: justify\">1.1. Paginaci\u00f3n<\/p>\n<p style=\"text-align: justify\">Observamos como ya en la portado nos remiten a otra p\u00e1gina, en concreto la 5. Tras dejar la segunda p\u00e1gina a la publicidad, nos encontramos con un compendio de 5 titulares, los cuales remiten simult\u00e1neamente a otras p\u00e1ginas diferentes. Se hayan ordenados num\u00e9ricamente seg\u00fan a la hoja a la que env\u00edan, dando a entender la escala de valor de las diferentes noticias. En otro tama\u00f1o m\u00e1s grande se expone un titular, en este caso sobre deportes, donde la noticia es favorable al pueblo, quiz\u00e1s por eso resulta m\u00e1s visible que las dem\u00e1s.<\/p>\n<p style=\"text-align: justify\"><a href=\"https:\/\/blogs.ua.es\/analisisperiodicodealmansa\/files\/2015\/11\/w.png\"><img loading=\"lazy\" decoding=\"async\" class=\"size-medium wp-image-15 aligncenter\" src=\"https:\/\/blogs.ua.es\/analisisperiodicodealmansa\/files\/2015\/11\/w-300x180.png\" alt=\"w\" width=\"300\" height=\"180\" srcset=\"https:\/\/blogs.ua.es\/analisisperiodicodealmansa\/files\/2015\/11\/w-300x180.png 300w, https:\/\/blogs.ua.es\/analisisperiodicodealmansa\/files\/2015\/11\/w-1024x615.png 1024w, https:\/\/blogs.ua.es\/analisisperiodicodealmansa\/files\/2015\/11\/w.png 1936w\" sizes=\"auto, (max-width: 300px) 100vw, 300px\" \/><\/a><\/p>\n<p style=\"text-align: justify\">1.2 Lugar en la p\u00e1gina<\/p>\n<p style=\"text-align: justify\">En este apartado observamos un fen\u00f3meno que resulta tendencia en la mayor\u00eda de los diarios. Las noticias m\u00e1s importantes, o que m\u00e1s se busca que sean le\u00eddas, se hallar\u00e1n en la parte superior izquierda, puesto que los estudios determinan que el ojo humano comienza a leer desde esta zona hasta acabar en su opuesta en la margen inferior derecha.<\/p>\n<p style=\"text-align: justify\">En este peri\u00f3dico en concreto se sigue esta m\u00e1xima, sin alteraciones en la misma por ning\u00fan titular tan llamativo o adecentado como para acabar con ella.<\/p>\n<p style=\"text-align: center\"><strong>2. T\u00cdTULOS <\/strong><\/p>\n<p style=\"text-align: justify\">2.1. Importancia real<\/p>\n<p style=\"text-align: justify\">&#8211; Columnaje: Observamos como aquellas noticias que se consideran como de indispensable lectura se expanden desde ambos m\u00e1rgenes de la p\u00e1gina. Estas dejan paso a otras que alcanzan la mitad de la hoja, las cuales se complementan en pares.<\/p>\n<p style=\"text-align: justify\"><a href=\"https:\/\/blogs.ua.es\/analisisperiodicodealmansa\/files\/2015\/11\/e.png\"><img loading=\"lazy\" decoding=\"async\" class=\"size-medium wp-image-16 aligncenter\" src=\"https:\/\/blogs.ua.es\/analisisperiodicodealmansa\/files\/2015\/11\/e-300x113.png\" alt=\"e\" width=\"300\" height=\"113\" srcset=\"https:\/\/blogs.ua.es\/analisisperiodicodealmansa\/files\/2015\/11\/e-300x113.png 300w, https:\/\/blogs.ua.es\/analisisperiodicodealmansa\/files\/2015\/11\/e.png 575w\" sizes=\"auto, (max-width: 300px) 100vw, 300px\" \/><\/a><\/p>\n<p style=\"text-align: justify\">&#8211; Altura: En ese caso podemos hablar de homogenizaci\u00f3n en la altura de los t\u00edtulos, ya que existen sutiles diferencias entre algunos de ellos, pero en su mayor\u00eda miden igual.<\/p>\n<p style=\"text-align: justify\"><a href=\"https:\/\/blogs.ua.es\/analisisperiodicodealmansa\/files\/2015\/11\/r.png\"><img loading=\"lazy\" decoding=\"async\" class=\"size-medium wp-image-19 aligncenter\" src=\"https:\/\/blogs.ua.es\/analisisperiodicodealmansa\/files\/2015\/11\/r-300x122.png\" alt=\"r\" width=\"300\" height=\"122\" srcset=\"https:\/\/blogs.ua.es\/analisisperiodicodealmansa\/files\/2015\/11\/r-300x122.png 300w, https:\/\/blogs.ua.es\/analisisperiodicodealmansa\/files\/2015\/11\/r.png 449w\" sizes=\"auto, (max-width: 300px) 100vw, 300px\" \/><\/a><\/p>\n<p style=\"text-align: justify\">2.2. Importancia relativa<\/p>\n<p style=\"text-align: justify\">En cuanto a la importancia relativa, la cual consiste en la prevalencia de unos t\u00edtulos sobre otros observamos algunos indicadores de la diferente importancia de las noticias en diversos factores: diferente color, diferente tipograf\u00eda, tama\u00f1o, etc.<\/p>\n<p style=\"text-align: justify\"><a href=\"https:\/\/blogs.ua.es\/analisisperiodicodealmansa\/files\/2015\/11\/a.png\"><img loading=\"lazy\" decoding=\"async\" class=\" wp-image-20 aligncenter\" src=\"https:\/\/blogs.ua.es\/analisisperiodicodealmansa\/files\/2015\/11\/a-300x134.png\" alt=\"a\" width=\"329\" height=\"147\" srcset=\"https:\/\/blogs.ua.es\/analisisperiodicodealmansa\/files\/2015\/11\/a-300x134.png 300w, https:\/\/blogs.ua.es\/analisisperiodicodealmansa\/files\/2015\/11\/a.png 352w\" sizes=\"auto, (max-width: 329px) 100vw, 329px\" \/><\/a><\/p>\n<p style=\"text-align: justify\">2.3. Contenido<br \/>\nEn este punto podemos se\u00f1alar que pocos de los t\u00edtulos se hayan en indicativo, puesto que la tendencia actual hace que est\u00e9n cargados de significado, y este peri\u00f3dico as\u00ed la cumple. Entre los casos m\u00e1s clarificadores seg\u00fan las diferentes categor\u00edas de t\u00edtulos en este apartado podemos mencionar los siguientes ejemplos:<br \/>\n-T\u00edtulos informativos: \u201cConcluyen varias obras en la mejora de accesibilidad\u201d<br \/>\n-T\u00edtulos explicativos: \u201cQuince alumnos recibieron el diploma en el curso de cuarenta horas de formaci\u00f3n para emprendedores\u201d<br \/>\n-T\u00edtulos orientativos: \u201cLas obras de la Estaci\u00f3n de Autobuses avanzan a buen ritmo\u201d<br \/>\n-T\u00edtulos sensacionales: \u201cLa barbarie se ensa\u00f1a con Par\u00eds\u201d<\/p>\n<p style=\"text-align: center\"><strong>3. PRESENTACI\u00d3N<\/strong><\/p>\n<p style=\"text-align: justify\">3.1. Ilustraci\u00f3n<\/p>\n<p style=\"text-align: justify\">En este apartado analizamos aquellas ilustraciones que se encuentran en una p\u00e1gina; en el caso de nuestro peri\u00f3dico s\u00f3lo se encuentran fotograf\u00edas.<\/p>\n<p style=\"text-align: justify\">-Elemento f\u00edsico: Se juega mucho con el hecho de la existencia o no de la imagen en la noticia. SI bien hay noticias destacadas con sus correspondientes im\u00e1genes, existen otras que no cuentan con ella, d\u00e1ndole un extra de atenci\u00f3n (siempre jugando con otros elementos anteriormente descritos como la tipograf\u00eda, el t\u00edtulo, etc.). Ejemplo de ello es esta comparaci\u00f3n que se muestra a continuaci\u00f3n.<\/p>\n<p style=\"text-align: justify\"><a href=\"https:\/\/blogs.ua.es\/analisisperiodicodealmansa\/files\/2015\/11\/s.png\"><img loading=\"lazy\" decoding=\"async\" class=\"size-medium wp-image-21 aligncenter\" src=\"https:\/\/blogs.ua.es\/analisisperiodicodealmansa\/files\/2015\/11\/s-300x87.png\" alt=\"s\" width=\"300\" height=\"87\" srcset=\"https:\/\/blogs.ua.es\/analisisperiodicodealmansa\/files\/2015\/11\/s-300x87.png 300w, https:\/\/blogs.ua.es\/analisisperiodicodealmansa\/files\/2015\/11\/s-1024x296.png 1024w, https:\/\/blogs.ua.es\/analisisperiodicodealmansa\/files\/2015\/11\/s.png 1103w\" sizes=\"auto, (max-width: 300px) 100vw, 300px\" \/><\/a><\/p>\n<p style=\"text-align: justify\">El hecho de que no se halle foto en la noticia sobre los atentados terroristas en Francia le aporta un halo de mayor importancia y seriedad respecto a las dem\u00e1s noticias m\u00e1s banales.<br \/>\n-Elemento cualitativo: En este caso las fotos se corresponden sin excepci\u00f3n con aquello que describen. No se han encontrado fotos con ning\u00fan significado m\u00e1s all\u00e1 de la mera contextualizaci\u00f3n de la noticia.<\/p>\n<p style=\"text-align: justify\">3.2. Tipograf\u00eda<\/p>\n<p style=\"text-align: justify\">Si bien encontramos las diferencias esperadas entre t\u00edtulo y noticia, observamos una tendente homogeneidad respecto al empleo de las min\u00fasculas; no encontramos t\u00edtulos, ni apartados enfatizados con el uso de las may\u00fasculas.<br \/>\nM\u00e1s all\u00e1 de eso solo cabe se\u00f1alar la diferencia de tipograf\u00eda en casos puntuales, siendo las noticias que emplean letras capitales de mayor tama\u00f1o aquellas que m\u00e1s importancia se les otorga, despu\u00e9s las cursivas, tras \u00e9stas el subrayado y finalmente aquellas sin ning\u00fan tipo de adecentamiento.<\/p>\n<p style=\"text-align: justify\"><a href=\"https:\/\/blogs.ua.es\/analisisperiodicodealmansa\/files\/2015\/11\/d.png\"><img loading=\"lazy\" decoding=\"async\" class=\"size-medium wp-image-23 aligncenter\" src=\"https:\/\/blogs.ua.es\/analisisperiodicodealmansa\/files\/2015\/11\/d-300x122.png\" alt=\"d\" width=\"300\" height=\"122\" srcset=\"https:\/\/blogs.ua.es\/analisisperiodicodealmansa\/files\/2015\/11\/d-300x122.png 300w, https:\/\/blogs.ua.es\/analisisperiodicodealmansa\/files\/2015\/11\/d.png 655w\" sizes=\"auto, (max-width: 300px) 100vw, 300px\" \/><\/a><\/p>\n<p style=\"text-align: justify\">3.3. Estructura<\/p>\n<p style=\"text-align: justify\">El an\u00e1lisis de la estructura se compone de varios elementos entre los que destacamos los expuestos a continuaci\u00f3n.<br \/>\nEncontramos como en la portada se nos remite a otra p\u00e1gina, pero es en la segunda donde aparecen las noticias muy recortadas de forma que su continuaci\u00f3n s\u00f3lo se puede completar acudiendo a la p\u00e1gina que explicitan.<\/p>\n<p style=\"text-align: justify\"><a href=\"https:\/\/blogs.ua.es\/analisisperiodicodealmansa\/files\/2015\/11\/z.png\"><img loading=\"lazy\" decoding=\"async\" class=\"size-medium wp-image-24 aligncenter\" src=\"https:\/\/blogs.ua.es\/analisisperiodicodealmansa\/files\/2015\/11\/z-300x63.png\" alt=\"z\" width=\"300\" height=\"63\" srcset=\"https:\/\/blogs.ua.es\/analisisperiodicodealmansa\/files\/2015\/11\/z-300x63.png 300w, https:\/\/blogs.ua.es\/analisisperiodicodealmansa\/files\/2015\/11\/z-1024x216.png 1024w, https:\/\/blogs.ua.es\/analisisperiodicodealmansa\/files\/2015\/11\/z-940x198.png 940w, https:\/\/blogs.ua.es\/analisisperiodicodealmansa\/files\/2015\/11\/z.png 1075w\" sizes=\"auto, (max-width: 300px) 100vw, 300px\" \/><\/a><\/p>\n<p style=\"text-align: justify\">En cuanto a la composici\u00f3n de la noticia atendemos a diversos casos. Aunque aparentemente pueden resultar muy similares. Cabe se\u00f1alar que hay diferentes composiciones, las m\u00e1s llamativas son las siguientes:<\/p>\n<p style=\"text-align: justify\">&#8211; Subt\u00edtulos encima de los t\u00edtulos (algo que se convierte en una constante a lo largo de todo el diario<\/p>\n<p style=\"text-align: justify\"><a href=\"https:\/\/blogs.ua.es\/analisisperiodicodealmansa\/files\/2015\/11\/x.png\"><img loading=\"lazy\" decoding=\"async\" class=\"size-full wp-image-25 aligncenter\" src=\"https:\/\/blogs.ua.es\/analisisperiodicodealmansa\/files\/2015\/11\/x.png\" alt=\"x\" width=\"210\" height=\"94\" \/><\/a><\/p>\n<p style=\"text-align: justify\">&#8211; Cambio de tipograf\u00eda en mitad de la noticia para recalcar una parte de esta (solo en aquellas noticias m\u00e1s extensas).<\/p>\n<p style=\"text-align: justify\"><a href=\"https:\/\/blogs.ua.es\/analisisperiodicodealmansa\/files\/2015\/11\/C.png\"><img loading=\"lazy\" decoding=\"async\" class=\"size-full wp-image-26 aligncenter\" src=\"https:\/\/blogs.ua.es\/analisisperiodicodealmansa\/files\/2015\/11\/C.png\" alt=\"C\" width=\"212\" height=\"224\" \/><\/a><\/p>\n<p style=\"text-align: justify\">Salvando estas diferencias en la composici\u00f3n, cabe destacar que las fotograf\u00edas siempre las encontraremos debajo del texto, el t\u00edtulo en la parte superior, y columnas de iguales dimensiones a lo largo de todo el diario.<\/p>\n<p style=\"text-align: justify\">En lo que concierne al origen y la fuente de las noticias, \u00e9stas carecen de tal apunte. Al versar sobre un pueblo, el mismo periodista resulta en muchas ocasiones el \u201cinvestigador de campo\u201d que acude a las distintas dependencias publicas o privadas para servirse. Tom\u00e1ndolo desde esta visi\u00f3n y considerando al periodista como el informador de primera mano si podemos se\u00f1alar que las fuentes se hallan explicitadas. Podemos se\u00f1alar que \u00fanicamente se informa sobre nombre y primer apellido, y en min\u00fasculas en todos los casos.<\/p>\n<p style=\"text-align: justify\"><a href=\"https:\/\/blogs.ua.es\/analisisperiodicodealmansa\/files\/2015\/11\/V.png\"><img loading=\"lazy\" decoding=\"async\" class=\"size-medium wp-image-27 aligncenter\" src=\"https:\/\/blogs.ua.es\/analisisperiodicodealmansa\/files\/2015\/11\/V-300x83.png\" alt=\"V\" width=\"300\" height=\"83\" srcset=\"https:\/\/blogs.ua.es\/analisisperiodicodealmansa\/files\/2015\/11\/V-300x83.png 300w, https:\/\/blogs.ua.es\/analisisperiodicodealmansa\/files\/2015\/11\/V.png 466w\" sizes=\"auto, (max-width: 300px) 100vw, 300px\" \/><\/a><\/p>\n<p style=\"text-align: justify\">En lo que respecta a la longitud de las noticias no se ha detectado ninguna relaci\u00f3n entre su longitud y la importancia. No podemos determinar que aquellas m\u00e1s extensas resultan las m\u00e1s importantes, ni el caso contrario. Son los elementos descritos anteriormente aquellos encargados de este prop\u00f3sito, siendo la extensi\u00f3n una mera caracter\u00edstica sin trascendencia de las noticias.<\/p>\n","protected":false},"excerpt":{"rendered":"<p>El objeto de la valorizaci\u00f3n es analizar todos aquellos elementos externos al contenido de la noticia o documento, cargados de un componente influenciador. Es decir, aquellos elementos capaces de aumentar, menospreciar, desviar o atraer la atenci\u00f3n del lector. Para este &hellip; <a href=\"https:\/\/blogs.ua.es\/analisisperiodicodealmansa\/valoracion\/\">Continue reading <span class=\"meta-nav\">&rarr;<\/span><\/a><\/p>\n","protected":false},"author":2409,"featured_media":0,"parent":0,"menu_order":3,"comment_status":"closed","ping_status":"closed","template":"","meta":{"footnotes":""},"class_list":["post-10","page","type-page","status-publish","hentry"],"_links":{"self":[{"href":"https:\/\/blogs.ua.es\/analisisperiodicodealmansa\/wp-json\/wp\/v2\/pages\/10","targetHints":{"allow":["GET"]}}],"collection":[{"href":"https:\/\/blogs.ua.es\/analisisperiodicodealmansa\/wp-json\/wp\/v2\/pages"}],"about":[{"href":"https:\/\/blogs.ua.es\/analisisperiodicodealmansa\/wp-json\/wp\/v2\/types\/page"}],"author":[{"embeddable":true,"href":"https:\/\/blogs.ua.es\/analisisperiodicodealmansa\/wp-json\/wp\/v2\/users\/2409"}],"replies":[{"embeddable":true,"href":"https:\/\/blogs.ua.es\/analisisperiodicodealmansa\/wp-json\/wp\/v2\/comments?post=10"}],"version-history":[{"count":11,"href":"https:\/\/blogs.ua.es\/analisisperiodicodealmansa\/wp-json\/wp\/v2\/pages\/10\/revisions"}],"predecessor-version":[{"id":103,"href":"https:\/\/blogs.ua.es\/analisisperiodicodealmansa\/wp-json\/wp\/v2\/pages\/10\/revisions\/103"}],"wp:attachment":[{"href":"https:\/\/blogs.ua.es\/analisisperiodicodealmansa\/wp-json\/wp\/v2\/media?parent=10"}],"curies":[{"name":"wp","href":"https:\/\/api.w.org\/{rel}","templated":true}]}}