{"id":2,"date":"2015-11-28T13:17:49","date_gmt":"2015-11-28T13:17:49","guid":{"rendered":"https:\/\/blogs.ua.es\/analisisperiodicodealmansa\/?page_id=2"},"modified":"2015-11-29T15:58:51","modified_gmt":"2015-11-29T15:58:51","slug":"pagina-ejemplo","status":"publish","type":"page","link":"https:\/\/blogs.ua.es\/analisisperiodicodealmansa\/pagina-ejemplo\/","title":{"rendered":"Personalidad del Peri\u00f3dico"},"content":{"rendered":"<p>Vamos a estudiar el registro de identificaci\u00f3n de un peri\u00f3dico local, para ello vamos a destacar las principales caracter\u00edsticas:<\/p>\n<ol>\n<li>Nombre del Peri\u00f3dico.<\/li>\n<li>El lugar de residencia de la administraci\u00f3n y la redacci\u00f3n.<\/li>\n<li>Las indicaciones que se pueden acompa\u00f1ar al nombre.<\/li>\n<li>La periodicidad.<\/li>\n<li>La zona principal de difusi\u00f3n, tiraje y precio.<\/li>\n<li>Las caracter\u00edsticas excepcionales de la vida del peri\u00f3dico.<\/li>\n<li>Linea y acci\u00f3n pol\u00edtica.<\/li>\n<\/ol>\n<p style=\"text-align: center\"><strong>NOMBRE DEL PERI\u00d3DICO <\/strong><\/p>\n<p style=\"text-align: justify\">El peri\u00f3dico que vamos a analizar se trata de un peri\u00f3dico de la localidad de Almansa por ello el peri\u00f3dico utiliza como nombre <em>\u201cPeri\u00f3dico de Almansa\u201d. <\/em>La elecci\u00f3n de este nombre no es casualidad, debido a que recurre al nombre de la ciudad,\u00a0 como rasgo de identificaci\u00f3n para todos los habitantes de la localidad.\u00a0 El nombre del peri\u00f3dico tiene un mensaje claro y directo va dirigido para todos aquellos que pertenecen a la ciudad de Almansa ya que su distribuci\u00f3n y las noticias solo estar\u00e1n vinculadas al pueblo de Almansa. Analizando el nombre del peri\u00f3dico es un t\u00edtulo pol\u00edticamente parcial ni de izquierda ni de derechas, a primera vista es\u00a0 un t\u00edtulo que va a defender los intereses de esta localidad.<\/p>\n<p style=\"text-align: center\"><strong>EL LUGAR DE RESIDENCIA DE LA ADMINISTRACI\u00d3N Y LA REDACCI\u00d3N <\/strong><\/p>\n<p style=\"text-align: justify\">El lugar de residencia no se trata del lugar de impresi\u00f3n sino el lugar del plano geogr\u00e1fico que caracteriza al peri\u00f3dico, es decir el lugar de residencia de \u00e9ste peri\u00f3dico es Almansa, ya que la impresi\u00f3n puede cambiar pero las noticias y la distribuci\u00f3n siempre ser\u00e1n sobre este plano geogr\u00e1fico.<\/p>\n<p>La residencia de la administraci\u00f3n del peri\u00f3dico va a ser el domicilio legal y el lugar donde se distribuye: \u201c<em>Paseo de las Huertas, 2 &#8211; 4\u00ba &#8211; H. (Almansa)\u201d\u00a0 <\/em><\/p>\n<p style=\"text-align: left\">El Holograma del Peri\u00f3dico de Almansa es este:\u00a0<img loading=\"lazy\" decoding=\"async\" class=\"wp-image-64 aligncenter\" src=\"https:\/\/blogs.ua.es\/analisisperiodicodealmansa\/files\/2015\/11\/Holograma.001-200x300.jpg\" alt=\"Holograma.001\" width=\"200\" height=\"300\" srcset=\"https:\/\/blogs.ua.es\/analisisperiodicodealmansa\/files\/2015\/11\/Holograma.001-200x300.jpg 200w, https:\/\/blogs.ua.es\/analisisperiodicodealmansa\/files\/2015\/11\/Holograma.001-681x1024.jpg 681w, https:\/\/blogs.ua.es\/analisisperiodicodealmansa\/files\/2015\/11\/Holograma.001.jpg 802w\" sizes=\"auto, (max-width: 200px) 100vw, 200px\" \/><\/p>\n<p style=\"text-align: center\"><strong>LAS INDICIACIONES QUE SE PUEDEN ACOMPA\u00d1AR AL NOMBRE <\/strong><\/p>\n<p style=\"text-align: justify\">Profundizando, podemos observar que el t\u00edtulo de \u00e9ste peri\u00f3dico se asocia para mandar un mensaje directo a los lectores con el fin de orientar y visualizar todo el mensaje.<\/p>\n<p style=\"text-align: justify\"><a href=\"https:\/\/blogs.ua.es\/analisisperiodicodealmansa\/files\/2015\/11\/Titulo.0011.jpg\"><img loading=\"lazy\" decoding=\"async\" class=\"aligncenter\" src=\"https:\/\/blogs.ua.es\/analisisperiodicodealmansa\/files\/2015\/11\/Titulo.0011-300x60.jpg\" alt=\"Titulo.001\" width=\"300\" height=\"60\" \/><\/a><\/p>\n<p style=\"text-align: justify\">Podemos observar como la indicaci\u00f3n que acompa\u00f1a al nombre se integra dentro de la letra <em>\u201cL\u201d<\/em> para mantener ese mensaje directo hacia el lector almanse\u00f1o.<\/p>\n<p style=\"text-align: justify\">Vamos a observar que la tendencia del peri\u00f3dico que va a ir siempre relacionado con su\u00a0nombre. En este caso van a ser noticias relacionadas con la localidad de Almansa, en todas las facetas: pol\u00edtica municipal, cultural, fiestas patronales, asociaciones, anuncios, deportes etc. Por ejemplo tenemos aqu\u00ed la p\u00e1gina 2:<a href=\"https:\/\/blogs.ua.es\/analisisperiodicodealmansa\/files\/2015\/11\/Cultura.001.jpg\"><img loading=\"lazy\" decoding=\"async\" class=\"size-medium wp-image-67 alignright\" src=\"https:\/\/blogs.ua.es\/analisisperiodicodealmansa\/files\/2015\/11\/Cultura.001-204x300.jpg\" alt=\"Cultura.001\" width=\"204\" height=\"300\" srcset=\"https:\/\/blogs.ua.es\/analisisperiodicodealmansa\/files\/2015\/11\/Cultura.001-204x300.jpg 204w, https:\/\/blogs.ua.es\/analisisperiodicodealmansa\/files\/2015\/11\/Cultura.001-695x1024.jpg 695w\" sizes=\"auto, (max-width: 204px) 100vw, 204px\" \/><\/a><\/p>\n<p style=\"text-align: center\"><strong>\u00a0<\/strong><strong>LA PERIODICIDAD<\/strong><\/p>\n<p style=\"text-align: justify\">Este peri\u00f3dico tiene una periodicidad mensual, esto quiere decir que el peri\u00f3dico llega a la casa de los almanse\u00f1os una vez al mes. En \u00e9ste caso no se trata de un peri\u00f3dico cotidiano ya que no es un peri\u00f3dico que realiza una tirada diaria por tanto las noticias no ser\u00e1n actuales, sino una selecci\u00f3n cuidadosa de lo m\u00e1s destacable de ese mes.<\/p>\n<p style=\"text-align: center\"><strong>LA ZONA PRINCIPAL DE DIFUSI\u00d3N, TIRAJE Y PRECIO<\/strong><\/p>\n<p style=\"text-align: justify\">El momento de la aparici\u00f3n de este peri\u00f3dico es en el a\u00f1o 1997, teniendo de vida 18 a\u00f1os. La zona principal de difusi\u00f3n ser\u00e1 la ciudad de Almansa, el objetivo del peri\u00f3dico es informar a los ciudadanos almanse\u00f1os, de los acontecimientos que suceden en la localidad.\u00a0 De esta manera se puede ver como el peri\u00f3dico tiene como principal objetivo resaltar la importancia de la localidad dentro del contexto de Castilla-La Mancha.<\/p>\n<p style=\"text-align: justify\">El Peri\u00f3dico de Almansa es distribuido por todos los hogares almanse\u00f1os, espacios p\u00fablicos, bares, asociaciones, etc, de forma totalmente gratuita. La estrategia que el peri\u00f3dico va a llevar a cabo es la de un peri\u00f3dico gratuito, \u00a0que llega todos los meses a los buzones de los almanse\u00f1os, consiguiendo de una forma muy eficaz que el mensaje de las noticias de estos peri\u00f3dicos lleguen a las manos de\u00a0 todos los habitantes de la localidad.<\/p>\n<p style=\"text-align: center\"><strong>LAS CARACTER\u00cdSTICAS EXCEPCIONALES DE LA VIDA DEL PERI\u00d3DICO<\/strong><\/p>\n<p style=\"text-align: justify\">Analizando los 18 a\u00f1os del peri\u00f3dico, vemos que se han publicado dos tiradas con caracter\u00edsticas excepcionales en la vida de \u00e9ste peri\u00f3dico. Se han realizado dos peri\u00f3dicos especiales como celebraci\u00f3n de la vida de \u00e9ste, uno en el a\u00f1o 2007 con la celebraci\u00f3n de sus 10 a\u00f1os y otro para celebrar sus 18 a\u00f1os. En las dos podemos observar que utilizar\u00e1 todo el espacio de la portada para destacar que es un peri\u00f3dico de una tirada especial, pero manteniendo la personalidad del peri\u00f3dico con el mismo t\u00edtulo en la cabecera:<\/p>\n<p style=\"text-align: justify\"><a href=\"https:\/\/blogs.ua.es\/analisisperiodicodealmansa\/files\/2015\/11\/PORTADAS.jpg\"><img loading=\"lazy\" decoding=\"async\" class=\"wp-image-82 aligncenter\" src=\"https:\/\/blogs.ua.es\/analisisperiodicodealmansa\/files\/2015\/11\/PORTADAS-300x207.jpg\" alt=\"PORTADAS\" width=\"425\" height=\"293\" srcset=\"https:\/\/blogs.ua.es\/analisisperiodicodealmansa\/files\/2015\/11\/PORTADAS-300x207.jpg 300w, https:\/\/blogs.ua.es\/analisisperiodicodealmansa\/files\/2015\/11\/PORTADAS-1024x706.jpg 1024w\" sizes=\"auto, (max-width: 425px) 100vw, 425px\" \/><\/a><\/p>\n<p style=\"text-align: center\"><strong>L\u00cdNEA Y ACCI\u00d3N POL\u00cdTICA<\/strong><\/p>\n<p style=\"text-align: justify\">El peri\u00f3dico es un peri\u00f3dico independiente,\u00a0 como se muestra debajo del t\u00edtulo. \u00c9ste se define como un peri\u00f3dico tolerante, plural e independiente que respeta a todos los organismos pol\u00edticos tanto de un color u otro. Analizando el peri\u00f3dico podemos destacar que es cierto, hay un gran respeto hacia todas las partes. \u00a0Se \u00a0publican \u00a0las noticias de todos los partidos pero la importancia de las noticias no van a ser iguales para todos los partidos. El tama\u00f1o de las noticias, fotograf\u00edas, colores\u2026 no van a ser todas las mimas. Observando la evoluci\u00f3n del peri\u00f3dico\u00a0 podemos resaltar \u00a0que la importancia va a depender seg\u00fan sea de un partido u otro dependiendo de que gobierno se encuentre en el poder. Muestra de ello, tenemos las noticias de \u00e9ste peri\u00f3dico:<\/p>\n<ul style=\"text-align: justify\">\n<li>N\u00ba de noticias de gran tama\u00f1o del partido gobernante: 19.<\/li>\n<li>N\u00ba de fotograf\u00edas del alcalde: 27<\/li>\n<\/ul>\n<p style=\"text-align: justify\">Profundizando la l\u00ednea pol\u00edtica del peri\u00f3dico tanto en el N\u00ba229 de Noviembre del 2015, como en el especial de abril del 2015, en ambos podemos observar que hay noticias que favorecen positivamente al partido gobernante de la localidad en el cual se resalta en la noticia de un <em>\u201cambiente preelectoral, de cara a las generales del 20 de diciembre\u201d<\/em> con un mensaje directo de propaganda pol\u00edtica.<\/p>\n<p style=\"text-align: justify\"><a href=\"https:\/\/blogs.ua.es\/analisisperiodicodealmansa\/files\/2015\/11\/PP.001.jpg\"><img loading=\"lazy\" decoding=\"async\" class=\"size-medium wp-image-65 aligncenter\" src=\"https:\/\/blogs.ua.es\/analisisperiodicodealmansa\/files\/2015\/11\/PP.001-300x232.jpg\" alt=\"PP.001\" width=\"300\" height=\"232\" srcset=\"https:\/\/blogs.ua.es\/analisisperiodicodealmansa\/files\/2015\/11\/PP.001-300x232.jpg 300w, https:\/\/blogs.ua.es\/analisisperiodicodealmansa\/files\/2015\/11\/PP.001-1024x790.jpg 1024w\" sizes=\"auto, (max-width: 300px) 100vw, 300px\" \/><\/a><\/p>\n<p style=\"text-align: justify\">Y en el ejemplo del peri\u00f3dico especial de los <em>\u201c18 a\u00f1os\u201d,<\/em> vemos como el gobierno gobernante aprovecha un peri\u00f3dico hist\u00f3rico para la ciudad de Almansa para usarlo como medio propagand\u00edstico utilizando noticias favorables para su partido, ejemplo de ello la contraportada de \u00e9ste:<\/p>\n<p style=\"text-align: justify\"><a href=\"https:\/\/blogs.ua.es\/analisisperiodicodealmansa\/files\/2015\/11\/PP.002.jpg\"><img loading=\"lazy\" decoding=\"async\" class=\"size-medium wp-image-70 aligncenter\" src=\"https:\/\/blogs.ua.es\/analisisperiodicodealmansa\/files\/2015\/11\/PP.002-212x300.jpg\" alt=\"PP.002\" width=\"212\" height=\"300\" srcset=\"https:\/\/blogs.ua.es\/analisisperiodicodealmansa\/files\/2015\/11\/PP.002-212x300.jpg 212w, https:\/\/blogs.ua.es\/analisisperiodicodealmansa\/files\/2015\/11\/PP.002-725x1024.jpg 725w\" sizes=\"auto, (max-width: 212px) 100vw, 212px\" \/><\/a><\/p>\n<p>Para finalizar la personalidad del peri\u00f3dico vamos a destacar, \u00e9stas caracter\u00edsticas:<\/p>\n<ul>\n<li>Formato: 40,8cm x 29,1cm<\/li>\n<li>N\u00famero de p\u00e1ginas: 32 p\u00e1ginas.<\/li>\n<li>N\u00famero de columnas por p\u00e1ginas: 5 columnas.<\/li>\n<\/ul>\n","protected":false},"excerpt":{"rendered":"<p>Vamos a estudiar el registro de identificaci\u00f3n de un peri\u00f3dico local, para ello vamos a destacar las principales caracter\u00edsticas: Nombre del Peri\u00f3dico. El lugar de residencia de la administraci\u00f3n y la redacci\u00f3n. Las indicaciones que se pueden acompa\u00f1ar al nombre. &hellip; <a href=\"https:\/\/blogs.ua.es\/analisisperiodicodealmansa\/pagina-ejemplo\/\">Continue reading <span class=\"meta-nav\">&rarr;<\/span><\/a><\/p>\n","protected":false},"author":2409,"featured_media":0,"parent":0,"menu_order":1,"comment_status":"closed","ping_status":"closed","template":"","meta":{"footnotes":""},"class_list":["post-2","page","type-page","status-publish","hentry"],"_links":{"self":[{"href":"https:\/\/blogs.ua.es\/analisisperiodicodealmansa\/wp-json\/wp\/v2\/pages\/2","targetHints":{"allow":["GET"]}}],"collection":[{"href":"https:\/\/blogs.ua.es\/analisisperiodicodealmansa\/wp-json\/wp\/v2\/pages"}],"about":[{"href":"https:\/\/blogs.ua.es\/analisisperiodicodealmansa\/wp-json\/wp\/v2\/types\/page"}],"author":[{"embeddable":true,"href":"https:\/\/blogs.ua.es\/analisisperiodicodealmansa\/wp-json\/wp\/v2\/users\/2409"}],"replies":[{"embeddable":true,"href":"https:\/\/blogs.ua.es\/analisisperiodicodealmansa\/wp-json\/wp\/v2\/comments?post=2"}],"version-history":[{"count":9,"href":"https:\/\/blogs.ua.es\/analisisperiodicodealmansa\/wp-json\/wp\/v2\/pages\/2\/revisions"}],"predecessor-version":[{"id":88,"href":"https:\/\/blogs.ua.es\/analisisperiodicodealmansa\/wp-json\/wp\/v2\/pages\/2\/revisions\/88"}],"wp:attachment":[{"href":"https:\/\/blogs.ua.es\/analisisperiodicodealmansa\/wp-json\/wp\/v2\/media?parent=2"}],"curies":[{"name":"wp","href":"https:\/\/api.w.org\/{rel}","templated":true}]}}