{"id":33,"date":"2015-11-28T15:33:55","date_gmt":"2015-11-28T15:33:55","guid":{"rendered":"https:\/\/blogs.ua.es\/analisisperiodicodealmansa\/?page_id=33"},"modified":"2017-07-17T22:57:25","modified_gmt":"2017-07-17T22:57:25","slug":"morfologia-ii","status":"publish","type":"page","link":"https:\/\/blogs.ua.es\/analisisperiodicodealmansa\/morfologia-5\/morfologia-ii\/","title":{"rendered":"M\u00e9todos y Reglas"},"content":{"rendered":"<p style=\"text-align: justify\">Se ha seleccionado el n\u00famero 229 de Noviembre de 2015 del peri\u00f3dico independiente de Almansa por ser un n\u00famero sin caracter\u00edsticas ins\u00f3litas en referencia al resto de n\u00fameros emitidos. De forma que al aplicar las diferentes t\u00e9cnicas no se obtuvieran valores desproporcionados en referencia a la naturaleza del peri\u00f3dico.<\/p>\n<p style=\"text-align: justify\">La valoraci\u00f3n se ha realizado teniendo en cuenta las p\u00e1ginas en conjunto y a la vez por separado, con la intenci\u00f3n de obtener resultados metodol\u00f3gicos en la morfolog\u00eda del peri\u00f3dico.<\/p>\n<p style=\"text-align: justify\">En cuanto al contenido, teniendo en cuenta el \u00e1mbito regional el peri\u00f3dico, este desarrolla temas de todo tipo, pol\u00edticos, sucesos, econ\u00f3micos\u2026 Especialmente muestra un mayor inter\u00e9s por los temas de car\u00e1cter pol\u00edtico.<\/p>\n<p style=\"text-align: center\"><strong>Procedimientos de Recuento<\/strong><\/p>\n<p style=\"text-align: justify\">Los procedimientos de recuento han estado enfocados directamente al estudio del propio peri\u00f3dico, por lo que se han establecido mediante porcentajes (sin despreciar los valores absolutos obtenidos).<\/p>\n<p style=\"text-align: justify\">En cuanto al espacio utilizado, la publicidad ocupa una gran parte en relaci\u00f3n al total de noticias, cercano al 22% del total. Con esto lo que podemos observar son 2 de los principales objetivos del peri\u00f3dico, la pol\u00edtica local y posiblemente la autofinanciaci\u00f3n mediante publicidad, ya que el peri\u00f3dico es de libre reparto.<\/p>\n<p style=\"text-align: justify\">El procedimiento de recuento, especialmente aplicado al espacio utilizado y dividido por materias se ha realizado mediante porcentajes simplemente para poder determinar de una forma global la identidad y finalidad del peri\u00f3dico.<\/p>\n<p style=\"text-align: center\"><strong>Condiciones del recuento<\/strong><\/p>\n<p style=\"text-align: justify\">Para este puto se han utilizado los textos, los t\u00edtulos y las ilustraciones. Con esto se pretende obtener una visi\u00f3n global del tratamiento de la informaci\u00f3n de los diferentes temas (pol\u00edticos, econ\u00f3micos, sucesos\u2026) por parte del peri\u00f3dico. Par la aplicaci\u00f3n de las t\u00e9cnicas se ha utilizado diversas noticias de entidad pol\u00edtica referente al gobierno local del Partido Popular.<\/p>\n<p style=\"text-align: justify\">Para estas los t\u00edtulos son aproximadamente un 15% mayor que en el resto de noticias, las ilustraciones ocupan tambi\u00e9n una gran en torno al 80% del total del peri\u00f3dico, mientras que por \u00faltimo el texto ocupa entorno al 15% restante por p\u00e1gina.<\/p>\n<p style=\"text-align: justify\">Esto demuestra posiblemente un trato preferente no solo hacia las noticias pol\u00edticas, sino especialmente a aquellas relacionadas con el gobierno local. Por lo que las noticias pol\u00edticas relacionadas con el gobierno local ocupan toda la superficie impresa de la p\u00e1gina.<\/p>\n<p style=\"text-align: center\"><strong>Valor relativo y valor absoluto.<\/strong><\/p>\n<p style=\"text-align: justify\">Pare este se ha realizado una observaci\u00f3n selectiva del conjunto de p\u00e1ginas del peri\u00f3dico, para posteriormente descartar aquellas con valores tem\u00e1ticos y espaciales diferentes muy dispares al resto de p\u00e1ginas.<\/p>\n<p style=\"text-align: justify\">La composici\u00f3n porcentual por noticias y temas de las p\u00e1ginas mantiene un patr\u00f3n poco variable:<\/p>\n<p style=\"text-align: justify\">&#8211; Noticas pol\u00edticas: entorno al 28% del total del peri\u00f3dico.<\/p>\n<p style=\"text-align: justify\">&#8211; Asuntos culturales de \u00e1mbito local: entorno al 34%.<\/p>\n<p style=\"text-align: justify\">&#8211; Noticias econ\u00f3micas: entorno al 6%.<\/p>\n<p style=\"text-align: justify\">&#8211; Noticias deportivas: entorno al 15%.<\/p>\n<p style=\"text-align: justify\">&#8211; Asuntos diversos: entorno al 6%.<\/p>\n<p style=\"text-align: justify\">Para la elaboraci\u00f3n se ha considerado una variaci\u00f3n por p\u00e1gina entorno al 5%, por lo que los resultados muestran los porcentajes del espacio impreso ocupado por materias con una variaci\u00f3n del 5% m\u00e1ximo.<\/p>\n<p style=\"text-align: justify\"><a href=\"https:\/\/blogs.ua.es\/analisisperiodicodealmansa\/files\/2015\/11\/grafico1.jpg\"><img loading=\"lazy\" decoding=\"async\" class=\"wp-image-97 aligncenter\" src=\"https:\/\/blogs.ua.es\/analisisperiodicodealmansa\/files\/2015\/11\/grafico1-300x176.jpg\" alt=\"grafico1\" width=\"301\" height=\"176\" srcset=\"https:\/\/blogs.ua.es\/analisisperiodicodealmansa\/files\/2015\/11\/grafico1-300x176.jpg 300w, https:\/\/blogs.ua.es\/analisisperiodicodealmansa\/files\/2015\/11\/grafico1.jpg 685w\" sizes=\"auto, (max-width: 301px) 100vw, 301px\" \/><\/a><\/p>\n<p style=\"text-align: justify\"><a href=\"https:\/\/blogs.ua.es\/analisisperiodicodealmansa\/files\/2015\/11\/grafico2.jpg\"><img loading=\"lazy\" decoding=\"async\" class=\"size-medium wp-image-98 aligncenter\" src=\"https:\/\/blogs.ua.es\/analisisperiodicodealmansa\/files\/2015\/11\/grafico2-300x175.jpg\" alt=\"grafico2\" width=\"300\" height=\"175\" srcset=\"https:\/\/blogs.ua.es\/analisisperiodicodealmansa\/files\/2015\/11\/grafico2-300x175.jpg 300w, https:\/\/blogs.ua.es\/analisisperiodicodealmansa\/files\/2015\/11\/grafico2.jpg 685w\" sizes=\"auto, (max-width: 300px) 100vw, 300px\" \/><\/a><\/p>\n","protected":false},"excerpt":{"rendered":"<p>Se ha seleccionado el n\u00famero 229 de Noviembre de 2015 del peri\u00f3dico independiente de Almansa por ser un n\u00famero sin caracter\u00edsticas ins\u00f3litas en referencia al resto de n\u00fameros emitidos. De forma que al aplicar las diferentes t\u00e9cnicas no se obtuvieran &hellip; <a href=\"https:\/\/blogs.ua.es\/analisisperiodicodealmansa\/morfologia-5\/morfologia-ii\/\">Continue reading <span class=\"meta-nav\">&rarr;<\/span><\/a><\/p>\n","protected":false},"author":2409,"featured_media":0,"parent":58,"menu_order":0,"comment_status":"closed","ping_status":"closed","template":"","meta":{"footnotes":""},"class_list":["post-33","page","type-page","status-publish","hentry"],"_links":{"self":[{"href":"https:\/\/blogs.ua.es\/analisisperiodicodealmansa\/wp-json\/wp\/v2\/pages\/33","targetHints":{"allow":["GET"]}}],"collection":[{"href":"https:\/\/blogs.ua.es\/analisisperiodicodealmansa\/wp-json\/wp\/v2\/pages"}],"about":[{"href":"https:\/\/blogs.ua.es\/analisisperiodicodealmansa\/wp-json\/wp\/v2\/types\/page"}],"author":[{"embeddable":true,"href":"https:\/\/blogs.ua.es\/analisisperiodicodealmansa\/wp-json\/wp\/v2\/users\/2409"}],"replies":[{"embeddable":true,"href":"https:\/\/blogs.ua.es\/analisisperiodicodealmansa\/wp-json\/wp\/v2\/comments?post=33"}],"version-history":[{"count":9,"href":"https:\/\/blogs.ua.es\/analisisperiodicodealmansa\/wp-json\/wp\/v2\/pages\/33\/revisions"}],"predecessor-version":[{"id":105,"href":"https:\/\/blogs.ua.es\/analisisperiodicodealmansa\/wp-json\/wp\/v2\/pages\/33\/revisions\/105"}],"up":[{"embeddable":true,"href":"https:\/\/blogs.ua.es\/analisisperiodicodealmansa\/wp-json\/wp\/v2\/pages\/58"}],"wp:attachment":[{"href":"https:\/\/blogs.ua.es\/analisisperiodicodealmansa\/wp-json\/wp\/v2\/media?parent=33"}],"curies":[{"name":"wp","href":"https:\/\/api.w.org\/{rel}","templated":true}]}}