{"id":58,"date":"2015-11-28T16:30:05","date_gmt":"2015-11-28T16:30:05","guid":{"rendered":"https:\/\/blogs.ua.es\/analisisperiodicodealmansa\/?page_id=58"},"modified":"2015-12-01T09:56:33","modified_gmt":"2015-12-01T09:56:33","slug":"morfologia-5","status":"publish","type":"page","link":"https:\/\/blogs.ua.es\/analisisperiodicodealmansa\/morfologia-5\/","title":{"rendered":"Morfolog\u00eda"},"content":{"rendered":"<p style=\"text-align: justify\">Para realizar el an\u00e1lisis morfol\u00f3gico del texto, he llevado a cabo un estudio diferenciando los distintos elementos que conforman la estructura del per\u00edodo: la portada y el resto de p\u00e1ginas especializadas del peri\u00f3dico, las cuales tratan diversos temas \u00a0de actualidad regional de Almansa.<\/p>\n<p style=\"text-align: justify\">En relaci\u00f3n a la portada del Peri\u00f3dico de Almansa publicado en noviembre del 2015, los elementos fundamentales que la constituyen se encuentran distribuidos porcentualmente entre un 80% de im\u00e1genes y un 20% de espacio de texto. Esto se debe a que en la portada de dicho diario no aparece ning\u00fan tipo de elemento publicitario, y todo el espacio disponible de la portada, se encuentra compuesto por elementos que introducen una misma noticia, la cual est\u00e1 desarrollada m\u00e1s pormenorizadamente en las p\u00e1ginas interiores del peri\u00f3dico. La imagen que conforma la portada es una ilustraci\u00f3n fotogr\u00e1fica, la cual ilustra la noticia m\u00e1s relevante en opini\u00f3n del director del peri\u00f3dico de la que se hace eco el noticiero. En cuanto al espacio porcentual de texto, \u00e9ste se encuentra distribuido en un 10% de t\u00edtulos y 10% de textos. De esta manera, el espacio de texto es bastante reducido y se haya introducido por un t\u00edtulo y por un subtitulo significativo.<\/p>\n<p style=\"text-align: justify\">En cuanto a las p\u00e1ginas especializadas y su clasificaci\u00f3n por materias hemos realizado una clasificaci\u00f3n seg\u00fan el contenido, ya que en nuestra opini\u00f3n, este tipo de clasificaci\u00f3n\u00a0 es la que reviste mayor inter\u00e9s para el estudio de los peri\u00f3dicos, puesto que ofrece el mayor n\u00famero de informaci\u00f3n y permite desprender el mayor n\u00famero de conclusiones sobre dicho diario. De esta manera, hemos establecido una clasificaci\u00f3n \u00a0diferenciado una serie de categor\u00edas o asuntos de informaci\u00f3n:<\/p>\n<ul style=\"text-align: justify\">\n<li>Informaciones pol\u00edticas<\/li>\n<li>Informaciones econ\u00f3micas<\/li>\n<li>Informaciones culturales<\/li>\n<li>Informaciones deportivas<\/li>\n<li>Asuntos diversos<\/li>\n<\/ul>\n<p style=\"text-align: center\"><strong><u>Informaciones pol\u00edticas <\/u><\/strong><\/p>\n<p style=\"text-align: justify\">Esta informaci\u00f3n abarca desde la p\u00e1gina 4 a la p\u00e1gina 12 del peri\u00f3dico. Es una de \u00a0las secciones m\u00e1s extensas del diario, y est\u00e1 compuesta \u00fanicamente por noticias y eventos pol\u00edticos vinculados al municipio de Almansa. La mayor\u00eda de las noticias y eventos publicados en el diario, est\u00e1n acompa\u00f1adas de un elemento fotogr\u00e1fico ilustrativo, existiendo un gran n\u00famero de im\u00e1genes en toda la secci\u00f3n informativa.<\/p>\n<p style=\"text-align: justify\">En cuanto a los recursos publicitarios de esta secci\u00f3n, son significativamente reducidos, ya que \u00fanicamente aparece un elemento publicitado en todo el espacio. Sin embargo, hay que destacar que dicho elemento ocupa un espacio completo del anverso de una de las p\u00e1ginas de la secci\u00f3n.<\/p>\n<p style=\"text-align: center\"><strong><u>Informaciones econ\u00f3micas<\/u><\/strong><\/p>\n<p style=\"text-align: justify\">Estas informaciones est\u00e1n comprendidas entre las p\u00e1ginas 24 y 25, teniendo una importancia bastante reducida en cuanto a su extensi\u00f3n en el peri\u00f3dico. Son tambi\u00e9n noticias econ\u00f3micas de \u00e1mbito \u00fanicamente regionales, desarrollando diversas informaciones vinculadas con el municipio de Almansa.<\/p>\n<p style=\"text-align: center\"><strong><u>Informaciones culturales<\/u><\/strong><\/p>\n<p style=\"text-align: justify\">En relaci\u00f3n a esta informaci\u00f3n, \u00e9stas est\u00e1n desarrolladas entre las p\u00e1ginas 13 y 23. Esta secci\u00f3n ocupa una posici\u00f3n cuantitativa significativa en el peri\u00f3dico, ya que el n\u00famero de hojas\u00a0 en las cuales se desarrolla dicha informaci\u00f3n es importante. Hay que destacar que en esta secci\u00f3n no hay \u00fanicamente noticias o acontecimientos estrictamente culturales, sino que tambi\u00e9n aparecen eventos relacionados con la vida social de la poblaci\u00f3n de Almansa. Las noticias ofrecidas en este espacio, son ilustradas por numerosas ilustraciones fotogr\u00e1ficas que recogen los distintos acontecimientos y que ocupan un alto porcentaje del espacio de redacci\u00f3n. Por \u00faltimo, destacar que en este apartado hay gran cantidad de publicidad concentrada ya que \u00fanicamente es esta secci\u00f3n aparecen 3 p\u00e1ginas completas de publicidad, a las que hay que a\u00f1adir otro peque\u00f1o espacio publicitario en la parte inferior de otra de las p\u00e1ginas.<\/p>\n<p style=\"text-align: center\"><strong><u>Informaci\u00f3n deportiva<\/u><\/strong><\/p>\n<p style=\"text-align: justify\">La informaci\u00f3n referente al \u00e1mbito deportivo se muestra entre las p\u00e1ginas 27 y 31. A lo largo de esta secci\u00f3n, el diario desarrolla las noticas deportivas de la regi\u00f3n, destacando noticias tanto del deporte base de Almansa, como de las noticias deportivas m\u00e1s relevantes del deporte profesional del municipio. Esta secci\u00f3n tiene una subsecci\u00f3n interna, en la cual, en cada publicaci\u00f3n del peri\u00f3dico, se lleva a cabo una entrevista a un personaje destacado del \u00e1mbito deportivo. Las ilustraciones en esta secci\u00f3n tambi\u00e9n son significativas, sin embargo, el espacio textual es todav\u00eda m\u00e1s rese\u00f1able, existiendo un\u00a0 correcto equilibrio entre los dos espacios. En cuanto a la publicidad en el espacio deportivo, \u00e9sta es muy reducida, ya que \u00fanicamente aparece un peque\u00f1o espacio publicitario que ocupa un lugar muy poco destacable en una de las p\u00e1ginas.<\/p>\n<p style=\"text-align: center\"><strong><u>Espacios diversos<\/u><\/strong><\/p>\n<p style=\"text-align: justify\">Este espacio est\u00e1 formado por dos secciones bien distintas: espacio de opini\u00f3n y agenda\u00a0 municipal. La primera de ellas es el denominado \u201ceditorial\u201d, este espacio est\u00e1 situado en un lugar preferente dentro del peri\u00f3dico, ya que se encuentra\u00a0 ubicado en la p\u00e1gina 3. En dicho espacio se expone un art\u00edculo de opini\u00f3n colectiva, formulado en concordancia con la\u00a0l\u00ednea ideol\u00f3gica\u00a0del medio, en el cual se destacan una serie de acontecimientos importantes tanto a nivel nacional e internacional, como a nivel local. Hay que destacar tambi\u00e9n que en la misma p\u00e1gina se encuentra un peque\u00f1o \u00edndice del contenido del diario, donde aparecen peque\u00f1os titulares que resumen las noticias encabezados por peque\u00f1as ilustraciones fotogr\u00e1ficas. En relaci\u00f3n al segundo espacio, la agenda ocupa la totalidad de la p\u00e1gina n\u00famero 26, y en ella se dispone diversa informaci\u00f3n acerca de horarios y tel\u00e9fonos de distintas instituciones y lugares de inter\u00e9s p\u00fablico de Almansa, dese horarios y tel\u00e9fonos de farmacias de guardia hasta horarios de autobuses y trenes.<\/p>\n<p style=\"text-align: justify\">Para finalizar, destacar la contraportada del peri\u00f3dico, la cual est\u00e1 destinada a presentar un \u00fanico espacio publicitario a p\u00e1gina completa.<\/p>\n<p style=\"text-align: justify\">\n","protected":false},"excerpt":{"rendered":"<p>Para realizar el an\u00e1lisis morfol\u00f3gico del texto, he llevado a cabo un estudio diferenciando los distintos elementos que conforman la estructura del per\u00edodo: la portada y el resto de p\u00e1ginas especializadas del peri\u00f3dico, las cuales tratan diversos temas \u00a0de actualidad &hellip; <a href=\"https:\/\/blogs.ua.es\/analisisperiodicodealmansa\/morfologia-5\/\">Continue reading <span class=\"meta-nav\">&rarr;<\/span><\/a><\/p>\n","protected":false},"author":2409,"featured_media":0,"parent":0,"menu_order":2,"comment_status":"closed","ping_status":"closed","template":"","meta":{"footnotes":""},"class_list":["post-58","page","type-page","status-publish","hentry"],"_links":{"self":[{"href":"https:\/\/blogs.ua.es\/analisisperiodicodealmansa\/wp-json\/wp\/v2\/pages\/58","targetHints":{"allow":["GET"]}}],"collection":[{"href":"https:\/\/blogs.ua.es\/analisisperiodicodealmansa\/wp-json\/wp\/v2\/pages"}],"about":[{"href":"https:\/\/blogs.ua.es\/analisisperiodicodealmansa\/wp-json\/wp\/v2\/types\/page"}],"author":[{"embeddable":true,"href":"https:\/\/blogs.ua.es\/analisisperiodicodealmansa\/wp-json\/wp\/v2\/users\/2409"}],"replies":[{"embeddable":true,"href":"https:\/\/blogs.ua.es\/analisisperiodicodealmansa\/wp-json\/wp\/v2\/comments?post=58"}],"version-history":[{"count":4,"href":"https:\/\/blogs.ua.es\/analisisperiodicodealmansa\/wp-json\/wp\/v2\/pages\/58\/revisions"}],"predecessor-version":[{"id":101,"href":"https:\/\/blogs.ua.es\/analisisperiodicodealmansa\/wp-json\/wp\/v2\/pages\/58\/revisions\/101"}],"wp:attachment":[{"href":"https:\/\/blogs.ua.es\/analisisperiodicodealmansa\/wp-json\/wp\/v2\/media?parent=58"}],"curies":[{"name":"wp","href":"https:\/\/api.w.org\/{rel}","templated":true}]}}