{"id":72,"date":"2015-11-29T12:17:13","date_gmt":"2015-11-29T12:17:13","guid":{"rendered":"https:\/\/blogs.ua.es\/analisisperiodicodealmansa\/?page_id=72"},"modified":"2015-12-01T14:14:32","modified_gmt":"2015-12-01T14:14:32","slug":"presentacion","status":"publish","type":"page","link":"https:\/\/blogs.ua.es\/analisisperiodicodealmansa\/","title":{"rendered":"Presentaci\u00f3n"},"content":{"rendered":"<p style=\"text-align: justify\"><a href=\"https:\/\/blogs.ua.es\/analisisperiodicodealmansa\/files\/2015\/11\/Portada.229-B.jpg\"><br \/>\n<\/a>\u00bfQui\u00e9nes somos? Somos Julio Garc\u00eda Rumbo, Ismael Navarro Susarte, Carlos Albors Lozano y Eduardo Piqueras Moya, alumnos de cuatro de Grado de Historia de la Universidad de Alicante. Este blog esta confeccionado con el an\u00e1lisis del Peri\u00f3dico de Almansa, para la asignatura de Metodolog\u00eda II impartida por Francisco Sevillano Calero.<\/p>\n<p style=\"text-align: justify\">Hemos seleccionado El Peri\u00f3dico de Almansa N\u00ba 229 de Noviembre del 2015. Nuestra elecci\u00f3n ha sido el medio de una comunicaci\u00f3n local y nos ha parecido interesante ver como se deja constancia, se seleccionan las noticias, como se maneja la propaganda pol\u00edtica dentro de un espacio local, anuncios pol\u00edticos, etc.<\/p>\n<p style=\"text-align: justify\"><img loading=\"lazy\" decoding=\"async\" class=\" wp-image-91 aligncenter\" src=\"https:\/\/blogs.ua.es\/analisisperiodicodealmansa\/files\/2015\/11\/Portada.229-B-208x300.jpg\" alt=\"Portada.229-B\" width=\"229\" height=\"331\" srcset=\"https:\/\/blogs.ua.es\/analisisperiodicodealmansa\/files\/2015\/11\/Portada.229-B-208x300.jpg 208w, https:\/\/blogs.ua.es\/analisisperiodicodealmansa\/files\/2015\/11\/Portada.229-B-711x1024.jpg 711w, https:\/\/blogs.ua.es\/analisisperiodicodealmansa\/files\/2015\/11\/Portada.229-B.jpg 1540w\" sizes=\"auto, (max-width: 229px) 100vw, 229px\" \/><\/p>\n<p style=\"text-align: justify\">Nuestro trabajo constaba del an\u00e1lisis de tal peri\u00f3dico y hemos llevado este trabajo a trav\u00e9s:<\/p>\n<ul>\n<li style=\"text-align: justify\">La Personalidad del Per\u00edodico: Julio Garc\u00eda Rumbo.<\/li>\n<li style=\"text-align: justify\">Morfolog\u00eda: Ismael Navarro Susarte y Eduardo Piqueras Moya.<\/li>\n<li style=\"text-align: justify\">Valorizaci\u00f3n: Carlos Albors Lozano.<\/li>\n<\/ul>\n<p>&nbsp;<\/p>\n","protected":false},"excerpt":{"rendered":"<p>\u00bfQui\u00e9nes somos? Somos Julio Garc\u00eda Rumbo, Ismael Navarro Susarte, Carlos Albors Lozano y Eduardo Piqueras Moya, alumnos de cuatro de Grado de Historia de la Universidad de Alicante. Este blog esta confeccionado con el an\u00e1lisis del Peri\u00f3dico de Almansa, para &hellip; <a href=\"https:\/\/blogs.ua.es\/analisisperiodicodealmansa\/\">Continue reading <span class=\"meta-nav\">&rarr;<\/span><\/a><\/p>\n","protected":false},"author":2409,"featured_media":0,"parent":0,"menu_order":0,"comment_status":"closed","ping_status":"closed","template":"","meta":{"footnotes":""},"class_list":["post-72","page","type-page","status-publish","hentry"],"_links":{"self":[{"href":"https:\/\/blogs.ua.es\/analisisperiodicodealmansa\/wp-json\/wp\/v2\/pages\/72","targetHints":{"allow":["GET"]}}],"collection":[{"href":"https:\/\/blogs.ua.es\/analisisperiodicodealmansa\/wp-json\/wp\/v2\/pages"}],"about":[{"href":"https:\/\/blogs.ua.es\/analisisperiodicodealmansa\/wp-json\/wp\/v2\/types\/page"}],"author":[{"embeddable":true,"href":"https:\/\/blogs.ua.es\/analisisperiodicodealmansa\/wp-json\/wp\/v2\/users\/2409"}],"replies":[{"embeddable":true,"href":"https:\/\/blogs.ua.es\/analisisperiodicodealmansa\/wp-json\/wp\/v2\/comments?post=72"}],"version-history":[{"count":6,"href":"https:\/\/blogs.ua.es\/analisisperiodicodealmansa\/wp-json\/wp\/v2\/pages\/72\/revisions"}],"predecessor-version":[{"id":102,"href":"https:\/\/blogs.ua.es\/analisisperiodicodealmansa\/wp-json\/wp\/v2\/pages\/72\/revisions\/102"}],"wp:attachment":[{"href":"https:\/\/blogs.ua.es\/analisisperiodicodealmansa\/wp-json\/wp\/v2\/media?parent=72"}],"curies":[{"name":"wp","href":"https:\/\/api.w.org\/{rel}","templated":true}]}}