{"id":23,"date":"2012-10-16T15:40:51","date_gmt":"2012-10-16T15:40:51","guid":{"rendered":"https:\/\/blogs.ua.es\/ancabezadevaca\/?page_id=23"},"modified":"2012-10-23T09:43:48","modified_gmt":"2012-10-23T09:43:48","slug":"presentacion","status":"publish","type":"page","link":"https:\/\/blogs.ua.es\/ancabezadevaca\/presentacion\/","title":{"rendered":"Presentaci\u00f3n"},"content":{"rendered":"<p style=\"text-align: justify\"><a href=\"https:\/\/blogs.ua.es\/ancabezadevaca\/files\/2012\/10\/cabeza_vaca3.jpg\"><img loading=\"lazy\" decoding=\"async\" class=\"alignright size-full wp-image-37\" src=\"https:\/\/blogs.ua.es\/ancabezadevaca\/files\/2012\/10\/cabeza_vaca3.jpg\" alt=\"LA ODISEA DE UNA EXPEDICION\" width=\"300\" height=\"225\" srcset=\"https:\/\/blogs.ua.es\/ancabezadevaca\/files\/2012\/10\/cabeza_vaca3.jpg 300w, https:\/\/blogs.ua.es\/ancabezadevaca\/files\/2012\/10\/cabeza_vaca3-150x112.jpg 150w\" sizes=\"auto, (max-width: 300px) 100vw, 300px\" \/><\/a>En este BLOG queremos daros a conocer una de las haza\u00f1as m\u00e1s incre\u00edbles de este mundo, que tal vez para muchos de nosotros han pasado ocultas. Creo que nos tendr\u00edamos que preguntar muchas m\u00e1s veces de las que nos lo preguntamos <em>\u201cdonde, cuando y quien\u201d<\/em> habr\u00e1 descubierto esto o aquello. Sin darnos cuenta nos hemos habituado a despertarnos y que las cosas ya est\u00e9n sin preguntarnos su origen y a quien le tenemos que agradecer algo.<\/p>\n<p style=\"text-align: justify\">Cuando vemos una gran catedral, es cierto que est\u00e1 realizada para adorar a un Dios desconocido para muchos, podemos saber quien la mando construir, pero muchas de las esquinas de la misma est\u00e1n firmadas con el nombre de <em>\u201cAn\u00f3nimo\u201d<\/em>. Lo mismo en cada rinc\u00f3n de nuestra propia casa, desde lo m\u00e1s grande a lo m\u00e1s peque\u00f1o\u2026Cuantas ma\u00f1anas sin darnos cuenta hemos enviado un GRACIAS al inventor del colch\u00f3n, sin embargo hay tantas cosas que no lanzamos ese GRACIAS!!<\/p>\n<p style=\"text-align: justify\">Este BLOG no es un canto al agradecimiento, pero en parte s\u00ed. He intentado recopilar de la manera m\u00e1s amena posible y haceros participe de forma cercana, la historia, las aventuras y desventuras de un hombre y todos sus compa\u00f1eros que podr\u00edan ser proclamados h\u00e9roes del siglo XV, pues ellos mismos nos han dado a conocer como era el NUEVO MUNDO en los a\u00f1os 1528-1535 Son Alvar N\u00fa\u00f1ez Cabeza de Vaca y sus compa\u00f1eros n\u00e1ufragos, otros dos espa\u00f1oles y un africano esclavizado, que vivieron bajo la custodia de los indios de Texas. Estos hombres eran los \u00fanicos supervivientes de la historia de una expedici\u00f3n espa\u00f1ola nefasta a la Florida en 1527 que termin\u00f3 por naufragar en la isla de Galveston. A ellos se les concede el t\u00edtulo de los descubridores de Texas.<\/p>\n","protected":false},"excerpt":{"rendered":"<p>En este BLOG queremos daros a conocer una de las haza\u00f1as m\u00e1s incre\u00edbles de este mundo, que tal vez para muchos de nosotros han pasado ocultas. Creo que nos tendr\u00edamos que preguntar muchas m\u00e1s veces de las que nos lo preguntamos \u201cdonde, cuando y quien\u201d habr\u00e1 descubierto esto o aquello. Sin darnos cuenta nos hemos [&hellip;]<\/p>\n","protected":false},"author":2186,"featured_media":0,"parent":0,"menu_order":0,"comment_status":"open","ping_status":"open","template":"","meta":{"footnotes":""},"class_list":["post-23","page","type-page","status-publish","hentry"],"_links":{"self":[{"href":"https:\/\/blogs.ua.es\/ancabezadevaca\/wp-json\/wp\/v2\/pages\/23","targetHints":{"allow":["GET"]}}],"collection":[{"href":"https:\/\/blogs.ua.es\/ancabezadevaca\/wp-json\/wp\/v2\/pages"}],"about":[{"href":"https:\/\/blogs.ua.es\/ancabezadevaca\/wp-json\/wp\/v2\/types\/page"}],"author":[{"embeddable":true,"href":"https:\/\/blogs.ua.es\/ancabezadevaca\/wp-json\/wp\/v2\/users\/2186"}],"replies":[{"embeddable":true,"href":"https:\/\/blogs.ua.es\/ancabezadevaca\/wp-json\/wp\/v2\/comments?post=23"}],"version-history":[{"count":4,"href":"https:\/\/blogs.ua.es\/ancabezadevaca\/wp-json\/wp\/v2\/pages\/23\/revisions"}],"predecessor-version":[{"id":36,"href":"https:\/\/blogs.ua.es\/ancabezadevaca\/wp-json\/wp\/v2\/pages\/23\/revisions\/36"}],"wp:attachment":[{"href":"https:\/\/blogs.ua.es\/ancabezadevaca\/wp-json\/wp\/v2\/media?parent=23"}],"curies":[{"name":"wp","href":"https:\/\/api.w.org\/{rel}","templated":true}]}}