{"id":41,"date":"2012-10-23T09:49:35","date_gmt":"2012-10-23T09:49:35","guid":{"rendered":"https:\/\/blogs.ua.es\/ancabezadevaca\/?page_id=41"},"modified":"2012-10-23T09:50:38","modified_gmt":"2012-10-23T09:50:38","slug":"sabes-quien-es","status":"publish","type":"page","link":"https:\/\/blogs.ua.es\/ancabezadevaca\/presentacion\/sabes-quien-es\/","title":{"rendered":"\u00bfSABES QUIEN ES?"},"content":{"rendered":"<p style=\"text-align: justify\">\u00c1lvar Nu\u00f1ez era un explorador espa\u00f1ol, nacido hacia 1490 en Extremadura. Era nieto de Pedro de Vera, conquistador de la isla de Gran Canaria. En 1527 particip\u00f3 como segundo de a bordo en la malograda expedici\u00f3n a la pen\u00ednsula de Florida dirigida por P\u00e1nfilo Narv\u00e1ez. La expedici\u00f3n de Narv\u00e1ez, que ten\u00eda como objetivo l<a href=\"https:\/\/blogs.ua.es\/ancabezadevaca\/files\/2012\/10\/alvar_nunez_cabeza-de_vaca200.jpg\"><img loading=\"lazy\" decoding=\"async\" class=\"alignleft size-full wp-image-42\" src=\"https:\/\/blogs.ua.es\/ancabezadevaca\/files\/2012\/10\/alvar_nunez_cabeza-de_vaca200.jpg\" alt=\"ALVAR NU\u00d1EZ, CABEZA DE VACA\" width=\"200\" height=\"295\" srcset=\"https:\/\/blogs.ua.es\/ancabezadevaca\/files\/2012\/10\/alvar_nunez_cabeza-de_vaca200.jpg 200w, https:\/\/blogs.ua.es\/ancabezadevaca\/files\/2012\/10\/alvar_nunez_cabeza-de_vaca200-101x150.jpg 101w\" sizes=\"auto, (max-width: 200px) 100vw, 200px\" \/><\/a>a b\u00fasqueda de oro, desembarc\u00f3 en las costas de Florida en 1528, y se aventur\u00f3 hacia el interior, donde encontr\u00f3 la resistencia enconada de las tribus indias. Diezmados y con las manos vac\u00edas, los expedicionarios regresaron a la bah\u00eda de Tampa, donde no encontraron sus nav\u00edos.<\/p>\n<p style=\"text-align: justify\">Seg\u00fan cont\u00f3 Cabeza de Vaca en su obra <em>Naufragios <\/em>(iremos publicando sus escritos), los supervivientes construyeron fr\u00e1giles embarcaciones de cuero de caballo con las que pensaban alcanzar las costas del Golfo de M\u00e9xico, pero naufragaron en la desembocadura del r\u00edo P\u00e1nuco. El propio Narv\u00e1ez desapareci\u00f3 junto con la mayor parte de la tripulaci\u00f3n. Cabeza de Vaca, con otros tres compa\u00f1eros,Alonso del Castillo Maldonado, Andr\u00e9s Dorantes de Carranza y un esclavo negro llamado Esteban o Estevanico,lograron sobrevivir . Llegaron a la costa de la actual Texas, donde fueron capturados por indios comedores de marisco. Cabeza de Vaca practicaba la medicina tradicional y la sanaci\u00f3n m\u00e1gica, lo que le vali\u00f3 fama de taumaturgo entre los ind\u00edgenas. \u00c9l mismo cont\u00f3 en sus memorias que sanaba haciendo el signo de la cruz sobre el enfermo e invocando a Mar\u00eda. El ascendiente que como sanador gan\u00f3 entre los indios le facilit\u00f3 la evasi\u00f3n despu\u00e9s de 6 a\u00f1os de cautiverio. Junto con sus compa\u00f1eros emprendi\u00f3 una larga traves\u00eda hacia el norte y el noroeste. Fue rescatado en 1536 cerca de Culiac\u00e1n, en la costa mejicana del Pac\u00edfico, dos a\u00f1os despu\u00e9s de su huida, por una patrulla espa\u00f1ola enviada a la caza de esclavos y comandada por el capit\u00e1n Melchor D\u00edaz.<\/p>\n<p style=\"text-align: justify\">Os aconsejo que ve\u00e1is este v\u00eddeo que nos muestra a trav\u00e9s de im\u00e1genes las haza\u00f1as de este conquistador<\/p>\n<p style=\"text-align: justify\"><code>[kml_flashembed movie=\"http:\/\/www.youtube.com\/v\/QjXPlK5vOqU\" width=\"425\" height=\"350\" wmode=\"transparent\" \/]<\/code><\/p>\n","protected":false},"excerpt":{"rendered":"<p>\u00c1lvar Nu\u00f1ez era un explorador espa\u00f1ol, nacido hacia 1490 en Extremadura. Era nieto de Pedro de Vera, conquistador de la isla de Gran Canaria. En 1527 particip\u00f3 como segundo de a bordo en la malograda expedici\u00f3n a la pen\u00ednsula de Florida dirigida por P\u00e1nfilo Narv\u00e1ez. La expedici\u00f3n de Narv\u00e1ez, que ten\u00eda como objetivo la b\u00fasqueda [&hellip;]<\/p>\n","protected":false},"author":2186,"featured_media":0,"parent":23,"menu_order":0,"comment_status":"open","ping_status":"open","template":"","meta":{"footnotes":""},"class_list":["post-41","page","type-page","status-publish","hentry"],"_links":{"self":[{"href":"https:\/\/blogs.ua.es\/ancabezadevaca\/wp-json\/wp\/v2\/pages\/41","targetHints":{"allow":["GET"]}}],"collection":[{"href":"https:\/\/blogs.ua.es\/ancabezadevaca\/wp-json\/wp\/v2\/pages"}],"about":[{"href":"https:\/\/blogs.ua.es\/ancabezadevaca\/wp-json\/wp\/v2\/types\/page"}],"author":[{"embeddable":true,"href":"https:\/\/blogs.ua.es\/ancabezadevaca\/wp-json\/wp\/v2\/users\/2186"}],"replies":[{"embeddable":true,"href":"https:\/\/blogs.ua.es\/ancabezadevaca\/wp-json\/wp\/v2\/comments?post=41"}],"version-history":[{"count":4,"href":"https:\/\/blogs.ua.es\/ancabezadevaca\/wp-json\/wp\/v2\/pages\/41\/revisions"}],"predecessor-version":[{"id":46,"href":"https:\/\/blogs.ua.es\/ancabezadevaca\/wp-json\/wp\/v2\/pages\/41\/revisions\/46"}],"up":[{"embeddable":true,"href":"https:\/\/blogs.ua.es\/ancabezadevaca\/wp-json\/wp\/v2\/pages\/23"}],"wp:attachment":[{"href":"https:\/\/blogs.ua.es\/ancabezadevaca\/wp-json\/wp\/v2\/media?parent=41"}],"curies":[{"name":"wp","href":"https:\/\/api.w.org\/{rel}","templated":true}]}}