{"id":47,"date":"2012-10-23T09:52:36","date_gmt":"2012-10-23T09:52:36","guid":{"rendered":"https:\/\/blogs.ua.es\/ancabezadevaca\/?page_id=47"},"modified":"2012-10-23T09:52:36","modified_gmt":"2012-10-23T09:52:36","slug":"bibliografia","status":"publish","type":"page","link":"https:\/\/blogs.ua.es\/ancabezadevaca\/bibliografia\/","title":{"rendered":"BIBLIOGRAFIA"},"content":{"rendered":"<p>Para realizar este trabajo, me he apoyado fundamentalmente en el libro de\u00a0 LOS NAUFRAGIOS, Lo que se conoce como el &#8220;informe con<a href=\"https:\/\/blogs.ua.es\/ancabezadevaca\/files\/2012\/10\/NAUFRAGIOS.jpg\"><img loading=\"lazy\" decoding=\"async\" class=\"alignleft size-medium wp-image-48\" src=\"https:\/\/blogs.ua.es\/ancabezadevaca\/files\/2012\/10\/NAUFRAGIOS-200x300.jpg\" alt=\"NAUFRAGIOS\" width=\"200\" height=\"300\" srcset=\"https:\/\/blogs.ua.es\/ancabezadevaca\/files\/2012\/10\/NAUFRAGIOS-200x300.jpg 200w, https:\/\/blogs.ua.es\/ancabezadevaca\/files\/2012\/10\/NAUFRAGIOS-100x150.jpg 100w, https:\/\/blogs.ua.es\/ancabezadevaca\/files\/2012\/10\/NAUFRAGIOS.jpg 320w\" sizes=\"auto, (max-width: 200px) 100vw, 200px\" \/><\/a>junto&#8221; que fue escrito por los tres espa\u00f1oles &#8220;nobles&#8221;: Cabeza de Vaca, Andr\u00e9s Dorantes de Carranza, y Alonso del Castillo Maldonado a petici\u00f3n del Rey y la Reina de Espa\u00f1a. De estos hombres, Cabeza de Vaca ha surgido hist\u00f3ricamente como el portavoz principal, ya que fue el segundo en el mando y el tesorero general de la expedici\u00f3n de Narv\u00e1ez. De acuerdo con el etnohistoriador Alex Krieger, los nobles recibieron asistencia considerable por parte de Esteban, &#8220;el negro&#8221;, que era propiedad de Dorantes y al parecer sab\u00eda m\u00e1s sobre la geograf\u00eda, distancias, recorridos y direcciones que sus colegas. Por tanto este testimonio de Cabeza de Vaca fue escrito probablemente en forma de borrador a finales de 1537 pero no fue publicado como un libro hasta 1542. Si no lo hab\u00e9is le\u00eddo os animar\u00eda que lo hicierais, pues te sit\u00faa mucho.<\/p>\n<p>&nbsp;<\/p>\n<p>Por otro lado me he apoyado en una p\u00e1gina web que os pongo a continuaci\u00f3n, <a href=\"http:\/\/www.texasbeyondhistory.net\">http:\/\/www.texasbeyondhistory.net<\/a>.<\/p>\n<p>&nbsp;<\/p>\n<p>Tambi\u00e9n os animar\u00eda a que vierais la pel\u00edcula bastante fidedigna de cabeza de vaca<\/p>\n","protected":false},"excerpt":{"rendered":"<p>Para realizar este trabajo, me he apoyado fundamentalmente en el libro de\u00a0 LOS NAUFRAGIOS, Lo que se conoce como el &#8220;informe conjunto&#8221; que fue escrito por los tres espa\u00f1oles &#8220;nobles&#8221;: Cabeza de Vaca, Andr\u00e9s Dorantes de Carranza, y Alonso del Castillo Maldonado a petici\u00f3n del Rey y la Reina de Espa\u00f1a. De estos hombres, Cabeza [&hellip;]<\/p>\n","protected":false},"author":2186,"featured_media":0,"parent":0,"menu_order":0,"comment_status":"open","ping_status":"open","template":"","meta":{"footnotes":""},"class_list":["post-47","page","type-page","status-publish","hentry"],"_links":{"self":[{"href":"https:\/\/blogs.ua.es\/ancabezadevaca\/wp-json\/wp\/v2\/pages\/47","targetHints":{"allow":["GET"]}}],"collection":[{"href":"https:\/\/blogs.ua.es\/ancabezadevaca\/wp-json\/wp\/v2\/pages"}],"about":[{"href":"https:\/\/blogs.ua.es\/ancabezadevaca\/wp-json\/wp\/v2\/types\/page"}],"author":[{"embeddable":true,"href":"https:\/\/blogs.ua.es\/ancabezadevaca\/wp-json\/wp\/v2\/users\/2186"}],"replies":[{"embeddable":true,"href":"https:\/\/blogs.ua.es\/ancabezadevaca\/wp-json\/wp\/v2\/comments?post=47"}],"version-history":[{"count":1,"href":"https:\/\/blogs.ua.es\/ancabezadevaca\/wp-json\/wp\/v2\/pages\/47\/revisions"}],"predecessor-version":[{"id":49,"href":"https:\/\/blogs.ua.es\/ancabezadevaca\/wp-json\/wp\/v2\/pages\/47\/revisions\/49"}],"wp:attachment":[{"href":"https:\/\/blogs.ua.es\/ancabezadevaca\/wp-json\/wp\/v2\/media?parent=47"}],"curies":[{"name":"wp","href":"https:\/\/api.w.org\/{rel}","templated":true}]}}