{"id":94,"date":"2012-10-23T11:06:39","date_gmt":"2012-10-23T11:06:39","guid":{"rendered":"https:\/\/blogs.ua.es\/ancabezadevaca\/?page_id=94"},"modified":"2012-10-23T11:06:39","modified_gmt":"2012-10-23T11:06:39","slug":"cronologia","status":"publish","type":"page","link":"https:\/\/blogs.ua.es\/ancabezadevaca\/cronologia\/","title":{"rendered":"CRONOLOGIA"},"content":{"rendered":"<p style=\"text-align: justify\">1490 -1557: \u00a0Navegante y escritor espa\u00f1ol.<\/p>\n<p style=\"text-align: justify\">Alvar N\u00fa\u00f1ez Cabeza de Vaca nace y muere en Espa\u00f1a de 1490 a 1557.<\/p>\n<p style=\"text-align: justify\">En 1527 particip\u00f3 con el cargo de tesorero, en una expedici\u00f3n a la Florida dirigida por P\u00e1nfilo de Narv\u00e1ez, con quien recorri\u00f3 la costa norte del Golfo de M\u00e9xico. Sin embargo la embarcaci\u00f3n naufraga en las cercan\u00edas del r\u00edo Mississipi y s\u00f3lo cuatro personas, incluy\u00e9ndose \u00e9l, sobrevivieron. A lo largo de un a\u00f1o recorrieron el norte del pa\u00eds desde Texas hasta Sinaloa.<\/p>\n<p style=\"text-align: justify\">\u00a0En 1536 fueron encontrados por tropas espa\u00f1olas destacadas en Culiac\u00e1n y remitidos a la Ciudad de M\u00e9xico. Cabeza de Vaca escribe una cr\u00f3nica donde relata su viaje, esta se titula Naufragio de Alvar N\u00fa\u00f1ez Cabeza de Vaca y relaci\u00f3n a la jornada que hizo a la Florida con el adelantado P\u00e1nfilo de Narv\u00e1ez (1542). Obra conocida simplemente con el nombre de Naufragios.<\/p>\n<p style=\"text-align: justify\">Entre 1541 y 1542 encabez\u00f3 una expedici\u00f3n hacia R\u00edo de la Plata y Paraguay, de donde fue gobernador (1542-1544). Destitu\u00eddo fue llevado a Espa\u00f1a y estuvo preso hasta 1546.<\/p>\n<p style=\"text-align: justify\">Cronolog\u00eda:<\/p>\n<p style=\"text-align: justify\">\u00a01507 Nacimiento en Jerez de la Frontera, nieto de Pedro de Vera, conquistador de la Gran Canaria. 1527 Parte de San Lucas de Barraneda rumbo a la Florida (17 de Junio), en la infausta expedici\u00f3n de P\u00e1nfilo de Narv\u00e1ez.<\/p>\n<p style=\"text-align: justify\">Tras la muerte de \u00e9ste en las costas de Texas en 1528, comienza la larga aventura. Durante 8 a\u00f1os de supervivencia a lo ancho del continente, desde el golfo de M\u00e9xico hasta Arizona, muy al norte del R\u00edo Grande, regresa a tierra colonizada por las orillas del Mar de Cort\u00e9z, en el pac\u00edfico. Esa aventura es la materia de su libro &#8220;naufragio y comentarios&#8221; 1537 Establecimiento en M\u00e9xico.<\/p>\n<p style=\"text-align: justify\">\u00a01540 Regresa a Espa\u00f1a y capitula reales para una expedici\u00f3n al R\u00edo Paran\u00e1 tras las huellas de Pedro de Mendoza. Nombramiento condicional de adelantado del R\u00f3o de la Plata y derecho al diezmo de aquelos territorios. Partida desde C\u00e1diz hacia la Am\u00e9rica Austral, con tres naves y cuatrocientos hombres.<\/p>\n<p style=\"text-align: justify\">\u00a01542 Descubrimiento de las cataratas del Iguaz\u00fa y llegada a Ascenci\u00f3n (2 de Marzo). Fundaci\u00f3n de la Ciudad de los Reyes, en tierra de ind\u00edgenas guaran\u00edes.<\/p>\n<p style=\"text-align: justify\">\u00a01543 Expediciones al Chaco; la segundas al mando de Hernando de Ribera, difundi\u00f3 al volver una meta so\u00f1ada: El Dorado y la leyenda de las Amazonas.<\/p>\n<p style=\"text-align: justify\">1544 Regreso a Ascenci\u00f3n (25 de Abril) y derrocamiento de su gobierno a causa de su mala pol\u00edtica indigenista y su autoritarismo personalista.<\/p>\n<p style=\"text-align: justify\">\n<p style=\"text-align: justify\"><a href=\"https:\/\/blogs.ua.es\/ancabezadevaca\/files\/2012\/10\/CRONOLOGIA-1.png\"><img loading=\"lazy\" decoding=\"async\" class=\"aligncenter size-medium wp-image-95\" src=\"https:\/\/blogs.ua.es\/ancabezadevaca\/files\/2012\/10\/CRONOLOGIA-1-300x90.png\" alt=\"\" width=\"300\" height=\"90\" srcset=\"https:\/\/blogs.ua.es\/ancabezadevaca\/files\/2012\/10\/CRONOLOGIA-1-300x90.png 300w, https:\/\/blogs.ua.es\/ancabezadevaca\/files\/2012\/10\/CRONOLOGIA-1-150x45.png 150w, https:\/\/blogs.ua.es\/ancabezadevaca\/files\/2012\/10\/CRONOLOGIA-1.png 930w\" sizes=\"auto, (max-width: 300px) 100vw, 300px\" \/><\/a><a href=\"https:\/\/blogs.ua.es\/ancabezadevaca\/files\/2012\/10\/CRONOLOGIA-2.png\"><img loading=\"lazy\" decoding=\"async\" class=\"aligncenter size-medium wp-image-96\" src=\"https:\/\/blogs.ua.es\/ancabezadevaca\/files\/2012\/10\/CRONOLOGIA-2-300x78.png\" alt=\"\" width=\"300\" height=\"78\" srcset=\"https:\/\/blogs.ua.es\/ancabezadevaca\/files\/2012\/10\/CRONOLOGIA-2-300x78.png 300w, https:\/\/blogs.ua.es\/ancabezadevaca\/files\/2012\/10\/CRONOLOGIA-2-150x39.png 150w, https:\/\/blogs.ua.es\/ancabezadevaca\/files\/2012\/10\/CRONOLOGIA-2.png 792w\" sizes=\"auto, (max-width: 300px) 100vw, 300px\" \/><\/a><\/p>\n","protected":false},"excerpt":{"rendered":"<p>1490 -1557: \u00a0Navegante y escritor espa\u00f1ol. Alvar N\u00fa\u00f1ez Cabeza de Vaca nace y muere en Espa\u00f1a de 1490 a 1557. En 1527 particip\u00f3 con el cargo de tesorero, en una expedici\u00f3n a la Florida dirigida por P\u00e1nfilo de Narv\u00e1ez, con quien recorri\u00f3 la costa norte del Golfo de M\u00e9xico. Sin embargo la embarcaci\u00f3n naufraga en [&hellip;]<\/p>\n","protected":false},"author":2186,"featured_media":0,"parent":0,"menu_order":0,"comment_status":"open","ping_status":"open","template":"","meta":{"footnotes":""},"class_list":["post-94","page","type-page","status-publish","hentry"],"_links":{"self":[{"href":"https:\/\/blogs.ua.es\/ancabezadevaca\/wp-json\/wp\/v2\/pages\/94","targetHints":{"allow":["GET"]}}],"collection":[{"href":"https:\/\/blogs.ua.es\/ancabezadevaca\/wp-json\/wp\/v2\/pages"}],"about":[{"href":"https:\/\/blogs.ua.es\/ancabezadevaca\/wp-json\/wp\/v2\/types\/page"}],"author":[{"embeddable":true,"href":"https:\/\/blogs.ua.es\/ancabezadevaca\/wp-json\/wp\/v2\/users\/2186"}],"replies":[{"embeddable":true,"href":"https:\/\/blogs.ua.es\/ancabezadevaca\/wp-json\/wp\/v2\/comments?post=94"}],"version-history":[{"count":1,"href":"https:\/\/blogs.ua.es\/ancabezadevaca\/wp-json\/wp\/v2\/pages\/94\/revisions"}],"predecessor-version":[{"id":97,"href":"https:\/\/blogs.ua.es\/ancabezadevaca\/wp-json\/wp\/v2\/pages\/94\/revisions\/97"}],"wp:attachment":[{"href":"https:\/\/blogs.ua.es\/ancabezadevaca\/wp-json\/wp\/v2\/media?parent=94"}],"curies":[{"name":"wp","href":"https:\/\/api.w.org\/{rel}","templated":true}]}}