{"id":60,"date":"2012-01-16T16:38:03","date_gmt":"2012-01-16T16:38:03","guid":{"rendered":"https:\/\/blogs.ua.es\/antecedentescreacionua\/?page_id=60"},"modified":"2012-01-17T22:51:53","modified_gmt":"2012-01-17T22:51:53","slug":"valoracion-general","status":"publish","type":"page","link":"https:\/\/blogs.ua.es\/antecedentescreacionua\/valoracion-general\/","title":{"rendered":"Valoraci\u00f3n general"},"content":{"rendered":"<p>La elaboraci\u00f3n de este blog sobre los antecedentes y la creaci\u00f3n de la Universidad de Alicante nos ha sido largamente laboriosa ya que los criterios de b\u00fasqueda por los que nosotros nos gui\u00e1bamos nos mostraban documentos y libros sobre una tem\u00e1tica en ocasiones demasiado extensa, y muy poco centrada en el tema que nosotros quer\u00edamos plantear.<\/p>\n<p>El principal escollo en la b\u00fasqueda fue la cantidad de informaci\u00f3n referente por la Universidad de Alicante, no de la Universidad de Alicante en s\u00ed misma. Adem\u00e1s, como en el caso de su antecesora universidad oriholana, los libros eran tan extensos, superando las mil p\u00e1ginas, que fue toda una labor de cirujano sacar las partes importantes, o mejor dicho, que a nosotros nos interesaban.<\/p>\n<p>Pero la valoraci\u00f3n final es positiva, pues nos ha permitido conocer la historia que precede al lugar donde estamos llevando a cabo nuestros estudios, y donde, si todo marcha bien, tendremos nuestras titulaciones, y por lo tanto, es satisfactorio conocer la historia de uno mismo y a lo que pertenece o ha pertenecido.<\/p>\n","protected":false},"excerpt":{"rendered":"<p>La elaboraci\u00f3n de este blog sobre los antecedentes y la creaci\u00f3n de la Universidad de Alicante nos ha sido largamente laboriosa ya que los criterios de b\u00fasqueda por los que nosotros nos gui\u00e1bamos nos mostraban documentos y libros sobre una &hellip; <a href=\"https:\/\/blogs.ua.es\/antecedentescreacionua\/valoracion-general\/\">Continue reading <span class=\"meta-nav\">&rarr;<\/span><\/a><\/p>\n","protected":false},"author":2503,"featured_media":0,"parent":0,"menu_order":0,"comment_status":"open","ping_status":"open","template":"","meta":{"footnotes":""},"class_list":["post-60","page","type-page","status-publish","hentry"],"_links":{"self":[{"href":"https:\/\/blogs.ua.es\/antecedentescreacionua\/wp-json\/wp\/v2\/pages\/60","targetHints":{"allow":["GET"]}}],"collection":[{"href":"https:\/\/blogs.ua.es\/antecedentescreacionua\/wp-json\/wp\/v2\/pages"}],"about":[{"href":"https:\/\/blogs.ua.es\/antecedentescreacionua\/wp-json\/wp\/v2\/types\/page"}],"author":[{"embeddable":true,"href":"https:\/\/blogs.ua.es\/antecedentescreacionua\/wp-json\/wp\/v2\/users\/2503"}],"replies":[{"embeddable":true,"href":"https:\/\/blogs.ua.es\/antecedentescreacionua\/wp-json\/wp\/v2\/comments?post=60"}],"version-history":[{"count":3,"href":"https:\/\/blogs.ua.es\/antecedentescreacionua\/wp-json\/wp\/v2\/pages\/60\/revisions"}],"predecessor-version":[{"id":89,"href":"https:\/\/blogs.ua.es\/antecedentescreacionua\/wp-json\/wp\/v2\/pages\/60\/revisions\/89"}],"wp:attachment":[{"href":"https:\/\/blogs.ua.es\/antecedentescreacionua\/wp-json\/wp\/v2\/media?parent=60"}],"curies":[{"name":"wp","href":"https:\/\/api.w.org\/{rel}","templated":true}]}}