{"id":121,"date":"2013-01-28T07:58:08","date_gmt":"2013-01-28T07:58:08","guid":{"rendered":"https:\/\/blogs.ua.es\/antoniocastello\/?page_id=121"},"modified":"2013-01-28T07:58:08","modified_gmt":"2013-01-28T07:58:08","slug":"biografia","status":"publish","type":"page","link":"https:\/\/blogs.ua.es\/antoniocastello\/biografia\/","title":{"rendered":"Biograf\u00eda"},"content":{"rendered":"<p>CASTELL\u00d3 CANDELA, Antonio. <em>Inicios de la imprenta. 1824-1897.<\/em> 1\u00aa Ed. Alcoi: Ajuntament d\u2019Alcoi i Institut de Cultura, 1997. pp 460. ISBN 84-89136-14-9.<\/p>\n<p><a href=\"..\/files\/2013\/01\/fantonio.jpg\"><img loading=\"lazy\" decoding=\"async\" class=\"alignleft\" src=\"..\/files\/2013\/01\/fantonio.jpg\" alt=\"Antonio Castell\u00f3\" width=\"80\" height=\"80\" \/><\/a><\/p>\n<p>Antonio Castell\u00f3 Candela naci\u00f3 en Or\u00e1n(Argelia) en 1935. Desde muy joven present\u00f3 un gran interes por la escritura alcoyana de la que posee una variada biblioteca. Fue bibliotecario del Casal de Sant Jordidesde el a\u00f1o 1982 hasta 1994, donde ha publicado varios escritos sobre esa imprenta alcoyana. Colaborador de forma activa en varias iniciativas de gran diversidad de textos extra\u00f1os y dif\u00edciles de encontrar, donando, tambi\u00e9n, parte\u00a0 de sus beneficios bibliogr\u00e1ficos de su propio fondo a diferentes instituciones.<\/p>\n<p>&nbsp;<\/p>\n","protected":false},"excerpt":{"rendered":"<p>CASTELL\u00d3 CANDELA, Antonio. Inicios de la imprenta. 1824-1897. 1\u00aa Ed. Alcoi: Ajuntament d\u2019Alcoi i Institut de Cultura, 1997. pp 460. ISBN 84-89136-14-9. Antonio Castell\u00f3 Candela naci\u00f3 en Or\u00e1n(Argelia) en 1935. Desde muy joven present\u00f3 un gran interes por la escritura alcoyana de la que posee una variada biblioteca. Fue bibliotecario del Casal de Sant Jordidesde [&hellip;]<\/p>\n","protected":false},"author":2850,"featured_media":0,"parent":0,"menu_order":0,"comment_status":"open","ping_status":"open","template":"","meta":{"footnotes":""},"class_list":["post-121","page","type-page","status-publish","hentry"],"_links":{"self":[{"href":"https:\/\/blogs.ua.es\/antoniocastello\/wp-json\/wp\/v2\/pages\/121","targetHints":{"allow":["GET"]}}],"collection":[{"href":"https:\/\/blogs.ua.es\/antoniocastello\/wp-json\/wp\/v2\/pages"}],"about":[{"href":"https:\/\/blogs.ua.es\/antoniocastello\/wp-json\/wp\/v2\/types\/page"}],"author":[{"embeddable":true,"href":"https:\/\/blogs.ua.es\/antoniocastello\/wp-json\/wp\/v2\/users\/2850"}],"replies":[{"embeddable":true,"href":"https:\/\/blogs.ua.es\/antoniocastello\/wp-json\/wp\/v2\/comments?post=121"}],"version-history":[{"count":1,"href":"https:\/\/blogs.ua.es\/antoniocastello\/wp-json\/wp\/v2\/pages\/121\/revisions"}],"predecessor-version":[{"id":122,"href":"https:\/\/blogs.ua.es\/antoniocastello\/wp-json\/wp\/v2\/pages\/121\/revisions\/122"}],"wp:attachment":[{"href":"https:\/\/blogs.ua.es\/antoniocastello\/wp-json\/wp\/v2\/media?parent=121"}],"curies":[{"name":"wp","href":"https:\/\/api.w.org\/{rel}","templated":true}]}}