{"id":124,"date":"2013-01-28T08:06:37","date_gmt":"2013-01-28T08:06:37","guid":{"rendered":"https:\/\/blogs.ua.es\/antoniocastello\/?page_id=124"},"modified":"2013-01-28T08:06:37","modified_gmt":"2013-01-28T08:06:37","slug":"metodologia","status":"publish","type":"page","link":"https:\/\/blogs.ua.es\/antoniocastello\/metodologia\/","title":{"rendered":"Metodolog\u00eda"},"content":{"rendered":"<p>En primer lugar elegimos a a personaje para nuestro trabajo de un personaje desconocodo al principio para nosotros. Comenzamos a buscar sobre Antonio Castell\u00f3 Candela en multiples p\u00e1ginas de internet y, posteriormente en la biblioteca de Alicante, Elda y Alcoy. De nuestra b\u00fasqueda encontramos los libros que aqu\u00ed se nombran y m\u00faltiples art\u00edculos de opini\u00f3n.<\/p>\n","protected":false},"excerpt":{"rendered":"<p>En primer lugar elegimos a a personaje para nuestro trabajo de un personaje desconocodo al principio para nosotros. Comenzamos a buscar sobre Antonio Castell\u00f3 Candela en multiples p\u00e1ginas de internet y, posteriormente en la biblioteca de Alicante, Elda y Alcoy. De nuestra b\u00fasqueda encontramos los libros que aqu\u00ed se nombran y m\u00faltiples art\u00edculos de opini\u00f3n.<\/p>\n","protected":false},"author":2850,"featured_media":0,"parent":0,"menu_order":0,"comment_status":"open","ping_status":"open","template":"","meta":{"footnotes":""},"class_list":["post-124","page","type-page","status-publish","hentry"],"_links":{"self":[{"href":"https:\/\/blogs.ua.es\/antoniocastello\/wp-json\/wp\/v2\/pages\/124","targetHints":{"allow":["GET"]}}],"collection":[{"href":"https:\/\/blogs.ua.es\/antoniocastello\/wp-json\/wp\/v2\/pages"}],"about":[{"href":"https:\/\/blogs.ua.es\/antoniocastello\/wp-json\/wp\/v2\/types\/page"}],"author":[{"embeddable":true,"href":"https:\/\/blogs.ua.es\/antoniocastello\/wp-json\/wp\/v2\/users\/2850"}],"replies":[{"embeddable":true,"href":"https:\/\/blogs.ua.es\/antoniocastello\/wp-json\/wp\/v2\/comments?post=124"}],"version-history":[{"count":2,"href":"https:\/\/blogs.ua.es\/antoniocastello\/wp-json\/wp\/v2\/pages\/124\/revisions"}],"predecessor-version":[{"id":137,"href":"https:\/\/blogs.ua.es\/antoniocastello\/wp-json\/wp\/v2\/pages\/124\/revisions\/137"}],"wp:attachment":[{"href":"https:\/\/blogs.ua.es\/antoniocastello\/wp-json\/wp\/v2\/media?parent=124"}],"curies":[{"name":"wp","href":"https:\/\/api.w.org\/{rel}","templated":true}]}}