{"id":129,"date":"2013-01-28T08:17:15","date_gmt":"2013-01-28T08:17:15","guid":{"rendered":"https:\/\/blogs.ua.es\/antoniocastello\/?page_id=129"},"modified":"2013-01-28T08:17:15","modified_gmt":"2013-01-28T08:17:15","slug":"valoracion-de-las-fuentes","status":"publish","type":"page","link":"https:\/\/blogs.ua.es\/antoniocastello\/valoracion-de-las-fuentes\/","title":{"rendered":"Valoraci\u00f3n de las fuentes"},"content":{"rendered":"<p>Realizar este trabajo ha sido un trabajo arduo como costoso. En primer lugar en las p\u00e1ginas en internet hab\u00eda muy pocas p\u00e1ginas y hemos tenido que realizar una b\u00fasqueda exhaustiva por los buscadores de internet. Tambi\u00e9n hemos encontrados problemas a la hora de poder documentarnos de los libros ya que en la bibliotecas de Alicante y Alcoy no era posible sacar sus libros fuera del recinto. Pero una vez cogida la din\u00e1mica la recogida de informaci\u00f3n era m\u00e1s ligera. En definitiva, nos ha merecido la pena el esfuerzo para poder conocer a un hombre ilustre de la comunidad.<\/p>\n","protected":false},"excerpt":{"rendered":"<p>Realizar este trabajo ha sido un trabajo arduo como costoso. En primer lugar en las p\u00e1ginas en internet hab\u00eda muy pocas p\u00e1ginas y hemos tenido que realizar una b\u00fasqueda exhaustiva por los buscadores de internet. Tambi\u00e9n hemos encontrados problemas a la hora de poder documentarnos de los libros ya que en la bibliotecas de Alicante [&hellip;]<\/p>\n","protected":false},"author":2850,"featured_media":0,"parent":0,"menu_order":0,"comment_status":"open","ping_status":"open","template":"","meta":{"footnotes":""},"class_list":["post-129","page","type-page","status-publish","hentry"],"_links":{"self":[{"href":"https:\/\/blogs.ua.es\/antoniocastello\/wp-json\/wp\/v2\/pages\/129","targetHints":{"allow":["GET"]}}],"collection":[{"href":"https:\/\/blogs.ua.es\/antoniocastello\/wp-json\/wp\/v2\/pages"}],"about":[{"href":"https:\/\/blogs.ua.es\/antoniocastello\/wp-json\/wp\/v2\/types\/page"}],"author":[{"embeddable":true,"href":"https:\/\/blogs.ua.es\/antoniocastello\/wp-json\/wp\/v2\/users\/2850"}],"replies":[{"embeddable":true,"href":"https:\/\/blogs.ua.es\/antoniocastello\/wp-json\/wp\/v2\/comments?post=129"}],"version-history":[{"count":1,"href":"https:\/\/blogs.ua.es\/antoniocastello\/wp-json\/wp\/v2\/pages\/129\/revisions"}],"predecessor-version":[{"id":130,"href":"https:\/\/blogs.ua.es\/antoniocastello\/wp-json\/wp\/v2\/pages\/129\/revisions\/130"}],"wp:attachment":[{"href":"https:\/\/blogs.ua.es\/antoniocastello\/wp-json\/wp\/v2\/media?parent=129"}],"curies":[{"name":"wp","href":"https:\/\/api.w.org\/{rel}","templated":true}]}}