{"id":43,"date":"2013-01-09T19:43:19","date_gmt":"2013-01-09T19:43:19","guid":{"rendered":"https:\/\/blogs.ua.es\/antoniojosecavanilles\/?page_id=43"},"modified":"2013-01-14T18:13:08","modified_gmt":"2013-01-14T18:13:08","slug":"presentacion-1","status":"publish","type":"page","link":"https:\/\/blogs.ua.es\/antoniojosecavanilles\/presentacion-1\/","title":{"rendered":"1)Presentaci\u00f3n del Blog"},"content":{"rendered":"<p>\u00a1Bienvenidos al mundo de Antonio Jos\u00e9 Cavanilles!<\/p>\n<p>Este blog est\u00e1 realizado por las alumnas Asunci\u00f3n Zaragoza y Laura Vilari\u00f1o. Somos estudiantes en la\u00a0 Universidad de Alicante, y estamos en el primer curso del grado de Humanidades.<\/p>\n<p>Nuestro objetivo con este blog es el poder introduciros en la historia de la bot\u00e1nica,a trav\u00e9s de Antonio Jos\u00e9 Cavanilles,un reconocido bot\u00e1nico y naturalista que nace en Valencia en 1745.<\/p>\n<p>&nbsp;<\/p>\n","protected":false},"excerpt":{"rendered":"<p>\u00a1Bienvenidos al mundo de Antonio Jos\u00e9 Cavanilles! Este blog est\u00e1 realizado por las alumnas Asunci\u00f3n Zaragoza y Laura Vilari\u00f1o. Somos estudiantes en la\u00a0 Universidad de Alicante, y estamos en el primer curso del grado de Humanidades. Nuestro objetivo con este &hellip; <a href=\"https:\/\/blogs.ua.es\/antoniojosecavanilles\/presentacion-1\/\">Continue reading <span class=\"meta-nav\">&rarr;<\/span><\/a><\/p>\n","protected":false},"author":2871,"featured_media":0,"parent":0,"menu_order":0,"comment_status":"open","ping_status":"closed","template":"","meta":{"footnotes":""},"class_list":["post-43","page","type-page","status-publish","hentry"],"_links":{"self":[{"href":"https:\/\/blogs.ua.es\/antoniojosecavanilles\/wp-json\/wp\/v2\/pages\/43","targetHints":{"allow":["GET"]}}],"collection":[{"href":"https:\/\/blogs.ua.es\/antoniojosecavanilles\/wp-json\/wp\/v2\/pages"}],"about":[{"href":"https:\/\/blogs.ua.es\/antoniojosecavanilles\/wp-json\/wp\/v2\/types\/page"}],"author":[{"embeddable":true,"href":"https:\/\/blogs.ua.es\/antoniojosecavanilles\/wp-json\/wp\/v2\/users\/2871"}],"replies":[{"embeddable":true,"href":"https:\/\/blogs.ua.es\/antoniojosecavanilles\/wp-json\/wp\/v2\/comments?post=43"}],"version-history":[{"count":8,"href":"https:\/\/blogs.ua.es\/antoniojosecavanilles\/wp-json\/wp\/v2\/pages\/43\/revisions"}],"predecessor-version":[{"id":105,"href":"https:\/\/blogs.ua.es\/antoniojosecavanilles\/wp-json\/wp\/v2\/pages\/43\/revisions\/105"}],"wp:attachment":[{"href":"https:\/\/blogs.ua.es\/antoniojosecavanilles\/wp-json\/wp\/v2\/media?parent=43"}],"curies":[{"name":"wp","href":"https:\/\/api.w.org\/{rel}","templated":true}]}}