{"id":45,"date":"2013-01-09T19:43:31","date_gmt":"2013-01-09T19:43:31","guid":{"rendered":"https:\/\/blogs.ua.es\/antoniojosecavanilles\/?page_id=45"},"modified":"2013-01-27T13:28:00","modified_gmt":"2013-01-27T13:28:00","slug":"explicacion-general-del-tema-2","status":"publish","type":"page","link":"https:\/\/blogs.ua.es\/antoniojosecavanilles\/explicacion-general-del-tema-2\/","title":{"rendered":"2)Explicaci\u00f3n general del tema"},"content":{"rendered":"<p>Como ya hemos comentado,el tema que vamos a desarrollar ser\u00e1 la vida de Antonio Jos\u00e9 Cavanilles como bot\u00e1nico y naturalista.<\/p>\n<p>Hablaremos sobre su vida estudiantil,y el por qu\u00e9 se interes\u00f3 en las profundidades de la bot\u00e1nica,la flora. Podr\u00e9is encontrar descripciones sobre sus obras m\u00e1s famosas, y qu\u00e9 personajes hist\u00f3ricos\u00a0cercanos a este bot\u00e1nico influyeron a lo largo de su vida, as\u00ed como sus grandes logros con la bot\u00e1nica y sus recorridos por el mundo.<\/p>\n","protected":false},"excerpt":{"rendered":"<p>Como ya hemos comentado,el tema que vamos a desarrollar ser\u00e1 la vida de Antonio Jos\u00e9 Cavanilles como bot\u00e1nico y naturalista. Hablaremos sobre su vida estudiantil,y el por qu\u00e9 se interes\u00f3 en las profundidades de la bot\u00e1nica,la flora. Podr\u00e9is encontrar descripciones &hellip; <a href=\"https:\/\/blogs.ua.es\/antoniojosecavanilles\/explicacion-general-del-tema-2\/\">Continue reading <span class=\"meta-nav\">&rarr;<\/span><\/a><\/p>\n","protected":false},"author":2871,"featured_media":0,"parent":0,"menu_order":0,"comment_status":"open","ping_status":"closed","template":"","meta":{"footnotes":""},"class_list":["post-45","page","type-page","status-publish","hentry"],"_links":{"self":[{"href":"https:\/\/blogs.ua.es\/antoniojosecavanilles\/wp-json\/wp\/v2\/pages\/45","targetHints":{"allow":["GET"]}}],"collection":[{"href":"https:\/\/blogs.ua.es\/antoniojosecavanilles\/wp-json\/wp\/v2\/pages"}],"about":[{"href":"https:\/\/blogs.ua.es\/antoniojosecavanilles\/wp-json\/wp\/v2\/types\/page"}],"author":[{"embeddable":true,"href":"https:\/\/blogs.ua.es\/antoniojosecavanilles\/wp-json\/wp\/v2\/users\/2871"}],"replies":[{"embeddable":true,"href":"https:\/\/blogs.ua.es\/antoniojosecavanilles\/wp-json\/wp\/v2\/comments?post=45"}],"version-history":[{"count":5,"href":"https:\/\/blogs.ua.es\/antoniojosecavanilles\/wp-json\/wp\/v2\/pages\/45\/revisions"}],"predecessor-version":[{"id":127,"href":"https:\/\/blogs.ua.es\/antoniojosecavanilles\/wp-json\/wp\/v2\/pages\/45\/revisions\/127"}],"wp:attachment":[{"href":"https:\/\/blogs.ua.es\/antoniojosecavanilles\/wp-json\/wp\/v2\/media?parent=45"}],"curies":[{"name":"wp","href":"https:\/\/api.w.org\/{rel}","templated":true}]}}