{"id":47,"date":"2013-01-09T19:43:39","date_gmt":"2013-01-09T19:43:39","guid":{"rendered":"https:\/\/blogs.ua.es\/antoniojosecavanilles\/?page_id=47"},"modified":"2013-01-27T16:30:13","modified_gmt":"2013-01-27T16:30:13","slug":"metodologia-2","status":"publish","type":"page","link":"https:\/\/blogs.ua.es\/antoniojosecavanilles\/metodologia-2\/","title":{"rendered":"3)Metodolog\u00eda"},"content":{"rendered":"<p>La creaci\u00f3n de este blog forma parte de un trabajo acad\u00e9mico,as\u00ed que primeramente hemos seguido una serie de pasos hasta llegar a completar este blog con cada p\u00e1gina y cada entrada.<\/p>\n<p>Para empezar,\u00a0nos han ense\u00f1ado a crear este blog, y para que pudi\u00e9semos completar cada una de las entradas,nos han mostrado unos recursos que nos facilitar\u00edan la manera de encontrar la informaci\u00f3n,tales como los recursos de la Universidad de Alicante. Una vez aprendido esto,comenzamos haciendo las entradas con todos los recursos mencionados en el apartado de recursos de informaci\u00f3n.<\/p>\n","protected":false},"excerpt":{"rendered":"<p>La creaci\u00f3n de este blog forma parte de un trabajo acad\u00e9mico,as\u00ed que primeramente hemos seguido una serie de pasos hasta llegar a completar este blog con cada p\u00e1gina y cada entrada. Para empezar,\u00a0nos han ense\u00f1ado a crear este blog, y &hellip; <a href=\"https:\/\/blogs.ua.es\/antoniojosecavanilles\/metodologia-2\/\">Continue reading <span class=\"meta-nav\">&rarr;<\/span><\/a><\/p>\n","protected":false},"author":2871,"featured_media":0,"parent":0,"menu_order":0,"comment_status":"open","ping_status":"open","template":"","meta":{"footnotes":""},"class_list":["post-47","page","type-page","status-publish","hentry"],"_links":{"self":[{"href":"https:\/\/blogs.ua.es\/antoniojosecavanilles\/wp-json\/wp\/v2\/pages\/47","targetHints":{"allow":["GET"]}}],"collection":[{"href":"https:\/\/blogs.ua.es\/antoniojosecavanilles\/wp-json\/wp\/v2\/pages"}],"about":[{"href":"https:\/\/blogs.ua.es\/antoniojosecavanilles\/wp-json\/wp\/v2\/types\/page"}],"author":[{"embeddable":true,"href":"https:\/\/blogs.ua.es\/antoniojosecavanilles\/wp-json\/wp\/v2\/users\/2871"}],"replies":[{"embeddable":true,"href":"https:\/\/blogs.ua.es\/antoniojosecavanilles\/wp-json\/wp\/v2\/comments?post=47"}],"version-history":[{"count":8,"href":"https:\/\/blogs.ua.es\/antoniojosecavanilles\/wp-json\/wp\/v2\/pages\/47\/revisions"}],"predecessor-version":[{"id":145,"href":"https:\/\/blogs.ua.es\/antoniojosecavanilles\/wp-json\/wp\/v2\/pages\/47\/revisions\/145"}],"wp:attachment":[{"href":"https:\/\/blogs.ua.es\/antoniojosecavanilles\/wp-json\/wp\/v2\/media?parent=47"}],"curies":[{"name":"wp","href":"https:\/\/api.w.org\/{rel}","templated":true}]}}