{"id":49,"date":"2013-01-09T19:43:53","date_gmt":"2013-01-09T19:43:53","guid":{"rendered":"https:\/\/blogs.ua.es\/antoniojosecavanilles\/?page_id=49"},"modified":"2013-01-27T17:00:45","modified_gmt":"2013-01-27T17:00:45","slug":"recursos-de-informacion-2","status":"publish","type":"page","link":"https:\/\/blogs.ua.es\/antoniojosecavanilles\/recursos-de-informacion-2\/","title":{"rendered":"4)Recursos de informaci\u00f3n"},"content":{"rendered":"<p>Como ya hemos explicado antes,se trata de un blog creado acad\u00e9micamente,as\u00ed que ambas nos hemos repartido la informaci\u00f3n resumida previamente y cada una ha utiliado los recursos que cree convenientes.<\/p>\n<p>Hemos utilizado desde fuentes visuales,como v\u00eddeos de la p\u00e1gina de Youtube,as\u00ed como documentales extra\u00eddos de p\u00e1ginas televisivas como radio televisi\u00f3n espa\u00f1ola. Tambi\u00e9n hemos usado fuentes materiales como documentos y art\u00edculos de los recursos de inforaci\u00f3n de los archivos de la biblioteca de la Universidad de Alicante,Dialnet y de investigaciones que nos ofrece la Universidad de Valencia.<\/p>\n","protected":false},"excerpt":{"rendered":"<p>Como ya hemos explicado antes,se trata de un blog creado acad\u00e9micamente,as\u00ed que ambas nos hemos repartido la informaci\u00f3n resumida previamente y cada una ha utiliado los recursos que cree convenientes. Hemos utilizado desde fuentes visuales,como v\u00eddeos de la p\u00e1gina de &hellip; <a href=\"https:\/\/blogs.ua.es\/antoniojosecavanilles\/recursos-de-informacion-2\/\">Continue reading <span class=\"meta-nav\">&rarr;<\/span><\/a><\/p>\n","protected":false},"author":2871,"featured_media":0,"parent":0,"menu_order":0,"comment_status":"open","ping_status":"open","template":"","meta":{"footnotes":""},"class_list":["post-49","page","type-page","status-publish","hentry"],"_links":{"self":[{"href":"https:\/\/blogs.ua.es\/antoniojosecavanilles\/wp-json\/wp\/v2\/pages\/49","targetHints":{"allow":["GET"]}}],"collection":[{"href":"https:\/\/blogs.ua.es\/antoniojosecavanilles\/wp-json\/wp\/v2\/pages"}],"about":[{"href":"https:\/\/blogs.ua.es\/antoniojosecavanilles\/wp-json\/wp\/v2\/types\/page"}],"author":[{"embeddable":true,"href":"https:\/\/blogs.ua.es\/antoniojosecavanilles\/wp-json\/wp\/v2\/users\/2871"}],"replies":[{"embeddable":true,"href":"https:\/\/blogs.ua.es\/antoniojosecavanilles\/wp-json\/wp\/v2\/comments?post=49"}],"version-history":[{"count":4,"href":"https:\/\/blogs.ua.es\/antoniojosecavanilles\/wp-json\/wp\/v2\/pages\/49\/revisions"}],"predecessor-version":[{"id":148,"href":"https:\/\/blogs.ua.es\/antoniojosecavanilles\/wp-json\/wp\/v2\/pages\/49\/revisions\/148"}],"wp:attachment":[{"href":"https:\/\/blogs.ua.es\/antoniojosecavanilles\/wp-json\/wp\/v2\/media?parent=49"}],"curies":[{"name":"wp","href":"https:\/\/api.w.org\/{rel}","templated":true}]}}