{"id":105,"date":"2026-04-14T14:01:52","date_gmt":"2026-04-14T14:01:52","guid":{"rendered":"https:\/\/blogs.ua.es\/antoniosanchezsanchez\/?page_id=105"},"modified":"2026-04-20T14:56:03","modified_gmt":"2026-04-20T14:56:03","slug":"personal-tecnico-de-gestion-y-administracion-y-servicios","status":"publish","type":"page","link":"https:\/\/blogs.ua.es\/antoniosanchezsanchez\/personal-tecnico-de-gestion-y-administracion-y-servicios\/","title":{"rendered":"Personal T\u00e8cnic, de Gesti\u00f3 i Administraci\u00f3 i Serveis                                                                                                                                                                                     \/ Personal T\u00e9cnico, de Gesti\u00f3n y Administraci\u00f3n y Servicios"},"content":{"rendered":"\n<div class=\"wp-block-columns is-layout-flex wp-container-core-columns-is-layout-9d6595d7 wp-block-columns-is-layout-flex\">\n<div class=\"wp-block-column is-layout-flow wp-block-column-is-layout-flow\">\n<p>El tercer pilar sobre el qual s&#8217;assenta l&#8217;activitat universit\u00e0ria recau sobre el personal t\u00e8cnic, de gesti\u00f3 i administraci\u00f3 i serveis (PTGAS). El personal de consergeria, el conjunt de gestores i gestors, el personal t\u00e8cnic de laboratori i infraestructures s\u00f3n fonamentals per al desenvolupament de la doc\u00e8ncia, la investigaci\u00f3 i la gesti\u00f3. El seu treball diari garanteix l&#8217;adequat funcionament dels equipaments d&#8217;aules i laboratoris, la seguretat en aquests espais i la resoluci\u00f3 dels tr\u00e0mits acad\u00e8mics del nostre alumnat, i donen suport a la doc\u00e8ncia i a la investigaci\u00f3. Per tot aix\u00f2, les nostres accions de millora i suport al PTGAS estaran dirigides a:<\/p>\n\n\n\n<ul class=\"wp-block-list\">\n<li><strong>Garantir un entorn de treball \u00f2ptim i motivador:<\/strong> treballarem de manera efectiva per a assegurar que tot el personal dispose dels recursos materials, les eines i els espais adequats per a desenvolupar les seues funcions de manera segura, c\u00f2moda i eficient.<\/li>\n\n\n\n<li><strong>Simplificar i agilitzar els procediments:<\/strong> revisarem els processos administratius interns del centre amb l&#8217;objectiu de reduir la burocr\u00e0cia innecess\u00e0ria, evitar duplicitats i fer que la gesti\u00f3 di\u00e0ria siga m\u00e9s fluida per a totes les parts implicades.<\/li>\n\n\n\n<li><strong>Visibilitzar i recon\u00e8ixer la seua feina di\u00e0ria:<\/strong> establirem vies per a fomentar la motivaci\u00f3 laboral, valorar p\u00fablicament la seua professionalitat i crear un clima de confian\u00e7a. Volem que el PTGAS tinga veu activa i que les seues propostes de millora organitzativa siguen escoltades i tingudes en compte.<\/li>\n\n\n\n<li><strong>Suport integral a la Biblioteca de Ci\u00e8ncies:<\/strong> secundarem de forma decidida les activitats, serveis i propostes de millora que ofereix la nostra biblioteca amb el reconeixement del paper clau que exerceix el seu personal en el suport a l&#8217;estudi, la doc\u00e8ncia i la investigaci\u00f3.<\/li>\n<\/ul>\n<\/div>\n\n\n\n<div class=\"wp-block-column is-layout-flow wp-block-column-is-layout-flow\">\n<p>El tercer pilar sobre el que se asienta la actividad universitaria recae sobre el Personal T\u00e9cnico, de Gesti\u00f3n y Administraci\u00f3n y Servicios (PTGAS). El personal de conserjer\u00eda, el conjunto de gestoras y gestores, el personal t\u00e9cnico de laboratorio e infraestructuras son fundamentales para el desarrollo de la docencia, la investigaci\u00f3n y la gesti\u00f3n. Su trabajo diario garantiza el adecuado funcionamiento de los equipamientos de aulas y laboratorios, la seguridad en estos espacios y resuelven los tr\u00e1mites acad\u00e9micos de nuestro alumnado y dan soporte a la docencia y a la investigaci\u00f3n. Por todo ello, nuestras acciones de mejorar y apoyo hacia el PTGAS estar\u00e1n dirigidas a:<\/p>\n\n\n\n<ul class=\"wp-block-list\">\n<li><strong>Garantizar un entorno de trabajo \u00f3ptimo y motivador:<\/strong> Trabajaremos de manera efectiva para asegurar que todo el personal disponga de los recursos materiales, las herramientas y los espacios adecuados para desarrollar sus funciones de forma segura, c\u00f3moda y eficiente.<\/li>\n\n\n\n<li><strong>Simplificar y agilizar los procedimientos:<\/strong> Revisaremos los procesos administrativos internos del Centro con el objetivo de reducir la burocracia innecesaria, evitar duplicidades y hacer que la gesti\u00f3n diaria sea m\u00e1s fluida para todas las partes implicadas.<\/li>\n\n\n\n<li><strong>Visibilizar y reconocer su labor diaria:<\/strong> Estableceremos cauces para fomentar la motivaci\u00f3n laboral, valorando p\u00fablicamente su profesionalidad y creando un clima de confianza. Queremos que el PTGAS tenga voz activa y que sus propuestas de mejora organizativa sean escuchadas y tenidas en cuenta.<\/li>\n\n\n\n<li><strong>Respaldo integral a la Biblioteca de Ciencias:<\/strong> Apoyaremos de forma decidida las actividades, servicios y propuestas de mejora que ofrece nuestra biblioteca, reconociendo el papel clave que desempe\u00f1a su personal en el apoyo al estudio, la docencia y la investigaci\u00f3n.<\/li>\n<\/ul>\n<\/div>\n<\/div>\n\n\n<div class=\"wp-block-image\">\n<figure class=\"aligncenter size-full\"><img loading=\"lazy\" decoding=\"async\" width=\"5760\" height=\"3840\" src=\"https:\/\/blogs.ua.es\/antoniosanchezsanchez\/files\/2026\/04\/Programa-Electoral-PTGAS.jpg\" alt=\"\" class=\"wp-image-172\" style=\"aspect-ratio:1.4999999660412715\" \/><\/figure>\n<\/div>","protected":false},"excerpt":{"rendered":"<p>El tercer pilar sobre el qual s&#8217;assenta l&#8217;activitat universit\u00e0ria recau sobre el personal t\u00e8cnic, de gesti\u00f3 i administraci\u00f3 i serveis (PTGAS). El personal de consergeria, el conjunt de gestores i gestors, el personal t\u00e8cnic de laboratori i infraestructures s\u00f3n fonamentals per al desenvolupament de la doc\u00e8ncia, la investigaci\u00f3 i la gesti\u00f3. El seu treball diari &hellip; <\/p>\n<p class=\"link-more\"><a href=\"https:\/\/blogs.ua.es\/antoniosanchezsanchez\/personal-tecnico-de-gestion-y-administracion-y-servicios\/\" class=\"more-link\">Continue reading<span class=\"screen-reader-text\"> &#8220;Personal T\u00e8cnic, de Gesti\u00f3 i Administraci\u00f3 i Serveis                                                                                                                                                                                     \/ Personal T\u00e9cnico, de Gesti\u00f3n y Administraci\u00f3n y Servicios&#8221;<\/span><\/a><\/p>\n","protected":false},"author":4653,"featured_media":0,"parent":0,"menu_order":0,"comment_status":"closed","ping_status":"closed","template":"","meta":{"footnotes":""},"class_list":["post-105","page","type-page","status-publish","hentry"],"_links":{"self":[{"href":"https:\/\/blogs.ua.es\/antoniosanchezsanchez\/wp-json\/wp\/v2\/pages\/105","targetHints":{"allow":["GET"]}}],"collection":[{"href":"https:\/\/blogs.ua.es\/antoniosanchezsanchez\/wp-json\/wp\/v2\/pages"}],"about":[{"href":"https:\/\/blogs.ua.es\/antoniosanchezsanchez\/wp-json\/wp\/v2\/types\/page"}],"author":[{"embeddable":true,"href":"https:\/\/blogs.ua.es\/antoniosanchezsanchez\/wp-json\/wp\/v2\/users\/4653"}],"replies":[{"embeddable":true,"href":"https:\/\/blogs.ua.es\/antoniosanchezsanchez\/wp-json\/wp\/v2\/comments?post=105"}],"version-history":[{"count":9,"href":"https:\/\/blogs.ua.es\/antoniosanchezsanchez\/wp-json\/wp\/v2\/pages\/105\/revisions"}],"predecessor-version":[{"id":284,"href":"https:\/\/blogs.ua.es\/antoniosanchezsanchez\/wp-json\/wp\/v2\/pages\/105\/revisions\/284"}],"wp:attachment":[{"href":"https:\/\/blogs.ua.es\/antoniosanchezsanchez\/wp-json\/wp\/v2\/media?parent=105"}],"curies":[{"name":"wp","href":"https:\/\/api.w.org\/{rel}","templated":true}]}}