{"id":106,"date":"2026-04-14T14:01:52","date_gmt":"2026-04-14T14:01:52","guid":{"rendered":"https:\/\/blogs.ua.es\/antoniosanchezsanchez\/?page_id=106"},"modified":"2026-04-20T15:02:18","modified_gmt":"2026-04-20T15:02:18","slug":"ordenacion-academica-y-estudios","status":"publish","type":"page","link":"https:\/\/blogs.ua.es\/antoniosanchezsanchez\/ordenacion-academica-y-estudios\/","title":{"rendered":"Ordenaci\u00f3 acad\u00e8mica i estudis \/ Ordenaci\u00f3n Acad\u00e9mica y Estudios"},"content":{"rendered":"\n<div class=\"wp-block-columns is-layout-flex wp-container-core-columns-is-layout-9d6595d7 wp-block-columns-is-layout-flex\">\n<div class=\"wp-block-column is-layout-flow wp-block-column-is-layout-flow\">\n<p>La cont\u00ednua evoluci\u00f3 de la nostra societat, el seu comportament demogr\u00e0fic, la situaci\u00f3 econ\u00f2mica, les demandes de les empreses de nous professionals, els canvis normatius i els nous avan\u00e7os tecnol\u00f2gics i cient\u00edfics s\u00f3n factors que ens obliguen a estar revisant cont\u00ednuament els nostres t\u00edtols i proposar modificacions que els facen m\u00e9s atractius i s\u2019adapten a les noves exig\u00e8ncies de la societat, com tamb\u00e9 plantejar noves titulacions dins el pla estrat\u00e8gic de la nostra Facultat.<\/p>\n\n\n\n<p>Durant els \u00faltims quatre anys hem dut a terme un intens treball d&#8217;actualitzaci\u00f3 acad\u00e8mica. Entre les principals actuacions destaquen:<\/p>\n\n\n\n<ul class=\"wp-block-list\">\n<li><strong>Adaptaci\u00f3 normativa:<\/strong> hem completat l&#8217;adscripci\u00f3 dels nostres graus i m\u00e0sters als seus corresponents camps d&#8217;estudi en compliment del RD 822\/2021.<\/li>\n\n\n\n<li><strong>Noves titulacions:<\/strong> s&#8217;han implantat t\u00edtols com el m\u00e0ster universitari en C\u00e0lcul i Modelitzaci\u00f3 Cient\u00edfica i el doble grau en F\u00edsica i Matem\u00e0tiques (FISMAT), que completar\u00e0 el seu desplegament en els pr\u00f2xims anys.<\/li>\n\n\n\n<li><strong>Actualitzaci\u00f3 de plans d&#8217;estudi:<\/strong> hem fet modificacions substancials en els graus en F\u00edsica i en Matem\u00e0tiques per a adequar-los al nou marc normatiu i modernitzar-ne els plans d&#8217;estudi. Tamb\u00e9 s&#8217;ha actuat en l&#8217;oferta de postgrau, i s\u2019ha dut a terme una modificaci\u00f3 substancial del m\u00e0ster universitari en Optometria Avan\u00e7ada i Salut Visual amb l\u2019actualitzaci\u00f3 dels continguts i la millora de la seua competitivitat; el programa de doctorat de la Facultat tamb\u00e9 ha sigut modificat de manera substancial i va obtindre el vistiplau de l&#8217;AVAP l\u2019any 2025.<\/li>\n\n\n\n<li><strong>Aliances interuniversit\u00e0ries:<\/strong> s&#8217;han refor\u00e7at les relacions amb altres institucions acad\u00e8miques mitjan\u00e7ant la suma de noves titulacions, com el m\u00e0ster universitari en Materials Avan\u00e7ats, i la modificaci\u00f3 substancial del m\u00e0ster universitari en Paleontologia impartit conjuntament amb la Universitat de Val\u00e8ncia.<\/li>\n<\/ul>\n\n\n\n<p>Durant aquest per\u00edode, hem iniciat processos clau per a l&#8217;actualitzaci\u00f3 i sostenibilitat de la nostra oferta acad\u00e8mica:<\/p>\n\n\n\n<ul class=\"wp-block-list\">\n<li><strong>M\u00e0sters universitaris en Ci\u00e8ncia de Materials i en Qu\u00edmica M\u00e8dica:<\/strong> les respectives comissions acad\u00e8miques ja treballen en propostes de modificaci\u00f3, que hauran de materialitzar-se durant la primera meitat del pr\u00f2xim mandat.<\/li>\n\n\n\n<li><strong>M\u00e0sters universitaris en Biomedicina i en Biotecnologia per a la Salut i la Sostenibilitat:<\/strong> han comen\u00e7at un proc\u00e9s de fusi\u00f3 dissenyat per a garantir-ne la viabilitat futura i assegurar al mateix temps un pla d&#8217;estudis modern i de la m\u00e0xima qualitat.<\/li>\n\n\n\n<li><strong>Grau en Gastronomia i Arts Culin\u00e0ries:<\/strong> despr\u00e9s de la seua consolidaci\u00f3 en aquests anys i la superaci\u00f3 de la reacreditaci\u00f3, hem d&#8217;abordar-ne una modificaci\u00f3 substancial. L&#8217;objectiu \u00e9s refor\u00e7ar la formaci\u00f3 cient\u00edfica en el pla d&#8217;estudis, reordenar temporalment les assignatures per a un desenvolupament m\u00e9s adequat dels continguts i actualitzar l&#8217;oferta d&#8217;optativitat.<\/li>\n\n\n\n<li><strong>Grau en \u00d2ptica i Optometria i m\u00e0ster universitari en Optometria Avan\u00e7ada i Salut Visual:<\/strong> la Llei org\u00e0nica 10\/2022, de garantia integral de la llibertat sexual, obliga a la incorporaci\u00f3 de continguts sobre igualtat de g\u00e8nere i prevenci\u00f3 de les viol\u00e8ncies socials en els plans d&#8217;estudi dels t\u00edtols de l&#8217;\u00e0rea de les Ci\u00e8ncies de la Salut. Aquesta situaci\u00f3 ens portar\u00e0 a plantejar en els primers mesos de mandat una modificaci\u00f3 del grau en \u00d2ptica i Optometria i del m\u00e0ster universitari en Optometria Avan\u00e7ada i Salut Visual per a complir la llei.<\/li>\n<\/ul>\n\n\n\n<p>La publicaci\u00f3 del Decret 141\/2025, d&#8217;ordenaci\u00f3 dels ensenyaments universitaris en l&#8217;\u00e0mbit de la Comunitat Valenciana, ens exigir\u00e0 realitzar un seguiment de tots els nostres t\u00edtols de grau, m\u00e0ster i doctorat, actualitzar-los quan calga i defensar fermament el seu car\u00e0cter estrat\u00e8gic quan siga necessari amb la finalitat de garantir-ne la sostenibilitat. En el marc estrat\u00e8gic de la pol\u00edtica de t\u00edtols de la Facultat, haurem de plantejar noves solucions que asseguren la viabilitat dels nostres t\u00edtols, la qual cosa podr\u00e0 implicar la fusi\u00f3 de m\u00e0sters, la creaci\u00f3 de dobles titulacions internacionals i el reajustament en el nombre de places de nou ingr\u00e9s.<\/p>\n\n\n\n<p>El descens de la natalitat provocat per la crisi econ\u00f2mica de 2008-2012 comen\u00e7ar\u00e0 a tenir efectes en el nombre d&#8217;alumnes de nou ingr\u00e9s a partir dels dos pr\u00f2xims anys. Davant aquest escenari, mantenir una oferta d&#8217;estudis atractiva i actualitzada, que afavorisca la mobilitat, les relacions amb les empreses i la internacionalitzaci\u00f3, ser\u00e0 clau per a continuar atraient nous estudiants a la nostra Facultat.<\/p>\n\n\n\n<p>Hem d&#8217;aprofitar aquesta conjuntura per a reclamar un millor finan\u00e7ament dels nostres t\u00edtols. Aquesta millora \u00e9s indispensable per a poder abordar les activitats pr\u00e0ctiques (tant de laboratori com de camp) amb un nombre d&#8217;alumnes adequat, la qual cosa ens permetr\u00e0 garantir la seguretat en tot moment i elevar la qualitat de l&#8217;ensenyament.<\/p>\n\n\n\n<p>En relaci\u00f3 amb el finan\u00e7ament dels t\u00edtols i amb la pol\u00edtica ling\u00fc\u00edstica de la Facultat, ens comprometem a mantenir una negociaci\u00f3 activa amb els vicerectorats implicats. L&#8217;objectiu \u00e9s assegurar una oferta formativa en angl\u00e8s i en valenci\u00e0 que siga viable i d\u2019acord amb les condicions reals de les nostres titulacions. Garantir l&#8217;oferta docent en els dos idiomes \u00e9s imprescindible per dos motius: mantenir i millorar la internacionalitzaci\u00f3 dels nostres graus i m\u00e0sters, i assegurar el dret fonamental a impartir i rebre la doc\u00e8ncia en qualsevol de les dues lleng\u00fces oficials del nostre territori.<\/p>\n<\/div>\n\n\n\n<div class=\"wp-block-column is-layout-flow wp-block-column-is-layout-flow\">\n<p>La continua evoluci\u00f3n de nuestra sociedad, su comportamiento demogr\u00e1fico, la situaci\u00f3n econ\u00f3mica, las demandas de las empresas de nuevos profesionales, los cambios normativos y los nuevos avances tecnol\u00f3gicos y cient\u00edficos son factores que nos obligan a estar revisando continuamente nuestros t\u00edtulos, proponiendo modificaciones que los hagan m\u00e1s atractivos y adapten a las nuevas exigencias de la sociedad, as\u00ed como plantear nuevas titulaciones dentro del plan estrat\u00e9gico de nuestra Facultad.<\/p>\n\n\n\n<p>Durante los \u00faltimos cuatro a\u00f1os hemos llevado a cabo un intenso trabajo de actualizaci\u00f3n acad\u00e9mica. Entre las principales actuaciones destacan:<\/p>\n\n\n\n<ul class=\"wp-block-list\">\n<li><strong>Adaptaci\u00f3n normativa:<\/strong> Hemos completado la adscripci\u00f3n de nuestros grados y m\u00e1steres a sus correspondientes campos de estudio, en cumplimiento del RD 822\/2021.<\/li>\n\n\n\n<li><strong>Nuevas titulaciones:<\/strong> Se han implantado t\u00edtulos como el M\u00e1ster Universitario en C\u00e1lculo y Modelizaci\u00f3n Cient\u00edfica y el Doble Grado en F\u00edsica y Matem\u00e1ticas (FISMAT), que completar\u00e1 su despliegue en los pr\u00f3ximos a\u00f1os.<\/li>\n\n\n\n<li><strong>Actualizaci\u00f3n de planes de estudio:<\/strong> Hemos acometido modificaciones sustanciales en los Grados en F\u00edsica y en Matem\u00e1ticas para adecuarlos al nuevo marco normativo y modernizar sus planes de estudios. Tambi\u00e9n se ha actuado en la oferta de posgrado, llevando a cabo una modificaci\u00f3n sustancial del M\u00e1ster Universitario en Optometr\u00eda Avanzada y Salud Visual actualizando sus contenidos y mejorando su competitividad, el programa de doctorado de la Facultad tambi\u00e9n ha sido modificado de manera sustancial obtenido el visto bueno de AVAP en 2025.<\/li>\n\n\n\n<li><strong>Alianzas interuniversitarias:<\/strong> Se han reforzado las relaciones con otras instituciones acad\u00e9micas mediante la suma de nuevas titulaciones, como el M\u00e1ster Universitario en Materiales Avanzados, y la modificaci\u00f3n sustancial del M\u00e1ster Universitario en Paleontolog\u00eda, impartido conjuntamente con la Universitat de Val\u00e8ncia.<\/li>\n<\/ul>\n\n\n\n<p>Durante este periodo, hemos iniciado procesos clave para la actualizaci\u00f3n y sostenibilidad de nuestra oferta acad\u00e9mica:<\/p>\n\n\n\n<ul class=\"wp-block-list\">\n<li><strong>M\u00e1steres Universitarios en Ciencia de Materiales y en Qu\u00edmica M\u00e9dica:<\/strong> Sus respectivas comisiones acad\u00e9micas ya trabajan en propuestas de modificaci\u00f3n, las cuales deber\u00e1n materializarse durante la primera mitad del pr\u00f3ximo mandato.<\/li>\n\n\n\n<li><strong>M\u00e1steres Universitarios en Biomedicina y en Biotecnolog\u00eda para la Salud y la Sostenibilidad:<\/strong> Han comenzado un proceso de fusi\u00f3n dise\u00f1ado para garantizar su viabilidad futura, asegurando al mismo tiempo un plan de estudios moderno y de la m\u00e1xima calidad.<\/li>\n\n\n\n<li><strong>Grado en Gastronom\u00eda y Artes Culinarias:<\/strong> Tras su consolidaci\u00f3n en estos a\u00f1os y la superaci\u00f3n de su reacreditaci\u00f3n, debemos abordar una modificaci\u00f3n sustancial. El objetivo es reforzar la formaci\u00f3n cient\u00edfica en su plan de estudios, reordenar temporalmente las asignaturas para un desarrollo m\u00e1s adecuado de los contenidos y actualizar la oferta de optatividad.<\/li>\n\n\n\n<li><strong>Grado en \u00d3ptica y Optometr\u00eda y M\u00e1ster Universitario en Optometr\u00eda Avanzada y Salud Visual:<\/strong> La Ley Org\u00e1nica 10\/2022 de garant\u00eda integral de la libertad sexual obliga a la incorporaci\u00f3n de contenidos sobre igualdad de g\u00e9nero y prevenci\u00f3n de las violencias sociales en los planes de estudio de los t\u00edtulos del \u00e1rea de las Ciencias de la Salud. Esta situaci\u00f3n nos llevar\u00e1 a plantear en los primeros meses de mandato una modificaci\u00f3n del grado en \u00d3ptica y Optometr\u00eda y del M\u00e1ster Universitario en Optometr\u00eda Avanzada y Salud Visual para cumplir con la ley.<\/li>\n<\/ul>\n\n\n\n<p>La publicaci\u00f3n del Decreto 141\/2025, de ordenaci\u00f3n de las ense\u00f1anzas universitarias en el \u00e1mbito de la Comunitat Valenciana, nos exigir\u00e1 realizar un seguimiento de todos nuestros t\u00edtulos de grado, m\u00e1ster y doctorado, actualiz\u00e1ndolos cuando sea preciso y defendiendo firmemente su car\u00e1cter estrat\u00e9gico cuando sea necesario con el fin de garantizar su sostenibilidad. En el marco estrat\u00e9gico de la pol\u00edtica de t\u00edtulos de la Facultad, tendremos que plantear nuevas soluciones que aseguren la viabilidad de nuestros t\u00edtulos, lo que podr\u00e1 implicar la fusi\u00f3n de m\u00e1steres, la creaci\u00f3n de dobles titulaciones internacionales y reajuste en el n\u00famero de plazas de nuevo ingreso.<\/p>\n\n\n\n<p>El descenso de la natalidad provocado por la crisis econ\u00f3mica de 2008-2012 empezar\u00e1 a tener efectos en el n\u00famero de alumnos de nuevo ingreso a partir de los dos pr\u00f3ximos a\u00f1os. Ante este escenario, mantener una oferta de estudios atractiva y actualizada, que favorezca la movilidad, las relaciones con las empresas y la internacionalizaci\u00f3n, ser\u00e1 clave para seguir atrayendo nuevos estudiantes a nuestra Facultad.<\/p>\n\n\n\n<p>Debemos aprovechar esta coyuntura para reclamar una mejor financiaci\u00f3n de nuestros t\u00edtulos. Esta mejora es indispensable para poder abordar las actividades pr\u00e1cticas (tanto de laboratorio como de campo) con un n\u00famero de alumnos adecuado, lo que nos permitir\u00e1 garantizar la seguridad en todo momento y elevar la calidad de la ense\u00f1anza.<\/p>\n\n\n\n<p>En relaci\u00f3n con la financiaci\u00f3n de los t\u00edtulos y con la pol\u00edtica ling\u00fc\u00edstica de la Facultad, nos comprometemos a mantener una negociaci\u00f3n activa con los vicerrectorados implicados. El objetivo es asegurar una oferta formativa en ingl\u00e9s y en valenciano que sea viable y acorde a las condiciones reales de nuestras titulaciones. Garantizar la oferta docente en ambos idiomas es imprescindible por dos motivos: mantener y mejorar la internacionalizaci\u00f3n de nuestros grados y m\u00e1steres, y asegurar el derecho fundamental a impartir y recibir la docencia en cualquiera de las dos lenguas oficiales de nuestro territorio.<\/p>\n<\/div>\n<\/div>\n\n\n<div class=\"wp-block-image\">\n<figure class=\"aligncenter size-full is-resized\"><img loading=\"lazy\" decoding=\"async\" width=\"3840\" height=\"5760\" src=\"https:\/\/blogs.ua.es\/antoniosanchezsanchez\/files\/2026\/03\/Ciencias-II.jpg\" alt=\"\" class=\"wp-image-161\" style=\"width:663px;height:auto\" \/><\/figure>\n<\/div>","protected":false},"excerpt":{"rendered":"<p>La cont\u00ednua evoluci\u00f3 de la nostra societat, el seu comportament demogr\u00e0fic, la situaci\u00f3 econ\u00f2mica, les demandes de les empreses de nous professionals, els canvis normatius i els nous avan\u00e7os tecnol\u00f2gics i cient\u00edfics s\u00f3n factors que ens obliguen a estar revisant cont\u00ednuament els nostres t\u00edtols i proposar modificacions que els facen m\u00e9s atractius i s\u2019adapten a &hellip; <\/p>\n<p class=\"link-more\"><a href=\"https:\/\/blogs.ua.es\/antoniosanchezsanchez\/ordenacion-academica-y-estudios\/\" class=\"more-link\">Continue reading<span class=\"screen-reader-text\"> &#8220;Ordenaci\u00f3 acad\u00e8mica i estudis \/ Ordenaci\u00f3n Acad\u00e9mica y Estudios&#8221;<\/span><\/a><\/p>\n","protected":false},"author":4653,"featured_media":0,"parent":0,"menu_order":0,"comment_status":"closed","ping_status":"closed","template":"","meta":{"footnotes":""},"class_list":["post-106","page","type-page","status-publish","hentry"],"_links":{"self":[{"href":"https:\/\/blogs.ua.es\/antoniosanchezsanchez\/wp-json\/wp\/v2\/pages\/106","targetHints":{"allow":["GET"]}}],"collection":[{"href":"https:\/\/blogs.ua.es\/antoniosanchezsanchez\/wp-json\/wp\/v2\/pages"}],"about":[{"href":"https:\/\/blogs.ua.es\/antoniosanchezsanchez\/wp-json\/wp\/v2\/types\/page"}],"author":[{"embeddable":true,"href":"https:\/\/blogs.ua.es\/antoniosanchezsanchez\/wp-json\/wp\/v2\/users\/4653"}],"replies":[{"embeddable":true,"href":"https:\/\/blogs.ua.es\/antoniosanchezsanchez\/wp-json\/wp\/v2\/comments?post=106"}],"version-history":[{"count":6,"href":"https:\/\/blogs.ua.es\/antoniosanchezsanchez\/wp-json\/wp\/v2\/pages\/106\/revisions"}],"predecessor-version":[{"id":293,"href":"https:\/\/blogs.ua.es\/antoniosanchezsanchez\/wp-json\/wp\/v2\/pages\/106\/revisions\/293"}],"wp:attachment":[{"href":"https:\/\/blogs.ua.es\/antoniosanchezsanchez\/wp-json\/wp\/v2\/media?parent=106"}],"curies":[{"name":"wp","href":"https:\/\/api.w.org\/{rel}","templated":true}]}}