{"id":107,"date":"2026-04-14T14:01:52","date_gmt":"2026-04-14T14:01:52","guid":{"rendered":"https:\/\/blogs.ua.es\/antoniosanchezsanchez\/?page_id=107"},"modified":"2026-04-14T14:01:52","modified_gmt":"2026-04-14T14:01:52","slug":"infraestructuras","status":"publish","type":"page","link":"https:\/\/blogs.ua.es\/antoniosanchezsanchez\/infraestructuras\/","title":{"rendered":"Infraestructuras"},"content":{"rendered":"\n<p>Durante los \u00faltimos meses hemos celebrado el 50 aniversario de nuestro Centro, junto con la Facultad de Filosof\u00eda y Letras, la Facultad de Ciencias es el centro m\u00e1s veterano de la Universidad de Alicante, durante todo este tiempo ha experimentado un crecimiento significativo hasta ocupar una parte importante del campus universitario.<\/p>\n\n\n\n<p>En los \u00faltimos a\u00f1os, la incorporaci\u00f3n de la Fase VI (CTQ) y de la Fase VII (antiguo Club Social III) ha permitido mejorar notablemente la disponibilidad de espacios docentes para la impartici\u00f3n de las pr\u00e1cticas de laboratorio de los t\u00edtulos en los que participan nuestros departamentos. Sin embargo, esta larga trayectoria nos sit\u00faa ante el reto de rehabilitar espacios hist\u00f3ricos y estrat\u00e9gicos. Es el caso de las actuaciones que se est\u00e1n llevando a cabo actualmente en los edificios Ciencias III, Ciencias IV, pabell\u00f3n de Biotecnolog\u00eda y pabell\u00f3n 13. Resulta absolutamente necesario recuperar la plena operatividad de estas infraestructuras lo antes posible para seguir garantizando una docencia y una investigaci\u00f3n de calidad.<\/p>\n\n\n\n<p>Nuestras infraestructuras son la base donde se desarrolla la investigaci\u00f3n m\u00e1s puntera de la Universidad de Alicante y la formaci\u00f3n de futuros cient\u00edficos. Por ello, planteamos las siguientes l\u00edneas de actuaci\u00f3n para los pr\u00f3ximos a\u00f1os:<\/p>\n\n\n\n<ul class=\"wp-block-list\">\n<li><strong>Ciencias I y Ciencias II:<\/strong> Son edificios con m\u00e1s de 40 a\u00f1os de historia, sometidos a un uso intensivo y con un alt\u00edsimo nivel de ocupaci\u00f3n. Requieren una climatizaci\u00f3n, seguridad y equipamiento \u00f3ptimos para poder seguir desarrollando una docencia e investigaci\u00f3n de calidad en ellos. Durante los \u00faltimos cuatro a\u00f1os se han realizado mejoras en estas infraestructuras: renovaci\u00f3n de ascensores, reforma de aseos, renovaci\u00f3n de bancadas de laboratorio y compra de armarios de seguridad para almacenar reactivos. Seguiremos reivindicando y haciendo nuevas inversiones para la mejora de los edificios, pero creemos necesario que como Facultad tendremos que plantearnos qu\u00e9 modelo estrat\u00e9gico queremos para el futuro.<\/li>\n\n\n\n<li><strong>Pabell\u00f3n 12:<\/strong> Se deber\u00e1 mantener su plan de vigilancia. Dado el car\u00e1cter hist\u00f3rico del edificio, requiere supervisi\u00f3n permanente para asegurar que el Departamento de Fisiolog\u00eda, Gen\u00e9tica y Microbiolog\u00eda siga impartiendo su docencia e investigando con las m\u00e1ximas garant\u00edas de seguridad.<\/li>\n\n\n\n<li><strong>Cl\u00ednica Optom\u00e9trica:<\/strong> Durante sus 25 a\u00f1os de existencia se ha convertido en un recurso estrat\u00e9gico de nuestra Facultad y, por tanto, de nuestra Universidad. Es un servicio imprescindible para que el alumnado del Grado en \u00d3ptica y Optometr\u00eda y el M\u00e1ster Universitario en Optometr\u00eda Avanzada complete su formaci\u00f3n pr\u00e1ctica, as\u00ed como para el desarrollo de la investigaci\u00f3n. El mantenimiento de esta unidad docente ser\u00e1 cuesti\u00f3n prioritaria para este equipo decanal.<\/li>\n\n\n\n<li><strong>Aulas en los edificios de \u00d3ptica y Optometr\u00eda y Fase II de Ciencias:<\/strong> Abordaremos la modernizaci\u00f3n integral de sus aulas, lo que incluye la mejora de la accesibilidad, la electrificaci\u00f3n de los pupitres y la actualizaci\u00f3n del equipamiento audiovisual.<\/li>\n<\/ul>\n\n\n\n<figure class=\"wp-block-image size-full is-resized\"><img loading=\"lazy\" decoding=\"async\" width=\"4064\" height=\"2702\" src=\"https:\/\/blogs.ua.es\/antoniosanchezsanchez\/files\/2026\/03\/FACULTAD-DE-CIENCIAS-2-3676.jpg\" alt=\"\" class=\"wp-image-150\" style=\"aspect-ratio:1.5040725933126562;object-fit:cover;width:638px;height:auto\" \/><\/figure>\n","protected":false},"excerpt":{"rendered":"<p>Durante los \u00faltimos meses hemos celebrado el 50 aniversario de nuestro Centro, junto con la Facultad de Filosof\u00eda y Letras, la Facultad de Ciencias es el centro m\u00e1s veterano de la Universidad de Alicante, durante todo este tiempo ha experimentado un crecimiento significativo hasta ocupar una parte importante del campus universitario. En los \u00faltimos a\u00f1os, &hellip; <\/p>\n<p class=\"link-more\"><a href=\"https:\/\/blogs.ua.es\/antoniosanchezsanchez\/infraestructuras\/\" class=\"more-link\">Continue reading<span class=\"screen-reader-text\"> &#8220;Infraestructuras&#8221;<\/span><\/a><\/p>\n","protected":false},"author":4653,"featured_media":0,"parent":0,"menu_order":0,"comment_status":"closed","ping_status":"closed","template":"","meta":{"footnotes":""},"class_list":["post-107","page","type-page","status-publish","hentry"],"_links":{"self":[{"href":"https:\/\/blogs.ua.es\/antoniosanchezsanchez\/wp-json\/wp\/v2\/pages\/107","targetHints":{"allow":["GET"]}}],"collection":[{"href":"https:\/\/blogs.ua.es\/antoniosanchezsanchez\/wp-json\/wp\/v2\/pages"}],"about":[{"href":"https:\/\/blogs.ua.es\/antoniosanchezsanchez\/wp-json\/wp\/v2\/types\/page"}],"author":[{"embeddable":true,"href":"https:\/\/blogs.ua.es\/antoniosanchezsanchez\/wp-json\/wp\/v2\/users\/4653"}],"replies":[{"embeddable":true,"href":"https:\/\/blogs.ua.es\/antoniosanchezsanchez\/wp-json\/wp\/v2\/comments?post=107"}],"version-history":[{"count":3,"href":"https:\/\/blogs.ua.es\/antoniosanchezsanchez\/wp-json\/wp\/v2\/pages\/107\/revisions"}],"predecessor-version":[{"id":151,"href":"https:\/\/blogs.ua.es\/antoniosanchezsanchez\/wp-json\/wp\/v2\/pages\/107\/revisions\/151"}],"wp:attachment":[{"href":"https:\/\/blogs.ua.es\/antoniosanchezsanchez\/wp-json\/wp\/v2\/media?parent=107"}],"curies":[{"name":"wp","href":"https:\/\/api.w.org\/{rel}","templated":true}]}}