{"id":108,"date":"2026-04-14T14:01:52","date_gmt":"2026-04-14T14:01:52","guid":{"rendered":"https:\/\/blogs.ua.es\/antoniosanchezsanchez\/?page_id=108"},"modified":"2026-04-20T15:04:09","modified_gmt":"2026-04-20T15:04:09","slug":"sistema-de-calidad-de-la-facultad-de-ciencias","status":"publish","type":"page","link":"https:\/\/blogs.ua.es\/antoniosanchezsanchez\/sistema-de-calidad-de-la-facultad-de-ciencias\/","title":{"rendered":"Sistema de qualitat de la Facultat de Ci\u00e8ncies \/ Sistema de Calidad de la Facultad de Ciencias"},"content":{"rendered":"\n<div class=\"wp-block-columns is-layout-flex wp-container-core-columns-is-layout-9d6595d7 wp-block-columns-is-layout-flex\">\n<div class=\"wp-block-column is-layout-flow wp-block-column-is-layout-flow\">\n<p>Un dels principals assoliments de nostre centre en els \u00faltims quatre anys ha sigut l&#8217;obtenci\u00f3 de l&#8217;acreditaci\u00f3 institucional al juliol de 2025 que certifica la implantaci\u00f3 del nostre sistema de qualitat en el marc AUDIT de l&#8217;ANECA. Com a conseq\u00fc\u00e8ncia immediata, aquest reconeixement comporta la reacreditaci\u00f3 autom\u00e0tica de tots els nostres t\u00edtols per als pr\u00f2xims sis anys.<\/p>\n\n\n\n<p>La pol\u00edtica de qualitat de la Facultat de Ci\u00e8ncies reflecteix el ferm comprom\u00eds de l&#8217;equip deganal amb la millora cont\u00ednua i la satisfacci\u00f3 dels seus grups d&#8217;inter\u00e8s. Aquesta pol\u00edtica aprovada per la Junta de Centre \u00e9s revisada anualment per la Comissi\u00f3 de Garantia Interna de Qualitat.<\/p>\n\n\n\n<p>En aquest sentit, l&#8217;equip deganal assumeix \u00edntegrament aquests compromisos i promou la consolidaci\u00f3 d&#8217;una cultura de qualitat coneguda, entesa i assumida per tota la comunitat universit\u00e0ria. Aquesta cultura representa un factor estrat\u00e8gic fonamental per a aconseguir que les compet\u00e8ncies, habilitats i aptituds dels nostres estudiants, egressats i personal siguen reconegudes pels ocupadors i per la societat en general.<\/p>\n\n\n\n<p>Per a materialitzar aquests objectius, l&#8217;estrat\u00e8gia de qualitat del nostre centre s&#8217;articula a trav\u00e9s de les seg\u00fcents l\u00ednies d&#8217;acci\u00f3:<\/p>\n\n\n\n<ul class=\"wp-block-list\">\n<li><strong>Foment de la participaci\u00f3 acad\u00e8mica:<\/strong> potenciem el treball de les comissions acad\u00e8miques de les titulacions per a canalitzar, a trav\u00e9s d&#8217;aquestes, les propostes de millora en els processos d&#8217;aprenentatge generades pel professorat i l&#8217;alumnat.<\/li>\n\n\n\n<li><strong>Comprom\u00eds amb la transpar\u00e8ncia:<\/strong> fem p\u00fablics els indicadors de qualitat de les nostres titulacions, aix\u00ed com els resultats de les enquestes d&#8217;inserci\u00f3 laboral.<\/li>\n\n\n\n<li><strong>Impuls del Pla d&#8217;Acci\u00f3 Tutorial (PAT):<\/strong> a trav\u00e9s d&#8217;aquest pla identifiquem les dificultats que el nostre alumnat puga trobar durant els estudis amb la finalitat d&#8217;oferir-li solucions directes o derivar-lo als serveis de suport que la Universitat posa a la seua disposici\u00f3.<\/li>\n\n\n\n<li><strong>Assessorament integral a trav\u00e9s de l&#8217;OPEMIL:<\/strong> a trav\u00e9s de la nostra Oficina per a les Pr\u00e0ctiques Externes, Mobilitat i Inserci\u00f3 Laboral (OPEMIL) oferim un acompanyament constant als estudiants en tots els tr\u00e0mits i procediments relacionats amb la mobilitat i les pr\u00e0ctiques externes.<\/li>\n\n\n\n<li><strong>Avaluaci\u00f3 docent:<\/strong> participem activament en la valoraci\u00f3 de l&#8217;activitat docent del professorat mitjan\u00e7ant el programa DOCENTIA.<\/li>\n\n\n\n<li><strong>Innovaci\u00f3 educativa:<\/strong> fomentem la participaci\u00f3 dels coordinadors acad\u00e8mics en les Xarxes d&#8217;Investigaci\u00f3 en Doc\u00e8ncia Universit\u00e0ria com a eina clau per a elevar la qualitat del nostre ensenyament.<\/li>\n\n\n\n<li><strong>Acreditaci\u00f3 internacional de la qualitat: <\/strong>resulta fonamental consolidar la nostra aposta pel reconeixement internacional de la qualitat a trav\u00e9s de certificacions com el certificat Eurobachelor en el nostre grau en Qu\u00edmica, la renovaci\u00f3 del qual caldr\u00e0 dur a terme el 2027, i que garanteixen que el t\u00edtol compleix els m\u00e0xims criteris d&#8217;excel\u00b7l\u00e8ncia i asseguren als ocupadors que els egressats han aconseguit una s\u00e8rie d&#8217;est\u00e0ndards internacionals.<\/li>\n<\/ul>\n<\/div>\n\n\n\n<div class=\"wp-block-column is-layout-flow wp-block-column-is-layout-flow\">\n<p>Uno de los principales logros de nuestro Centro en los \u00faltimos cuatro a\u00f1os ha sido la obtenci\u00f3n de la Acreditaci\u00f3n Institucional en julio de 2025 que certifica la implantaci\u00f3n de nuestro Sistema de Calidad en el marco AUDIT de ANECA. Como consecuencia inmediata, este reconocimiento conlleva la reacreditaci\u00f3n autom\u00e1tica de todos nuestros t\u00edtulos para los pr\u00f3ximos seis a\u00f1os.<\/p>\n\n\n\n<p>La pol\u00edtica de calidad de la Facultad de Ciencias refleja el firme compromiso del equipo decanal con la mejora continua y la satisfacci\u00f3n de sus grupos de inter\u00e9s. Esta pol\u00edtica aprobada por la Junta de Centro, es revisada anualmente por la Comisi\u00f3n de Garant\u00eda Interna de Calidad.<\/p>\n\n\n\n<p>En este sentido, el equipo decanal asume \u00edntegramente estos compromisos y promueve la consolidaci\u00f3n de una cultura de calidad conocida, entendida y asumida por toda la comunidad universitaria. Esta cultura representa un factor estrat\u00e9gico fundamental para lograr que las competencias, habilidades y aptitudes de nuestros estudiantes, egresados y personal sean reconocidas por los empleadores y por la sociedad en general.<\/p>\n\n\n\n<p>Para materializar estos objetivos, la estrategia de calidad de nuestro Centro se articula a trav\u00e9s de las siguientes l\u00edneas de acci\u00f3n:<\/p>\n\n\n\n<ul class=\"wp-block-list\">\n<li><strong>Fomento de la participaci\u00f3n acad\u00e9mica:<\/strong> Potenciamos el trabajo de las Comisiones Acad\u00e9micas de las titulaciones para canalizar, a trav\u00e9s de ellas, las propuestas de mejora en los procesos de aprendizaje generadas por el profesorado y el alumnado.<\/li>\n\n\n\n<li><strong>Compromiso con la transparencia:<\/strong> Hacemos p\u00fablicos los indicadores de calidad de nuestras titulaciones, as\u00ed como los resultados de las encuestas de inserci\u00f3n laboral.<\/li>\n\n\n\n<li><strong>Impulso del Plan de Acci\u00f3n Tutorial (PAT):<\/strong> A trav\u00e9s de este plan identificamos las dificultades que nuestro alumnado pueda encontrar durante sus estudios, con el fin de ofrecerles soluciones directas o derivarlos a los servicios de apoyo que la Universidad pone a su disposici\u00f3n.<\/li>\n\n\n\n<li><strong>Asesoramiento integral a trav\u00e9s de OPEMIL:<\/strong> A trav\u00e9s de nuestra Oficina para las Pr\u00e1cticas Externas, Movilidad e Inserci\u00f3n Laboral (OPEMIL) ofrecemos un acompa\u00f1amiento constante a los estudiantes en todos los tr\u00e1mites y procedimientos relacionados con la movilidad y las pr\u00e1cticas externas.<\/li>\n\n\n\n<li><strong>Evaluaci\u00f3n docente:<\/strong> Participamos activamente en la valoraci\u00f3n de la actividad docente del profesorado mediante el programa DOCENTIA.<\/li>\n\n\n\n<li><strong>Innovaci\u00f3n educativa:<\/strong> Fomentamos la participaci\u00f3n de los coordinadores acad\u00e9micos en las Redes de Investigaci\u00f3n en Docencia Universitaria como herramienta clave para elevar la calidad de nuestra ense\u00f1anza.<\/li>\n\n\n\n<li><strong>Acreditaci\u00f3n internacional de la calidad: <\/strong>Resulta fundamental consolidar nuestra apuesta por el reconocimiento internacional de la calidad a trav\u00e9s de certificaciones como el Certificado Eurobachelor en nuestro grado en Qu\u00edmica, cuya renovaci\u00f3n habr\u00e1 que afrontar en 2027, y que garantizan que el t\u00edtulo cumple con los m\u00e1ximos criterios de excelencia y aseguran a los empleadores que los egresados han alcanzado una serie de est\u00e1ndares internacionales.<\/li>\n<\/ul>\n<\/div>\n<\/div>\n\n\n\n<figure class=\"wp-block-image size-full is-resized\"><img loading=\"lazy\" decoding=\"async\" width=\"2352\" height=\"1568\" src=\"https:\/\/blogs.ua.es\/antoniosanchezsanchez\/files\/2026\/04\/Programa-Electoral-Calidad.jpg\" alt=\"\" class=\"wp-image-174\" style=\"aspect-ratio:1.4999999660412715;width:655px;height:auto\" \/><\/figure>\n","protected":false},"excerpt":{"rendered":"<p>Un dels principals assoliments de nostre centre en els \u00faltims quatre anys ha sigut l&#8217;obtenci\u00f3 de l&#8217;acreditaci\u00f3 institucional al juliol de 2025 que certifica la implantaci\u00f3 del nostre sistema de qualitat en el marc AUDIT de l&#8217;ANECA. Com a conseq\u00fc\u00e8ncia immediata, aquest reconeixement comporta la reacreditaci\u00f3 autom\u00e0tica de tots els nostres t\u00edtols per als pr\u00f2xims &hellip; <\/p>\n<p class=\"link-more\"><a href=\"https:\/\/blogs.ua.es\/antoniosanchezsanchez\/sistema-de-calidad-de-la-facultad-de-ciencias\/\" class=\"more-link\">Continue reading<span class=\"screen-reader-text\"> &#8220;Sistema de qualitat de la Facultat de Ci\u00e8ncies \/ Sistema de Calidad de la Facultad de Ciencias&#8221;<\/span><\/a><\/p>\n","protected":false},"author":4653,"featured_media":0,"parent":0,"menu_order":0,"comment_status":"closed","ping_status":"closed","template":"","meta":{"footnotes":""},"class_list":["post-108","page","type-page","status-publish","hentry"],"_links":{"self":[{"href":"https:\/\/blogs.ua.es\/antoniosanchezsanchez\/wp-json\/wp\/v2\/pages\/108","targetHints":{"allow":["GET"]}}],"collection":[{"href":"https:\/\/blogs.ua.es\/antoniosanchezsanchez\/wp-json\/wp\/v2\/pages"}],"about":[{"href":"https:\/\/blogs.ua.es\/antoniosanchezsanchez\/wp-json\/wp\/v2\/types\/page"}],"author":[{"embeddable":true,"href":"https:\/\/blogs.ua.es\/antoniosanchezsanchez\/wp-json\/wp\/v2\/users\/4653"}],"replies":[{"embeddable":true,"href":"https:\/\/blogs.ua.es\/antoniosanchezsanchez\/wp-json\/wp\/v2\/comments?post=108"}],"version-history":[{"count":4,"href":"https:\/\/blogs.ua.es\/antoniosanchezsanchez\/wp-json\/wp\/v2\/pages\/108\/revisions"}],"predecessor-version":[{"id":295,"href":"https:\/\/blogs.ua.es\/antoniosanchezsanchez\/wp-json\/wp\/v2\/pages\/108\/revisions\/295"}],"wp:attachment":[{"href":"https:\/\/blogs.ua.es\/antoniosanchezsanchez\/wp-json\/wp\/v2\/media?parent=108"}],"curies":[{"name":"wp","href":"https:\/\/api.w.org\/{rel}","templated":true}]}}