{"id":109,"date":"2026-04-14T14:01:52","date_gmt":"2026-04-14T14:01:52","guid":{"rendered":"https:\/\/blogs.ua.es\/antoniosanchezsanchez\/?page_id=109"},"modified":"2026-04-20T15:07:13","modified_gmt":"2026-04-20T15:07:13","slug":"politicas-de-igualdad-y-responsabilidad-social","status":"publish","type":"page","link":"https:\/\/blogs.ua.es\/antoniosanchezsanchez\/politicas-de-igualdad-y-responsabilidad-social\/","title":{"rendered":"Pol\u00edtiques d&#8217;igualtat i responsabilitat social \/ Pol\u00edticas de igualdad y responsabilidad social"},"content":{"rendered":"\n<div class=\"wp-block-columns is-layout-flex wp-container-core-columns-is-layout-9d6595d7 wp-block-columns-is-layout-flex\">\n<div class=\"wp-block-column is-layout-flow wp-block-column-is-layout-flow\">\n<p>La Universitat t\u00e9 l&#8217;obligaci\u00f3 de continuar sent un referent en la defensa dels principals valors democr\u00e0tics basats en la llibertat, la igualtat, la just\u00edcia i la participaci\u00f3. Des de la Facultat de Ci\u00e8ncies hem d&#8217;assumir la responsabilitat de vetlar pel compliment d&#8217;aquests valors. Aix\u00ed ho hem fet durant els \u00faltims anys mitjan\u00e7ant l\u2019organitzaci\u00f3 activitats que han ajudat a visibilitzar el drama de la viol\u00e8ncia contra les dones, el treball de les dones cient\u00edfiques i investigadores i la celebraci\u00f3 del Dia Internacional de la Dona. Avui, reforcem el nostre comprom\u00eds i apostem per una participaci\u00f3 activa en aquestes dates assenyalades:<\/p>\n\n\n\n<ul class=\"wp-block-list\">\n<li>25N: Dia Internacional de l&#8217;Eliminaci\u00f3 de la Viol\u00e8ncia contra les Dones<\/li>\n\n\n\n<li>11F: Dia Internacional de la Dona i la Xiqueta en la Ci\u00e8ncia<\/li>\n\n\n\n<li>8M: Dia Internacional de la Dona<\/li>\n<\/ul>\n\n\n\n<p>El compliment d&#8217;aquests valors ha d&#8217;anar m\u00e9s enll\u00e0. Com en aquests \u00faltims anys, des de l&#8217;equip deganal treballarem perqu\u00e8 la comunitat universit\u00e0ria ens perceba com un refugi segur al qual pot acudir en cas de patir qualsevol tipus d&#8217;agressi\u00f3. Continuarem atenent totes les den\u00fancies rebudes i valorant-les amb les unitats corresponents sempre que siga necessari.<\/p>\n\n\n\n<p>La cura dels nostres valors democr\u00e0tics \u00e9s responsabilitat de tota la comunitat universit\u00e0ria, des de l&#8217;\u00e0mbit que ens correspon a cadasc\u00fa, ja siga a l&#8217;aula, el laboratori o el despatx. Des de la Facultat de Ci\u00e8ncies treballarem cada dia perqu\u00e8 tota la comunitat universit\u00e0ria gaudisca d&#8217;un entorn segur. Per a fer-ho, refor\u00e7arem el nostre comprom\u00eds en la lluita contra la desigualtat, la viol\u00e8ncia sexual i qualsevol tipus de discriminaci\u00f3. En aquesta l\u00ednia, tots els membres de l&#8217;equip deganal ens comprometem a:<\/p>\n\n\n\n<ul class=\"wp-block-list\">\n<li><strong>Treballar per una Facultat justa i inclusiva<\/strong> que promoga un entorn laboral i acad\u00e8mic agradable que integre l&#8217;alumnat, el personal docent i investigador, i el personal t\u00e8cnic, de gesti\u00f3 i de serveis.<\/li>\n\n\n\n<li><strong>Avan\u00e7ar en mat\u00e8ria d&#8217;inclusi\u00f3 i igualtat<\/strong>, i mantenir una atenci\u00f3 permanent per a erradicar qualsevol tipus de discriminaci\u00f3.<\/li>\n\n\n\n<li><strong>Promoure la participaci\u00f3<\/strong> en activitats, tant de la Facultat com de la Universitat, orientades a afavorir la igualtat.<\/li>\n\n\n\n<li><strong>Mantenir una vigil\u00e0ncia activa<\/strong> en els \u00f2rgans en els quals es desenvolupa l&#8217;activitat universit\u00e0ria: comissions acad\u00e8miques, comissions de semestre, juntes de facultat, etc.<\/li>\n\n\n\n<li><strong>Enfortir la col\u00b7laboraci\u00f3<\/strong> amb les unitats d&#8217;Igualtat, Responsabilitat Social Universit\u00e0ria i Diversitat adscrites al Vicerectorat d&#8217;Igualtat, Inclusi\u00f3 i Responsabilitat Social.<\/li>\n\n\n\n<li><strong>Encoratjar la comunitat universit\u00e0ria<\/strong> que participa en activitats de projecci\u00f3 social (com els programes Vine a fer pr\u00e0ctiques o La UA va al col\u00b7le) que les desenvolupen des d&#8217;una perspectiva social, d&#8217;inclusi\u00f3 i d&#8217;equitat.<\/li>\n\n\n\n<li><strong>Promoure la conviv\u00e8ncia, la igualtat i el di\u00e0leg.<\/strong> Seguint l&#8217;esperit de la Llei de conviv\u00e8ncia universit\u00e0ria, consolidarem la mediaci\u00f3 com l&#8217;eina principal per a la resoluci\u00f3 de conflictes en la Facultat. Aix\u00ed mateix, garantirem l&#8217;aplicaci\u00f3 estricta dels protocols d&#8217;igualtat i inclusi\u00f3, i farem de les nostres aules i laboratoris espais totalment segurs i respectuosos.<\/li>\n<\/ul>\n\n\n\n<p>En sintonia amb el Vicerectorat d&#8217;Igualtat, Inclusi\u00f3 i Responsabilitat Social estem conven\u00e7uts que la formaci\u00f3 \u00e9s una poderosa eina per a la prevenci\u00f3 de la viol\u00e8ncia masclista i la promoci\u00f3 d&#8217;igualtat de g\u00e8nere. Per aix\u00f2, tots els membres de l&#8217;equip deganal ens comprometem a realitzar el curs Relacions de G\u00e8nere i Universitat organitzat per l&#8217;ICE (Institut de Ci\u00e8ncies de l&#8217;Educaci\u00f3) els objectius del qual s\u00f3n:<\/p>\n\n\n\n<ul class=\"wp-block-list\">\n<li>Oferir formaci\u00f3 en perspectiva de g\u00e8nere al personal amb responsabilitats de gesti\u00f3 i direcci\u00f3 en la Universitat.<\/li>\n\n\n\n<li>Capacitar en la prevenci\u00f3, sensibilitzaci\u00f3 i detecci\u00f3 de la viol\u00e8ncia masclista i l&#8217;assetjament sexual en l&#8217;entorn universitari.<\/li>\n\n\n\n<li>Donar resposta als compromisos arreplegats en el IV Pla d&#8217;Igualtat, el Protocol per a la prevenci\u00f3 de l&#8217;assetjament i la Llei org\u00e0nica de garantia integral de la llibertat sexual.<\/li>\n<\/ul>\n\n\n\n<p>Aprofitem l&#8217;ocasi\u00f3 per a convidar totes les companyes i companys de la Facultat amb responsabilitats de gesti\u00f3 a realitzar aquest curs: <a href=\"https:\/\/ice.ua.es\/va\/formacio\/2025\/2025\/relacions-de-genere-i-universitat-autoformatiu.html\">https:\/\/ice.ua.es\/va\/formacio\/2025\/2025\/relacions-de-genere-i-universitat-autoformatiu.html<\/a> <\/p>\n<\/div>\n\n\n\n<div class=\"wp-block-column is-layout-flow wp-block-column-is-layout-flow\">\n<p>La Universidad tiene la obligaci\u00f3n de seguir siendo un referente en la defensa de los principales valores democr\u00e1ticos basados en la libertad, la igualdad, la justicia y la participaci\u00f3n. Desde la Facultad de Ciencias debemos asumir la responsabilidad de velar por el cumplimiento de estos valores. As\u00ed lo hemos hecho durante los \u00faltimos a\u00f1os, organizando actividades que han ayudado a visibilizar el drama de la violencia contra las mujeres, visibilizando el trabajo de las mujeres cient\u00edficas e investigadoras y celebrando el D\u00eda Internacional de la Mujer. Hoy, reforzamos nuestro compromiso apostando por una participaci\u00f3n activa en estas fechas se\u00f1aladas:<\/p>\n\n\n\n<ul class=\"wp-block-list\">\n<li>25N: D\u00eda Internacional de la Eliminaci\u00f3n de la Violencia contra las mujeres.<\/li>\n\n\n\n<li>11F: D\u00eda Internacional de la Mujer y la Ni\u00f1a en la Ciencia.<\/li>\n\n\n\n<li>8M: D\u00eda Internacional de la Mujer. <\/li>\n<\/ul>\n\n\n\n<p>El cumplimiento de estos valores debe ir m\u00e1s all\u00e1. Al igual que en estos \u00faltimos a\u00f1os, desde el Equipo Decanal trabajaremos para que la comunidad universitaria nos perciba como un refugio seguro al que puede acudir en caso de sufrir cualquier tipo de agresi\u00f3n. Seguiremos atendiendo todas las denuncias recibidas y valor\u00e1ndolas con las unidades correspondientes siempre que sea necesario.<\/p>\n\n\n\n<p>El cuidado de nuestros valores democr\u00e1ticos es responsabilidad de toda la comunidad universitaria, desde el \u00e1mbito que nos corresponde a cada uno, ya sea en el aula, el laboratorio o el despacho. Desde la Facultad de Ciencias trabajaremos cada d\u00eda para que toda la comunidad universitaria disfrute de un entorno seguro. Para ello, reforzaremos nuestro compromiso en la lucha contra la desigualdad, la violencia sexual y cualquier tipo de discriminaci\u00f3n. En esta l\u00ednea, todos los miembros del Equipo Decanal nos comprometemos a:<\/p>\n\n\n\n<ul class=\"wp-block-list\">\n<li><strong>Trabajar por una Facultad justa e inclusiva<\/strong>, promoviendo un entorno laboral y acad\u00e9mico agradable que integre al alumnado, al personal docente e investigador, y al personal t\u00e9cnico, de gesti\u00f3n y de servicios.<\/li>\n\n\n\n<li><strong>Avanzar en materia de inclusi\u00f3n e igualdad<\/strong>, manteniendo una atenci\u00f3n permanente para erradicar cualquier tipo de discriminaci\u00f3n.<\/li>\n\n\n\n<li><strong>Promover la participaci\u00f3n<\/strong> en actividades, tanto de la Facultad como de la Universidad, orientadas a favorecer la igualdad.<\/li>\n\n\n\n<li><strong>Mantener una vigilancia activa<\/strong> en los \u00f3rganos en los que se desarrolla la actividad universitaria: comisiones acad\u00e9micas, comisiones de semestre, juntas de facultad, etc.<\/li>\n\n\n\n<li><strong>Fortalecer la colaboraci\u00f3n<\/strong> con las unidades de Igualdad, Responsabilidad Social Universitaria y Diversidad, adscritas al Vicerrectorado de Igualdad, Inclusi\u00f3n y Responsabilidad Social.<\/li>\n\n\n\n<li><strong>Alentar a la comunidad universitaria<\/strong> que participa en actividades de proyecci\u00f3n social (como los programas \u00abVen a hacer pr\u00e1cticas\u00bb o \u00abLa UA va al cole\u00bb) a que las desarrollen desde una perspectiva social, de inclusi\u00f3n y de equidad.<\/li>\n\n\n\n<li><strong>Promover la convivencia, Igualdad y Di\u00e1logo:<\/strong> Siguiendo el esp\u00edritu de la Ley de Convivencia Universitaria, consolidaremos la mediaci\u00f3n como la herramienta principal para la resoluci\u00f3n de conflictos en la Facultad. Asimismo, garantizaremos la aplicaci\u00f3n estricta de los protocolos de igualdad e inclusi\u00f3n, haciendo de nuestras aulas y laboratorios espacios totalmente seguros y respetuosos.<\/li>\n<\/ul>\n\n\n\n<p>En sinton\u00eda con el Vicerrectorado de Igualdad, Inclusi\u00f3n y Responsabilidad Social estamos convencidos de que la formaci\u00f3n es una poderosa herramienta para la prevenci\u00f3n de la violencia machista y la promoci\u00f3n de igualdad de g\u00e9nero. Por ello, todos los miembros del Equipo Decanal nos comprometemos a realizar el curso \u201cRelaciones de G\u00e9nero y Universidad\u201d organizado por el ICE (Instituto de Ciencias de la Educaci\u00f3n) y cuyos objetivos son:<\/p>\n\n\n\n<ul class=\"wp-block-list\">\n<li>Ofrecer formaci\u00f3n en perspectiva de g\u00e9nero al personal con responsabilidades de gesti\u00f3n y direcci\u00f3n en la universidad.<\/li>\n\n\n\n<li>Capacitar en la prevenci\u00f3n, sensibilizaci\u00f3n y detecci\u00f3n de la violencia machista y el acoso sexual en el entorno universitario.<\/li>\n\n\n\n<li>Dar respuesta a los compromisos recogidos en el IV Plan de Igualdad, el Protocolo para la prevenci\u00f3n del acoso y la Ley Org\u00e1nica de garant\u00eda integral de la libertad sexual.<\/li>\n<\/ul>\n\n\n\n<p>Aprovechamos la ocasi\u00f3n para invitar a todas las compa\u00f1eras y compa\u00f1eros de la Facultad con responsabilidades de gesti\u00f3n a realizar dicho curso: <a href=\"https:\/\/ice.ua.es\/es\/formacion\/2025\/2025\/relaciones-de-genero-y-universidad-autoformativo.html\" target=\"_blank\" rel=\"noreferrer noopener\">https:\/\/ice.ua.es\/es\/<a href=\"https:\/\/ice.ua.es\/es\/formacion\/2025\/2025\/relaciones-de-genero-y-universidad-autoformativo.html\" target=\"_blank\" rel=\"noreferrer noopener\">formacion\/2025\/2025\/relaciones-de-genero-y-universidad-autoformativo.html<\/a><\/a><\/p>\n<\/div>\n<\/div>\n\n\n\n<figure class=\"wp-block-image size-full\"><img loading=\"lazy\" decoding=\"async\" width=\"4064\" height=\"2702\" src=\"https:\/\/blogs.ua.es\/antoniosanchezsanchez\/files\/2026\/03\/optica-3912.jpg\" alt=\"\" class=\"wp-image-152\" \/><\/figure>\n","protected":false},"excerpt":{"rendered":"<p>La Universitat t\u00e9 l&#8217;obligaci\u00f3 de continuar sent un referent en la defensa dels principals valors democr\u00e0tics basats en la llibertat, la igualtat, la just\u00edcia i la participaci\u00f3. Des de la Facultat de Ci\u00e8ncies hem d&#8217;assumir la responsabilitat de vetlar pel compliment d&#8217;aquests valors. Aix\u00ed ho hem fet durant els \u00faltims anys mitjan\u00e7ant l\u2019organitzaci\u00f3 activitats que &hellip; <\/p>\n<p class=\"link-more\"><a href=\"https:\/\/blogs.ua.es\/antoniosanchezsanchez\/politicas-de-igualdad-y-responsabilidad-social\/\" class=\"more-link\">Continue reading<span class=\"screen-reader-text\"> &#8220;Pol\u00edtiques d&#8217;igualtat i responsabilitat social \/ Pol\u00edticas de igualdad y responsabilidad social&#8221;<\/span><\/a><\/p>\n","protected":false},"author":4653,"featured_media":0,"parent":0,"menu_order":0,"comment_status":"closed","ping_status":"closed","template":"","meta":{"footnotes":""},"class_list":["post-109","page","type-page","status-publish","hentry"],"_links":{"self":[{"href":"https:\/\/blogs.ua.es\/antoniosanchezsanchez\/wp-json\/wp\/v2\/pages\/109","targetHints":{"allow":["GET"]}}],"collection":[{"href":"https:\/\/blogs.ua.es\/antoniosanchezsanchez\/wp-json\/wp\/v2\/pages"}],"about":[{"href":"https:\/\/blogs.ua.es\/antoniosanchezsanchez\/wp-json\/wp\/v2\/types\/page"}],"author":[{"embeddable":true,"href":"https:\/\/blogs.ua.es\/antoniosanchezsanchez\/wp-json\/wp\/v2\/users\/4653"}],"replies":[{"embeddable":true,"href":"https:\/\/blogs.ua.es\/antoniosanchezsanchez\/wp-json\/wp\/v2\/comments?post=109"}],"version-history":[{"count":5,"href":"https:\/\/blogs.ua.es\/antoniosanchezsanchez\/wp-json\/wp\/v2\/pages\/109\/revisions"}],"predecessor-version":[{"id":297,"href":"https:\/\/blogs.ua.es\/antoniosanchezsanchez\/wp-json\/wp\/v2\/pages\/109\/revisions\/297"}],"wp:attachment":[{"href":"https:\/\/blogs.ua.es\/antoniosanchezsanchez\/wp-json\/wp\/v2\/media?parent=109"}],"curies":[{"name":"wp","href":"https:\/\/api.w.org\/{rel}","templated":true}]}}