{"id":110,"date":"2026-04-14T14:01:52","date_gmt":"2026-04-14T14:01:52","guid":{"rendered":"https:\/\/blogs.ua.es\/antoniosanchezsanchez\/?page_id=110"},"modified":"2026-04-20T15:10:24","modified_gmt":"2026-04-20T15:10:24","slug":"investigacion-comunicacion-y-proyeccion-social","status":"publish","type":"page","link":"https:\/\/blogs.ua.es\/antoniosanchezsanchez\/investigacion-comunicacion-y-proyeccion-social\/","title":{"rendered":"Investigaci\u00f3, comunicaci\u00f3 i projecci\u00f3 social \/ Investigaci\u00f3n, Comunicaci\u00f3n y Proyecci\u00f3n Social"},"content":{"rendered":"\n<div class=\"wp-block-columns is-layout-flex wp-container-core-columns-is-layout-9d6595d7 wp-block-columns-is-layout-flex\">\n<div class=\"wp-block-column is-layout-flow wp-block-column-is-layout-flow\">\n<p>Com sabeu, la investigaci\u00f3 no \u00e9s una compet\u00e8ncia directa de l&#8217;equip de direcci\u00f3 del centre. No obstant aix\u00f2, creiem que \u00e9s la nostra responsabilitat donar suport i potenciar l&#8217;excel\u00b7lent feina del nostre personal investigador.<\/p>\n\n\n\n<p>Per a fer-ho, des de l&#8217;equip deganal ens comprometem a:<\/p>\n\n\n\n<ul class=\"wp-block-list\">\n<li><strong>Afavorir el millor entorn investigador:<\/strong> contribuir activament que el desenvolupament de la investigaci\u00f3 en la nostra Facultat es realitze en les millors condicions possibles, i prestar tot el suport institucional que estiga a la nostra disposici\u00f3.<\/li>\n\n\n\n<li><strong>Impulsar la creaci\u00f3 de sinergies:<\/strong> promoure espais de trobada i col\u00b7laboraci\u00f3 que connecten els diferents grups d&#8217;investigaci\u00f3 de la Facultat i sumen esfor\u00e7os per a multiplicar el nostre impacte cient\u00edfic.<\/li>\n\n\n\n<li><strong>Donar suport a la difusi\u00f3 i visibilitat dels resultats:<\/strong> garantir que els resultats obtinguts de les nostres investigacions es compartisquen a tots els nivells, i actuar en dos fronts fonamentals:\n<ul class=\"wp-block-list\">\n<li><strong>El rigor cient\u00edfic:<\/strong> donar suport a la comunicaci\u00f3 en els f\u00f2rums de m\u00e9s exig\u00e8ncia cient\u00edfica.<\/li>\n\n\n\n<li><strong>La projecci\u00f3 social:<\/strong> acostar la ci\u00e8ncia a la societat i complir la nostra obligaci\u00f3 de retre comptes a la societat que ens sost\u00e9.<\/li>\n<\/ul>\n<\/li>\n<\/ul>\n\n\n\n<p>La vicedegana de Comunicaci\u00f3 i el vicedeg\u00e0 de Transfer\u00e8ncia i Extensi\u00f3 Universit\u00e0ria continuaran desenvolupant l&#8217;excel\u00b7lent tasca que han dut a terme fins ara. El seu objectiu continuar\u00e0 sent donar la m\u00e0xima visibilitat a la nostra investigaci\u00f3 a trav\u00e9s de les xarxes socials institucionals, i combinar sempre el rigor cient\u00edfic amb un format atractiu i pr\u00f2xim.<\/p>\n\n\n\n<p>Aix\u00ed mateix, continuarem impulsant activitats que fomenten la participaci\u00f3 activa del nostre personal investigador i que afavorisquen la visita de cient\u00edfiques i cient\u00edfics de reconegut prestigi, tant a escala nacional com internacional. Aquesta estrat\u00e8gia, fonamental per a teixir xarxes i establir futures col\u00b7laboracions, ja s&#8217;est\u00e0 aplicant amb \u00e8xit a trav\u00e9s d&#8217;iniciatives com la programaci\u00f3 cultural de Sant Albert Magne o la invitaci\u00f3 de professionals de primer nivell vinculats a la doc\u00e8ncia dels nostres m\u00e0sters.<\/p>\n\n\n\n<p>La nostra aposta per la investigaci\u00f3 tamb\u00e9 es veu reflectida en el programa de doctorat en Ci\u00e8ncies. Despr\u00e9s de la recent modificaci\u00f3, \u00e9s un programa modern, actual i clarament multidisciplinari. Compta amb 27 l\u00ednies d&#8217;investigaci\u00f3 agrupades en 3 equips d&#8217;investigaci\u00f3 que abasta tota la riquesa cient\u00edfica del nostre centre:<\/p>\n\n\n\n<ul class=\"wp-block-list\">\n<li>Ci\u00e8ncies F\u00edsiques, Qu\u00edmica i Matem\u00e0tiques<\/li>\n\n\n\n<li><ul><li>Ci\u00e8ncies Biom\u00e8diques i de la Visi\u00f3<\/li><\/ul><\/li>\n\n\n\n<li>Geoci\u00e8ncies, Biologia Animal i Biologia Vegetal.<\/li>\n<\/ul>\n\n\n\n<p>El programa de doctorat en Ci\u00e8ncies completa la nostra oferta formativa, tanca el cicle de postgrau de totes les titulacions impartides en el nostre centre i permet al nostre alumnat aconseguir el m\u00e0xim grau acad\u00e8mic.<\/p>\n\n\n\n<p>Entenem que aquest programa \u00e9s l&#8217;aut\u00e8ntic planter del nostre futur talent investigador. Per aix\u00f2, des de l&#8217;equip deganal ens comprometem a continuar fent costat activament el nostre personal investigador en formaci\u00f3, fomentar la internacionalitzaci\u00f3 de les seues tesis a trav\u00e9s de la convocat\u00f2ria pr\u00f2pia d&#8217;ajudes, promoure les mencions internacionals i industrials i donar la m\u00e0xima visibilitat possible a les investigacions defensades en la nostra Facultat, com fem cada any en actes com el Dia de la Qu\u00edmica.<\/p>\n<\/div>\n\n\n\n<div class=\"wp-block-column is-layout-flow wp-block-column-is-layout-flow\">\n<p>Como sab\u00e9is, la investigaci\u00f3n no es una competencia directa del equipo de direcci\u00f3n del centro. Sin embargo, creemos que es nuestra responsabilidad respaldar y potenciar la excelente labor de nuestro personal investigador.<\/p>\n\n\n\n<p>Para ello, desde el Equipo Decanal nos comprometemos a:<\/p>\n\n\n\n<ul class=\"wp-block-list\">\n<li><strong>Favorecer el mejor entorno investigador:<\/strong> Contribuir activamente a que el desarrollo de la investigaci\u00f3n en nuestra Facultad se realice en las mejores condiciones posibles, prestando todo el apoyo institucional que est\u00e9 en nuestra mano.<\/li>\n\n\n\n<li><strong>Impulsar la creaci\u00f3n de sinergias:<\/strong> Promover espacios de encuentro y colaboraci\u00f3n que conecten a los distintos grupos de investigaci\u00f3n de la Facultad, sumando esfuerzos para multiplicar nuestro impacto cient\u00edfico.<\/li>\n\n\n\n<li><strong>Apoyar la difusi\u00f3n y visibilidad de los resultados:<\/strong> Garantizar que los resultados obtenidos de nuestras investigaciones se compartan a todos los niveles, actuando en dos frentes fundamentales:\n<ul class=\"wp-block-list\">\n<li><strong>El rigor cient\u00edfico:<\/strong> Respaldando la comunicaci\u00f3n en los foros de mayor exigencia cient\u00edfica.<\/li>\n\n\n\n<li><strong>La proyecci\u00f3n social:<\/strong> Acercando la ciencia a la sociedad, cumpliendo as\u00ed con nuestra obligaci\u00f3n de rendir cuentas a la sociedad que nos sostiene.<\/li>\n<\/ul>\n<\/li>\n<\/ul>\n\n\n\n<p>La Vicedecana de Comunicaci\u00f3n y el Vicedecano de Transferencia y Extensi\u00f3n Universitaria continuar\u00e1n desarrollando la excelente labor que han llevado a cabo hasta ahora. Su objetivo seguir\u00e1 siendo dar la m\u00e1xima visibilidad a nuestra investigaci\u00f3n a trav\u00e9s de las redes sociales institucionales, combinando siempre el rigor cient\u00edfico con un formato atractivo y cercano.<\/p>\n\n\n\n<p>Asimismo, seguiremos impulsando actividades que fomenten la participaci\u00f3n activa de nuestro personal investigador y que favorezcan la visita de cient\u00edficas y cient\u00edficos de reconocido prestigio, tanto a nivel nacional como internacional. Esta estrategia, fundamental para tejer redes y establecer futuras colaboraciones, ya se est\u00e1 aplicando con \u00e9xito a trav\u00e9s de iniciativas como la programaci\u00f3n cultural de San Alberto Magno o la invitaci\u00f3n de profesionales de primer nivel vinculados a la docencia de nuestros m\u00e1steres.<\/p>\n\n\n\n<p>Nuestra apuesta por la investigaci\u00f3n tambi\u00e9n se ve reflejada en el Programa de Doctorado en Ciencias. Tras su reciente modificaci\u00f3n, es un programa moderno, actual y claramente multidisciplinar. Cuenta con 27 l\u00edneas de investigaci\u00f3n agrupadas en 3 equipos de investigaci\u00f3n que abarca toda la riqueza cient\u00edfica de nuestro Centro:<\/p>\n\n\n\n<ul class=\"wp-block-list\">\n<li>Ciencias F\u00edsicas, Qu\u00edmica y Matem\u00e1ticas.<\/li>\n\n\n\n<li><ul><li>Ciencias Biom\u00e9dicas y de la Visi\u00f3n.<\/li><\/ul><\/li>\n\n\n\n<li>Geociencias, Biolog\u00eda Animal y Biolog\u00eda Vegetal.<\/li>\n<\/ul>\n\n\n\n<p>El Programa de Doctorado en Ciencias completa nuestra oferta formativa, cerrando el ciclo de posgrado de todas las titulaciones impartidas en nuestro Centro y permitiendo a nuestro alumnado alcanzar el m\u00e1ximo grado acad\u00e9mico.<\/p>\n\n\n\n<p>Entendemos que este programa es la aut\u00e9ntica cantera de nuestro futuro talento investigador. Por ello, desde el Equipo Decanal nos comprometemos a seguir apoyando activamente a nuestro personal investigador en formaci\u00f3n, fomentando la internacionalizaci\u00f3n de sus tesis, a trav\u00e9s de la convocatoria propia de ayudas, promoviendo las menciones internacionales e industriales y dando la mayor visibilidad posible a las investigaciones defendidas en nuestra Facultad, como hacemos cada a\u00f1o en actos como \u201cEl d\u00eda de la Qu\u00edmica\u201d.<\/p>\n<\/div>\n<\/div>\n\n\n\n<figure class=\"wp-block-image size-full\"><img loading=\"lazy\" decoding=\"async\" width=\"5760\" height=\"3840\" src=\"https:\/\/blogs.ua.es\/antoniosanchezsanchez\/files\/2026\/03\/Laboratorio.jpg\" alt=\"\" class=\"wp-image-158\" \/><\/figure>\n","protected":false},"excerpt":{"rendered":"<p>Com sabeu, la investigaci\u00f3 no \u00e9s una compet\u00e8ncia directa de l&#8217;equip de direcci\u00f3 del centre. No obstant aix\u00f2, creiem que \u00e9s la nostra responsabilitat donar suport i potenciar l&#8217;excel\u00b7lent feina del nostre personal investigador. Per a fer-ho, des de l&#8217;equip deganal ens comprometem a: La vicedegana de Comunicaci\u00f3 i el vicedeg\u00e0 de Transfer\u00e8ncia i Extensi\u00f3 &hellip; <\/p>\n<p class=\"link-more\"><a href=\"https:\/\/blogs.ua.es\/antoniosanchezsanchez\/investigacion-comunicacion-y-proyeccion-social\/\" class=\"more-link\">Continue reading<span class=\"screen-reader-text\"> &#8220;Investigaci\u00f3, comunicaci\u00f3 i projecci\u00f3 social \/ Investigaci\u00f3n, Comunicaci\u00f3n y Proyecci\u00f3n Social&#8221;<\/span><\/a><\/p>\n","protected":false},"author":4653,"featured_media":0,"parent":0,"menu_order":0,"comment_status":"closed","ping_status":"closed","template":"","meta":{"footnotes":""},"class_list":["post-110","page","type-page","status-publish","hentry"],"_links":{"self":[{"href":"https:\/\/blogs.ua.es\/antoniosanchezsanchez\/wp-json\/wp\/v2\/pages\/110","targetHints":{"allow":["GET"]}}],"collection":[{"href":"https:\/\/blogs.ua.es\/antoniosanchezsanchez\/wp-json\/wp\/v2\/pages"}],"about":[{"href":"https:\/\/blogs.ua.es\/antoniosanchezsanchez\/wp-json\/wp\/v2\/types\/page"}],"author":[{"embeddable":true,"href":"https:\/\/blogs.ua.es\/antoniosanchezsanchez\/wp-json\/wp\/v2\/users\/4653"}],"replies":[{"embeddable":true,"href":"https:\/\/blogs.ua.es\/antoniosanchezsanchez\/wp-json\/wp\/v2\/comments?post=110"}],"version-history":[{"count":6,"href":"https:\/\/blogs.ua.es\/antoniosanchezsanchez\/wp-json\/wp\/v2\/pages\/110\/revisions"}],"predecessor-version":[{"id":299,"href":"https:\/\/blogs.ua.es\/antoniosanchezsanchez\/wp-json\/wp\/v2\/pages\/110\/revisions\/299"}],"wp:attachment":[{"href":"https:\/\/blogs.ua.es\/antoniosanchezsanchez\/wp-json\/wp\/v2\/media?parent=110"}],"curies":[{"name":"wp","href":"https:\/\/api.w.org\/{rel}","templated":true}]}}