{"id":112,"date":"2026-04-14T14:01:52","date_gmt":"2026-04-14T14:01:52","guid":{"rendered":"https:\/\/blogs.ua.es\/antoniosanchezsanchez\/?page_id=112"},"modified":"2026-04-20T15:14:11","modified_gmt":"2026-04-20T15:14:11","slug":"adecuacion-al-nuevo-marco-normativo","status":"publish","type":"page","link":"https:\/\/blogs.ua.es\/antoniosanchezsanchez\/adecuacion-al-nuevo-marco-normativo\/","title":{"rendered":"Adequaci\u00f3 al nou marc normatiu \/ Adecuaci\u00f3n al nuevo marco normativo"},"content":{"rendered":"\n<div class=\"wp-block-columns is-layout-flex wp-container-core-columns-is-layout-9d6595d7 wp-block-columns-is-layout-flex\">\n<div class=\"wp-block-column is-layout-flow wp-block-column-is-layout-flow\">\n<p>L&#8217;actual escenari universitari est\u00e0 marcat per l&#8217;aplicaci\u00f3 i adaptaci\u00f3 de les tres principals lleis que afecten l&#8217;\u00e0mbit universitari:<\/p>\n\n\n\n<ul class=\"wp-block-list\">\n<li>Llei org\u00e0nica del sistema universitari \u2013 Llei org\u00e0nica 2\/2023 (LOSU): aquesta llei ha canviat la carrera acad\u00e8mica del PDI, exigeix noves estructures de govern m\u00e9s participatives i aposta per la formaci\u00f3 cont\u00ednua al llarg de la vida professional a trav\u00e9s de les microcredencials.<\/li>\n\n\n\n<li>Llei de la ci\u00e8ncia, la tecnologia i la innovaci\u00f3 (Llei 17\/2022): estableix nous tipus de contractes indefinits per a investigadors, fomenta la mobilitat i pret\u00e9n reduir la c\u00e0rrega burocr\u00e0tica en la justificaci\u00f3 de subvencions.<\/li>\n\n\n\n<li>Llei de conviv\u00e8ncia universit\u00e0ria (Llei 3\/2022): posa el focus en la mediaci\u00f3 com a via priorit\u00e0ria per a resoldre conflictes (entre estudiants, o entre estudiant i professorat), i blinda els protocols contra l&#8217;assetjament i la discriminaci\u00f3.<\/li>\n\n\n\n<li>Reial decret 822\/2021 d&#8217;organitzaci\u00f3 dels ensenyaments universitaris i assegurament de la qualitat: aquesta norma constitueix el manual d&#8217;instruccions de les titulacions universit\u00e0ries. Dicta els processos de verificaci\u00f3, modificaci\u00f3 i renovaci\u00f3 d&#8217;acreditacions de les titulacions.<\/li>\n<\/ul>\n\n\n\n<p>En l&#8217;actualitat, la Universitat d&#8217;Alacant es troba en plena fase d&#8217;implantaci\u00f3 del nou Estatut adaptat a la LOSU. Com a conseq\u00fc\u00e8ncia, ser\u00e0 necessari dur a terme una revisi\u00f3 profunda de la nostra normativa interna:<\/p>\n\n\n\n<ul class=\"wp-block-list\">\n<li>Revisi\u00f3 i adaptaci\u00f3 del Reglament intern de la Facultat de Ci\u00e8ncies i les seues normatives derivades (gesti\u00f3 de TFG\/TFM, pr\u00e0ctiques externes, funcionament de comissions, etc.) per a adaptar-les, mitjan\u00e7ant un proc\u00e9s transparent i participatiu, al nou Estatut de la UA.<\/li>\n<\/ul>\n<\/div>\n\n\n\n<div class=\"wp-block-column is-layout-flow wp-block-column-is-layout-flow\">\n<p>El actual escenario universitario est\u00e1 marcado por la aplicaci\u00f3n y adaptaci\u00f3n de las tres principales leyes que afectan al \u00e1mbito universitario:<\/p>\n\n\n\n<ul class=\"wp-block-list\">\n<li>Ley Org\u00e1nica del Sistema Universitario \u2013 Ley Org\u00e1nica 2\/2023 (LOSU): Esta ley ha cambiado la carrera acad\u00e9mica del PDI, exige nuevas estructuras de gobierno m\u00e1s participativas y apuesta por la formaci\u00f3n continua a lo largo de la vida profesional a trav\u00e9s de las \u201cmicrocredenciales\u201d.<\/li>\n\n\n\n<li>Ley de la Ciencia, la Tecnolog\u00eda y la Innovaci\u00f3n (Ley 17\/2022): Establece nuevos tipos de contratos indefinidos para investigadores, fomenta la movilidad y pretende reducir la carga burocr\u00e1tica en la justificaci\u00f3n de subvenciones.<\/li>\n\n\n\n<li>Ley de Convivencia Universitaria (Ley 3\/2022): Pone el foco en la mediaci\u00f3n como v\u00eda prioritaria para resolver conflictos (entre estudiantes, o entre estudiante y profesorado), y blinda los protocolos contra el acoso y la discriminaci\u00f3n.<\/li>\n\n\n\n<li>Real Decreto 822\/2021 de Organizaci\u00f3n de las Ense\u00f1anzas Universitarias y Aseguramiento de su calidad: Esta norma constituye \u201cel manual de instrucciones\u201d de las titulaciones universitarias. Dicta los procesos de verificaci\u00f3n, modificaci\u00f3n y renovaci\u00f3n de acreditaciones de las titulaciones.<\/li>\n<\/ul>\n\n\n\n<p>En la actualidad la Universidad de Alicante se encuentra en plena fase de implantaci\u00f3n de sus nuevos Estatutos adaptados a la LOSU, como consecuencia ser\u00e1 necesario llevar a cabo una revisi\u00f3n profunda de nuestra normativa interna:<\/p>\n\n\n\n<ul class=\"wp-block-list\">\n<li>Revisi\u00f3n y adaptaci\u00f3n del Reglamento Interno de la Facultad de Ciencias y sus normativas derivadas (gesti\u00f3n de TFG\/TFM, Pr\u00e1cticas Externas, funcionamiento de comisiones, etc.) para adaptarlos mediante un proceso transparente y participativo a los nuevos Estatutos de la UA.<\/li>\n<\/ul>\n<\/div>\n<\/div>\n\n\n\n\n<div class=\"wp-block-image\">\n<figure class=\"aligncenter size-full\"><img loading=\"lazy\" decoding=\"async\" width=\"5464\" height=\"3640\" src=\"https:\/\/blogs.ua.es\/antoniosanchezsanchez\/files\/2026\/03\/Adobe-Express-file-1.jpg\" alt=\"\" class=\"wp-image-167\" \/><\/figure>\n<\/div>\n\n\n<p><\/p>\n","protected":false},"excerpt":{"rendered":"<p>L&#8217;actual escenari universitari est\u00e0 marcat per l&#8217;aplicaci\u00f3 i adaptaci\u00f3 de les tres principals lleis que afecten l&#8217;\u00e0mbit universitari: En l&#8217;actualitat, la Universitat d&#8217;Alacant es troba en plena fase d&#8217;implantaci\u00f3 del nou Estatut adaptat a la LOSU. Com a conseq\u00fc\u00e8ncia, ser\u00e0 necessari dur a terme una revisi\u00f3 profunda de la nostra normativa interna: El actual escenario &hellip; <\/p>\n<p class=\"link-more\"><a href=\"https:\/\/blogs.ua.es\/antoniosanchezsanchez\/adecuacion-al-nuevo-marco-normativo\/\" class=\"more-link\">Continue reading<span class=\"screen-reader-text\"> &#8220;Adequaci\u00f3 al nou marc normatiu \/ Adecuaci\u00f3n al nuevo marco normativo&#8221;<\/span><\/a><\/p>\n","protected":false},"author":4653,"featured_media":0,"parent":0,"menu_order":0,"comment_status":"closed","ping_status":"closed","template":"","meta":{"footnotes":"[]"},"class_list":["post-112","page","type-page","status-publish","hentry"],"_links":{"self":[{"href":"https:\/\/blogs.ua.es\/antoniosanchezsanchez\/wp-json\/wp\/v2\/pages\/112","targetHints":{"allow":["GET"]}}],"collection":[{"href":"https:\/\/blogs.ua.es\/antoniosanchezsanchez\/wp-json\/wp\/v2\/pages"}],"about":[{"href":"https:\/\/blogs.ua.es\/antoniosanchezsanchez\/wp-json\/wp\/v2\/types\/page"}],"author":[{"embeddable":true,"href":"https:\/\/blogs.ua.es\/antoniosanchezsanchez\/wp-json\/wp\/v2\/users\/4653"}],"replies":[{"embeddable":true,"href":"https:\/\/blogs.ua.es\/antoniosanchezsanchez\/wp-json\/wp\/v2\/comments?post=112"}],"version-history":[{"count":15,"href":"https:\/\/blogs.ua.es\/antoniosanchezsanchez\/wp-json\/wp\/v2\/pages\/112\/revisions"}],"predecessor-version":[{"id":302,"href":"https:\/\/blogs.ua.es\/antoniosanchezsanchez\/wp-json\/wp\/v2\/pages\/112\/revisions\/302"}],"wp:attachment":[{"href":"https:\/\/blogs.ua.es\/antoniosanchezsanchez\/wp-json\/wp\/v2\/media?parent=112"}],"curies":[{"name":"wp","href":"https:\/\/api.w.org\/{rel}","templated":true}]}}