{"id":126,"date":"2026-04-14T14:01:52","date_gmt":"2026-04-14T14:01:52","guid":{"rendered":"https:\/\/blogs.ua.es\/antoniosanchezsanchez\/?page_id=126"},"modified":"2026-04-15T17:00:31","modified_gmt":"2026-04-15T17:00:31","slug":"calendario-electoral","status":"publish","type":"page","link":"https:\/\/blogs.ua.es\/antoniosanchezsanchez\/calendario-electoral\/","title":{"rendered":"Calendario electoral"},"content":{"rendered":"\n<p>Para asegurar que todos los miembros del Claustro de la Facultad de Ciencias puedan ejercer su derecho a voto de forma libre e informada, nos regiremos por el calendario oficial de elecciones a decana o decano aprobado. Os animo encarecidamente a participar en los actos de campa\u00f1a, debates y, sobre todo, a acudir a las urnas en las fechas se\u00f1aladas para la votaci\u00f3n. La implicaci\u00f3n de todas y todos (PDI, PTGAS y estudiantes) es fundamental para legitimar y fortalecer el futuro de nuestra Facultad.<\/p>\n\n\n\n<p>Fechas m\u00e1s destacadas:<\/p>\n\n\n\n<p>26\/03\/2026&nbsp;&nbsp;&nbsp; Proclamaci\u00f3n provisional de candidaturas<\/p>\n\n\n\n<p>31\/03\/2026&nbsp;&nbsp;&nbsp; Proclamaci\u00f3n definitiva de candidatos<\/p>\n\n\n\n<p>Del 21\/04\/2026 al 30\/04\/2026&nbsp;&nbsp; Campa\u00f1a electoral<\/p>\n\n\n\n<p>Reuniones con los distintos departamentos y colectivos de la Facultad de Ciencias:<\/p>\n\n\n\n<p>\ud83d\udccd 22 de abril<\/p>\n\n\n\n<p>\ud83d\udd52 10:00 h \u2013 Matem\u00e1ticas (Aula Departamento)<\/p>\n\n\n\n<p>\ud83d\udd52 11:00 h \u2013 Ciencias del Mar y Biolog\u00eda Aplicada (Sala de Juntas)<\/p>\n\n\n\n<p>\ud83d\udd52 12:00 h \u2013 Qu\u00edmica Org\u00e1nica (Biblioteca Departamento)<\/p>\n\n\n\n<p>\ud83d\udccd 23 de abril<\/p>\n\n\n\n<p>\ud83d\udd52 10:00 h \u2013 Qu\u00edmica F\u00edsica (Fase II)<\/p>\n\n\n\n<p>\ud83d\udd52 11:00 h \u2013 Ciencias de la Tierra y del Medio Ambiente (Aula Departamento)<\/p>\n\n\n\n<p>\ud83d\udd52 12:00 h \u2013 Biotecnolog\u00eda (Sala de Coworking)<\/p>\n\n\n\n<p>\ud83d\udccd 24 de abril<\/p>\n\n\n\n<p>\ud83d\udd52 09:30 h \u2013 Reuni\u00f3n con PTGAS (Sala de Juntas)<\/p>\n\n\n\n<p>\ud83d\udd52 12:00 h \u2013 \u00d3ptica, Farmacolog\u00eda y Anatom\u00eda (OP\/1001)<\/p>\n\n\n\n<p>\ud83d\udccd 27 de abril<\/p>\n\n\n\n<p>\ud83d\udd52 09:30 h \u2013 Qu\u00edmica Anal\u00edtica, Nutrici\u00f3n y Bromatolog\u00eda (Seminario Departamento)<\/p>\n\n\n\n<p>\ud83d\udd52 11:00 h \u2013 Ciencias Ambientales y Recursos Naturales (Biblioteca Germ\u00e1n Bernacer)<\/p>\n\n\n\n<p>\ud83d\udccd 28 de abril<\/p>\n\n\n\n<p>\ud83d\udd52 09:30 h \u2013 Qu\u00edmica Inorg\u00e1nica (Departamento)<\/p>\n\n\n\n<p><strong>Del 06\/05\/2026 a las 11h al 07\/05\/2026\u00a0a las 13h\u00a0 Jornada de votaci\u00f3n (Voto electr\u00f3nico)<\/strong><\/p>\n","protected":false},"excerpt":{"rendered":"<p>Para asegurar que todos los miembros del Claustro de la Facultad de Ciencias puedan ejercer su derecho a voto de forma libre e informada, nos regiremos por el calendario oficial de elecciones a decana o decano aprobado. Os animo encarecidamente a participar en los actos de campa\u00f1a, debates y, sobre todo, a acudir a las &hellip; <\/p>\n<p class=\"link-more\"><a href=\"https:\/\/blogs.ua.es\/antoniosanchezsanchez\/calendario-electoral\/\" class=\"more-link\">Continue reading<span class=\"screen-reader-text\"> &#8220;Calendario electoral&#8221;<\/span><\/a><\/p>\n","protected":false},"author":4653,"featured_media":0,"parent":0,"menu_order":0,"comment_status":"closed","ping_status":"closed","template":"","meta":{"footnotes":""},"class_list":["post-126","page","type-page","status-publish","hentry"],"_links":{"self":[{"href":"https:\/\/blogs.ua.es\/antoniosanchezsanchez\/wp-json\/wp\/v2\/pages\/126","targetHints":{"allow":["GET"]}}],"collection":[{"href":"https:\/\/blogs.ua.es\/antoniosanchezsanchez\/wp-json\/wp\/v2\/pages"}],"about":[{"href":"https:\/\/blogs.ua.es\/antoniosanchezsanchez\/wp-json\/wp\/v2\/types\/page"}],"author":[{"embeddable":true,"href":"https:\/\/blogs.ua.es\/antoniosanchezsanchez\/wp-json\/wp\/v2\/users\/4653"}],"replies":[{"embeddable":true,"href":"https:\/\/blogs.ua.es\/antoniosanchezsanchez\/wp-json\/wp\/v2\/comments?post=126"}],"version-history":[{"count":6,"href":"https:\/\/blogs.ua.es\/antoniosanchezsanchez\/wp-json\/wp\/v2\/pages\/126\/revisions"}],"predecessor-version":[{"id":256,"href":"https:\/\/blogs.ua.es\/antoniosanchezsanchez\/wp-json\/wp\/v2\/pages\/126\/revisions\/256"}],"wp:attachment":[{"href":"https:\/\/blogs.ua.es\/antoniosanchezsanchez\/wp-json\/wp\/v2\/media?parent=126"}],"curies":[{"name":"wp","href":"https:\/\/api.w.org\/{rel}","templated":true}]}}