{"id":127,"date":"2026-04-14T14:01:52","date_gmt":"2026-04-14T14:01:52","guid":{"rendered":"https:\/\/blogs.ua.es\/antoniosanchezsanchez\/?page_id=127"},"modified":"2026-04-14T14:01:52","modified_gmt":"2026-04-14T14:01:52","slug":"consideraciones-finales","status":"publish","type":"page","link":"https:\/\/blogs.ua.es\/antoniosanchezsanchez\/consideraciones-finales\/","title":{"rendered":"Consideraciones Finales"},"content":{"rendered":"\n<p>El futuro de la Facultad de Ciencias depende de la participaci\u00f3n activa y del esfuerzo conjunto de cada uno de sus miembros. Este programa no es solo una declaraci\u00f3n de intenciones, sino una hoja de ruta estructurada y clara para afrontar los desaf\u00edos formativos, cient\u00edficos y administrativos de la pr\u00f3xima d\u00e9cada.<\/p>\n\n\n\n<p>Me comprometo firmemente a realizar una gesti\u00f3n transparente, responsable e integradora. Agradezco el tiempo que hab\u00e9is dedicado a leer este programa, as\u00ed como todas las sugerencias de mejora que consider\u00e9is oportunas trasladarnos. Os pido vuestra confianza y vuestro voto en estas elecciones para llevar entre todos a la Facultad de Ciencias al nivel de excelencia que todos deseamos.<\/p>\n\n\n\n<p>Atentamente,<\/p>\n\n\n\n<p><strong>Antonio S\u00e1nchez S\u00e1nchez<\/strong><\/p>\n\n\n\n<p><em>Candidato a Decano de la Facultad de Ciencias<\/em><\/p>\n","protected":false},"excerpt":{"rendered":"<p>El futuro de la Facultad de Ciencias depende de la participaci\u00f3n activa y del esfuerzo conjunto de cada uno de sus miembros. Este programa no es solo una declaraci\u00f3n de intenciones, sino una hoja de ruta estructurada y clara para afrontar los desaf\u00edos formativos, cient\u00edficos y administrativos de la pr\u00f3xima d\u00e9cada. Me comprometo firmemente a &hellip; <\/p>\n<p class=\"link-more\"><a href=\"https:\/\/blogs.ua.es\/antoniosanchezsanchez\/consideraciones-finales\/\" class=\"more-link\">Continue reading<span class=\"screen-reader-text\"> &#8220;Consideraciones Finales&#8221;<\/span><\/a><\/p>\n","protected":false},"author":4653,"featured_media":0,"parent":0,"menu_order":0,"comment_status":"closed","ping_status":"closed","template":"","meta":{"footnotes":""},"class_list":["post-127","page","type-page","status-publish","hentry"],"_links":{"self":[{"href":"https:\/\/blogs.ua.es\/antoniosanchezsanchez\/wp-json\/wp\/v2\/pages\/127","targetHints":{"allow":["GET"]}}],"collection":[{"href":"https:\/\/blogs.ua.es\/antoniosanchezsanchez\/wp-json\/wp\/v2\/pages"}],"about":[{"href":"https:\/\/blogs.ua.es\/antoniosanchezsanchez\/wp-json\/wp\/v2\/types\/page"}],"author":[{"embeddable":true,"href":"https:\/\/blogs.ua.es\/antoniosanchezsanchez\/wp-json\/wp\/v2\/users\/4653"}],"replies":[{"embeddable":true,"href":"https:\/\/blogs.ua.es\/antoniosanchezsanchez\/wp-json\/wp\/v2\/comments?post=127"}],"version-history":[{"count":1,"href":"https:\/\/blogs.ua.es\/antoniosanchezsanchez\/wp-json\/wp\/v2\/pages\/127\/revisions"}],"predecessor-version":[{"id":129,"href":"https:\/\/blogs.ua.es\/antoniosanchezsanchez\/wp-json\/wp\/v2\/pages\/127\/revisions\/129"}],"wp:attachment":[{"href":"https:\/\/blogs.ua.es\/antoniosanchezsanchez\/wp-json\/wp\/v2\/media?parent=127"}],"curies":[{"name":"wp","href":"https:\/\/api.w.org\/{rel}","templated":true}]}}