{"id":131,"date":"2026-04-14T14:01:52","date_gmt":"2026-04-14T14:01:52","guid":{"rendered":"https:\/\/blogs.ua.es\/antoniosanchezsanchez\/?page_id=131"},"modified":"2026-04-14T14:01:52","modified_gmt":"2026-04-14T14:01:52","slug":"presentacion-de-la-candidatura","status":"publish","type":"page","link":"https:\/\/blogs.ua.es\/antoniosanchezsanchez\/","title":{"rendered":"Presentaci\u00f3n de la candidatura"},"content":{"rendered":"\n<p>El pasado 02 de marzo el Claustro de la Facultad de Ciencias convoc\u00f3 elecciones a decana o decano, motivo por el cual es para m\u00ed un honor dirigirme a todos vosotros para presentaros mi candidatura. Las propuestas que comparto a continuaci\u00f3n son fruto de la reflexi\u00f3n conjunta con el equipo que me acompa\u00f1a en este proyecto. Se fundamentan, adem\u00e1s, en nuestra experiencia en la gesti\u00f3n de la Facultad durante los \u00faltimos a\u00f1os y especialmente en las sugerencias y opiniones de los diferentes colectivos de nuestro Centro: estudiantes, profesorado y personal t\u00e9cnico, de gesti\u00f3n y administraci\u00f3n y servicios.<\/p>\n\n\n\n<p>Durante sus 50 a\u00f1os de existencia, nuestra Facultad se ha consolidado como un referente en la formaci\u00f3n acad\u00e9mica, en la investigaci\u00f3n y en la transferencia del conocimiento. Este logro es el resultado del esfuerzo, compromiso, dedicaci\u00f3n y sacrificio de toda la comunidad universitaria que integra nuestro Centro. Por un lado, los departamentos y su profesorado, agentes decisivos en nuestras titulaciones, y en los que se desarrolla la investigaci\u00f3n que ha convertido nuestra Facultad en el principal motor de producci\u00f3n cient\u00edfica de la Universidad de Alicante. Por otro lado, el imprescindible trabajo diario de nuestras compa\u00f1eras y compa\u00f1eros del personal t\u00e9cnico de administraci\u00f3n y servicios (conserjes, gestores, t\u00e9cnicos de laboratorio, \u2026) que garantizan que la Facultad pueda desarrollar su actividad cada d\u00eda. Como instituci\u00f3n p\u00fablica de ense\u00f1anza universitaria, nuestro alumnado es nuestra principal raz\u00f3n de ser. A ellas y ellos tenemos el deber de ofrecerles una formaci\u00f3n acad\u00e9mica de m\u00e1xima calidad, respaldada con una oferta de estudios de grado y posgrado actual, moderna y con clara proyecci\u00f3n laboral. Asimismo, debemos inculcarles la importancia que tiene su contribuci\u00f3n en la vida universitaria mediante su participaci\u00f3n activa en las comisiones acad\u00e9micas, en las actividades de extensi\u00f3n universitaria o en el voluntariado. Es nuestra obligaci\u00f3n estimular y fomentar la movilidad e internacionalizaci\u00f3n durante su formaci\u00f3n. En este sentido la Delegaci\u00f3n de Estudiantes juega un papel fundamental para alcanzar estos logros.<\/p>\n\n\n\n<p>Quisiera concluir esta presentaci\u00f3n expresando mi reconocimiento a todas aquellas personas que nos han precedido en la direcci\u00f3n de la Facultad de Ciencias. Las decanas, decanos y sus respectivos equipos son los referentes sobre los que cimiento mi proyecto a Decano de la Facultad de Ciencias durante los pr\u00f3ximos seis a\u00f1os.<\/p>\n","protected":false},"excerpt":{"rendered":"<p>El pasado 02 de marzo el Claustro de la Facultad de Ciencias convoc\u00f3 elecciones a decana o decano, motivo por el cual es para m\u00ed un honor dirigirme a todos vosotros para presentaros mi candidatura. Las propuestas que comparto a continuaci\u00f3n son fruto de la reflexi\u00f3n conjunta con el equipo que me acompa\u00f1a en este &hellip; <\/p>\n<p class=\"link-more\"><a href=\"https:\/\/blogs.ua.es\/antoniosanchezsanchez\/\" class=\"more-link\">Continue reading<span class=\"screen-reader-text\"> &#8220;Presentaci\u00f3n de la candidatura&#8221;<\/span><\/a><\/p>\n","protected":false},"author":4653,"featured_media":0,"parent":0,"menu_order":0,"comment_status":"closed","ping_status":"closed","template":"","meta":{"footnotes":""},"class_list":["post-131","page","type-page","status-publish","hentry"],"_links":{"self":[{"href":"https:\/\/blogs.ua.es\/antoniosanchezsanchez\/wp-json\/wp\/v2\/pages\/131","targetHints":{"allow":["GET"]}}],"collection":[{"href":"https:\/\/blogs.ua.es\/antoniosanchezsanchez\/wp-json\/wp\/v2\/pages"}],"about":[{"href":"https:\/\/blogs.ua.es\/antoniosanchezsanchez\/wp-json\/wp\/v2\/types\/page"}],"author":[{"embeddable":true,"href":"https:\/\/blogs.ua.es\/antoniosanchezsanchez\/wp-json\/wp\/v2\/users\/4653"}],"replies":[{"embeddable":true,"href":"https:\/\/blogs.ua.es\/antoniosanchezsanchez\/wp-json\/wp\/v2\/comments?post=131"}],"version-history":[{"count":2,"href":"https:\/\/blogs.ua.es\/antoniosanchezsanchez\/wp-json\/wp\/v2\/pages\/131\/revisions"}],"predecessor-version":[{"id":135,"href":"https:\/\/blogs.ua.es\/antoniosanchezsanchez\/wp-json\/wp\/v2\/pages\/131\/revisions\/135"}],"wp:attachment":[{"href":"https:\/\/blogs.ua.es\/antoniosanchezsanchez\/wp-json\/wp\/v2\/media?parent=131"}],"curies":[{"name":"wp","href":"https:\/\/api.w.org\/{rel}","templated":true}]}}