{"id":88,"date":"2026-04-14T14:01:51","date_gmt":"2026-04-14T14:01:51","guid":{"rendered":"https:\/\/blogs.ua.es\/antoniosanchezsanchez\/?page_id=88"},"modified":"2026-04-20T14:17:05","modified_gmt":"2026-04-20T14:17:05","slug":"equipo-decanal","status":"publish","type":"page","link":"https:\/\/blogs.ua.es\/antoniosanchezsanchez\/equipo-decanal\/","title":{"rendered":"Equip decanal \/ Equipo decanal"},"content":{"rendered":"\n<div class=\"wp-block-columns is-layout-flex wp-container-core-columns-is-layout-9d6595d7 wp-block-columns-is-layout-flex\">\n<div class=\"wp-block-column is-layout-flow wp-block-column-is-layout-flow\">\n<p>L&#8217;equip deganal que m&#8217;acompanya en aquest projecte est\u00e0 format per un conjunt de persones amb un fort comprom\u00eds amb la millora del nostre centre. \u00c9s un equip plural compost per professores i professors amb una traject\u00f2ria acad\u00e8mica consolidada, i una gran part t\u00e9 experi\u00e8ncia pr\u00e8via en la gesti\u00f3 i ha format part de l&#8217;equip deganal anterior, per\u00f2 tamb\u00e9 hem volgut incloure-hi nous membres amb noves experi\u00e8ncies. L&#8217;estructura que presentem a continuaci\u00f3 t\u00e9 com a intenci\u00f3 potenciar la qualitat docent, la mobilitat, la comunicaci\u00f3 i la projecci\u00f3 social, les pol\u00edtiques d&#8217;igualtat i les relacions amb l&#8217;alumnat:<\/p>\n<\/div>\n\n\n\n<div class=\"wp-block-column is-layout-flow wp-block-column-is-layout-flow\">\n<p>El equipo decanal que me acompa\u00f1a en este proyecto est\u00e1 formado por un conjunto de personas con un fuerte compromiso con la mejora de nuestro centro. Es un equipo plural, compuesto por profesoras y profesores con una trayectoria acad\u00e9mica consolidada, gran parte de ellos tienen experiencia previa en la gesti\u00f3n y han formado parte del equipo decanal anterior, pero tambi\u00e9n hemos querido incluir nuevos miembros con nuevas experiencias. La estructura que presentamos a continuaci\u00f3n tiene como intenci\u00f3n potenciar la calidad docente, la movilidad, la comunicaci\u00f3n y la proyecci\u00f3n social, las pol\u00edticas de igualdad y las relaciones con el alumnado:<\/p>\n<\/div>\n<\/div>\n\n\n\n<ul class=\"wp-block-list\">\n<li><strong>Secret\u00e1ria de la Facultad<\/strong> <strong>\/<\/strong> <strong>Secretaria de la Facultad, <\/strong><a href=\"https:\/\/cvnet.cpd.ua.es\/curriculum-breve\/es\/alonso-gonzalez-clementa\/25506\">Clementa Alonso Gonz\u00e1lez<\/a><\/li>\n\n\n\n<li><strong>Vicedegana d&#8217;Estudis \/ Vicedecana de Estudios, <\/strong><a href=\"https:\/\/cvnet.cpd.ua.es\/curriculum-breve\/es\/segovia-huertas-yolanda\/3832\">Yolanda Segovia Huertas<\/a><\/li>\n\n\n\n<li><strong>Vicedeg\u00e0 de Qualitat \/ Vicedecano de Calidad, <\/strong><a href=\"https:\/\/cvnet.cpd.ua.es\/curriculum-breve\/es\/valle-perez-carlos\/25667\"><\/a><a href=\"https:\/\/cvnet.cpd.ua.es\/curriculum-breve\/es\/valle-perez-carlos\/25667\">Carlos Valle P\u00e9rez<\/a><\/li>\n\n\n\n<li><strong>Vicedegana de Postgrau, Innovaci\u00f3 Acad\u00e8mica i Pol\u00edtiques d&#8217;Igualtat<\/strong> <strong>\/<\/strong> <strong>Vicedecana de Posgrado, Innovaci\u00f3n Acad\u00e9mica y Pol\u00edticas de Igualdad, <\/strong><a href=\"https:\/\/cvnet.cpd.ua.es\/curriculum-breve\/es\/cerdan-sala-maria-del-mar\/1622\">Mar\u00eda del Mar Cerd\u00e1n Sala<\/a><\/li>\n\n\n\n<li><strong>Vicedegana de Pr\u00e0ctiques Externes i Coordinadora Acad\u00e8mica del Grau en \u00d2ptica i Optometria \/<\/strong> <strong>Vicedecana de Pr\u00e1cticas Externas y Coordinadora Acad\u00e9mica del Grado en \u00d3ptica y Optometr\u00eda, <\/strong><a href=\"https:\/\/cvnet.cpd.ua.es\/curriculum-breve\/es\/garcia-llopis-celia\/25933\"><\/a><a href=\"https:\/\/cvnet.cpd.ua.es\/curriculum-breve\/es\/garcia-llopis-celia\/25933\">Celia Garc\u00eda Llopis<\/a><\/li>\n\n\n\n<li><strong><strong>Vicedeg\u00e0 de Transfer\u00e8ncia i Extensi\u00f3 Universit\u00e0ria i Coordinador Acad\u00e8mic del Grau en Geologia<\/strong><\/strong> \/ <strong>Vicedecano de Transferencia y Extensi\u00f3n Universitaria y Coordinador Acad\u00e9mico del Grado en Geolog\u00eda, <\/strong><a href=\"https:\/\/cvnet.cpd.ua.es\/curriculum-breve\/es\/baeza-carratala-jose-francisco\/12457\">Jos\u00e9 F. Baeza Carratal\u00e1<\/a><\/li>\n\n\n\n<li><strong>Vicedegana de Comunicaci\u00f3 i Coordinadora Acad\u00e8mica del Grau en Gastronomia i Arts Culin\u00e0ries<\/strong> <strong>\/<\/strong> <strong>Vicedecana de Comunicaci\u00f3n y Coordinadora Acad\u00e9mica del Grado en Gastronom\u00eda y Artes Culinarias, <\/strong><a href=\"https:\/\/cvnet.cpd.ua.es\/curriculum-breve\/es\/valdes-garcia-arantzazu\/29476\">Ar\u00e1ntzazu Vald\u00e9s Garc\u00eda<\/a><\/li>\n\n\n\n<li><strong>Vicedeg\u00e0 de Mobilitat i Coordinador Acad\u00e8mic del Grau en Qu\u00edmica \/<\/strong> <strong>Vicedecano de Movilidad y Coordinador Acad\u00e9mico del Grado en Qu\u00edmica<\/strong>, <a href=\"https:\/\/cvnet.cpd.ua.es\/curriculum-breve\/es\/pastor-bevia-isidro\/9645\">Isidro Pastor Bevi\u00e1<\/a><\/li>\n\n\n\n<li><strong>Vicedeg\u00e0 d&#8217;Estudiants i Coordinador Acad\u00e8mic del Grau en Biologia<\/strong> <strong>\/<\/strong> <strong>Vicedecano de Estudiantes y Coordinador Acad\u00e9mico del Grado en Biolog\u00eda,<\/strong> <a href=\"https:\/\/cvnet.cpd.ua.es\/curriculum-breve\/es\/martinez-peinado-pascual\/3106\">Pascual Mart\u00ednez Peinado<\/a><\/li>\n\n\n\n<li><strong>Coordinadora Acad\u00e8mica del Grau en Ci\u00e8ncies del Mar<\/strong> \/ <strong>Coordinadora Acad\u00e9mica del Grado en Ciencias del Mar, <\/strong><a href=\"https:\/\/cvnet.cpd.ua.es\/curriculum-breve\/es\/fernandez-torquemada-yolanda\/5089\">Yolanda Fern\u00e1ndez Torquemada<\/a><\/li>\n\n\n\n<li><strong>Coordinador Acad\u00e8mic del Grau en F\u00edsica \/ Coordinador Acad\u00e9mico del Grado en F\u00edsica<\/strong>, <a href=\"https:\/\/cvnet.cpd.ua.es\/curriculum-breve\/es\/pons-botella-jose-antonio\/5933\">Jos\u00e9 Antonio Pons Botella<\/a><\/li>\n\n\n\n<li><strong><strong>Coordinadora Acad\u00e8mica del Grau en Matem\u00e0tiques<\/strong> \/ Coordinadora Acad\u00e9mica del Grado en Matem\u00e1ticas,<\/strong> <a href=\"https:\/\/cvnet.cpd.ua.es\/curriculum-breve\/es\/albujer-brotons-alma-luisa\/716027\">Alma Albujer Brotons<\/a><\/li>\n<\/ul>\n\n\n\n<figure class=\"wp-block-image size-full\"><img loading=\"lazy\" decoding=\"async\" width=\"1255\" height=\"934\" src=\"https:\/\/blogs.ua.es\/antoniosanchezsanchez\/files\/2026\/03\/IMG-20260311-WA0004-2.jpg\" alt=\"\" class=\"wp-image-147\" \/><\/figure>\n","protected":false},"excerpt":{"rendered":"<p>L&#8217;equip deganal que m&#8217;acompanya en aquest projecte est\u00e0 format per un conjunt de persones amb un fort comprom\u00eds amb la millora del nostre centre. \u00c9s un equip plural compost per professores i professors amb una traject\u00f2ria acad\u00e8mica consolidada, i una gran part t\u00e9 experi\u00e8ncia pr\u00e8via en la gesti\u00f3 i ha format part de l&#8217;equip deganal &hellip; <\/p>\n<p class=\"link-more\"><a href=\"https:\/\/blogs.ua.es\/antoniosanchezsanchez\/equipo-decanal\/\" class=\"more-link\">Continue reading<span class=\"screen-reader-text\"> &#8220;Equip decanal \/ Equipo decanal&#8221;<\/span><\/a><\/p>\n","protected":false},"author":4653,"featured_media":0,"parent":0,"menu_order":0,"comment_status":"closed","ping_status":"closed","template":"","meta":{"footnotes":""},"class_list":["post-88","page","type-page","status-publish","hentry"],"_links":{"self":[{"href":"https:\/\/blogs.ua.es\/antoniosanchezsanchez\/wp-json\/wp\/v2\/pages\/88","targetHints":{"allow":["GET"]}}],"collection":[{"href":"https:\/\/blogs.ua.es\/antoniosanchezsanchez\/wp-json\/wp\/v2\/pages"}],"about":[{"href":"https:\/\/blogs.ua.es\/antoniosanchezsanchez\/wp-json\/wp\/v2\/types\/page"}],"author":[{"embeddable":true,"href":"https:\/\/blogs.ua.es\/antoniosanchezsanchez\/wp-json\/wp\/v2\/users\/4653"}],"replies":[{"embeddable":true,"href":"https:\/\/blogs.ua.es\/antoniosanchezsanchez\/wp-json\/wp\/v2\/comments?post=88"}],"version-history":[{"count":6,"href":"https:\/\/blogs.ua.es\/antoniosanchezsanchez\/wp-json\/wp\/v2\/pages\/88\/revisions"}],"predecessor-version":[{"id":267,"href":"https:\/\/blogs.ua.es\/antoniosanchezsanchez\/wp-json\/wp\/v2\/pages\/88\/revisions\/267"}],"wp:attachment":[{"href":"https:\/\/blogs.ua.es\/antoniosanchezsanchez\/wp-json\/wp\/v2\/media?parent=88"}],"curies":[{"name":"wp","href":"https:\/\/api.w.org\/{rel}","templated":true}]}}