{"id":90,"date":"2026-04-14T14:01:51","date_gmt":"2026-04-14T14:01:51","guid":{"rendered":"https:\/\/blogs.ua.es\/antoniosanchezsanchez\/?page_id=90"},"modified":"2026-04-14T14:01:51","modified_gmt":"2026-04-14T14:01:51","slug":"sobre-el-candidato","status":"publish","type":"page","link":"https:\/\/blogs.ua.es\/antoniosanchezsanchez\/sobre-el-candidato\/","title":{"rendered":"Sobre el candidato"},"content":{"rendered":"\n<p>En primer lugar, me gustar\u00eda expresar mi profunda gratitud a quienes han depositado su confianza en m\u00ed durante estos a\u00f1os. Quiero empezar dando las gracias al profesor Andreu Bonet Jornet, Decano entre 2012 y 2014, quien me brind\u00f3 la oportunidad de descubrir el mundo de la gesti\u00f3n acad\u00e9mica al hacerme part\u00edcipe de la bolsa de cr\u00e9ditos de la Facultad. En segundo lugar, mi agradecimiento al profesor Luis Gras Garc\u00eda, Decano entre 2014 y 2022, que a lo largo de sus dos mandatos fue confiando en m\u00ed con cargos de mayor responsabilidad, su excelente gesti\u00f3n de la pandemia de la COVID-19 siempre ser\u00e1 una fuente a inspiraci\u00f3n para m\u00ed. Por \u00faltimo, mi m\u00e1s profundo agradecimiento a la profesora Magdalena Garc\u00eda Irles, Decana entre 2022 y 2026, por su confianza absoluta y por permitirme estar a su lado durante estos \u00faltimos cuatro a\u00f1os, aprendiendo cada d\u00eda de su gran experiencia y conocimiento de la Facultad y la Universidad. Por supuesto, en este agradecimiento no puedo olvidar a todas las coordinadoras, coordinadores acad\u00e9micos, vicedecanas y vicedecanos con los que he tenido el privilegio de trabajar intensamente durante m\u00e1s de una d\u00e9cada.<\/p>\n\n\n\n<p>En el a\u00f1o 2014 comenz\u00f3 mi experiencia en la gesti\u00f3n de la Facultad, por aquel entonces form\u00e9 parte de la bolsa de cr\u00e9ditos colaborando con el profesor David Guijarro Esp\u00ed, Vicedecano de Ordenaci\u00f3n Acad\u00e9mica y Estudiantes, del que tanto aprend\u00ed en la gesti\u00f3n de los horarios de nuestros grados y m\u00e1steres, as\u00ed como de la financiaci\u00f3n de nuestros t\u00edtulos. Durante este periodo tambi\u00e9n particip\u00e9 en la organizaci\u00f3n de actividades de divulgaci\u00f3n y extensi\u00f3n universitaria de nuestra Facultad, herramientas indispensables para mostrar a la sociedad aquello que hacemos cada d\u00eda y para atraer a nuestros futuros estudiantes. Del a\u00f1o 2018 al 2021 desempe\u00f1\u00e9 las tareas de Coordinador Acad\u00e9mico de Estudios, consolidando las responsabilidades relacionadas con la gesti\u00f3n de nuestros t\u00edtulos. Posteriormente, entre los a\u00f1os 2021 y 2022 ocup\u00e9 el cargo de Vicedecano de Estudios y Postgrado y desde el a\u00f1o 2022 a la actualidad he actuado como Vicedecano de Estudios.<\/p>\n\n\n\n<p>Esta trayectoria me ha permitido participar en los distintos \u00f3rganos de gesti\u00f3n, como la Junta de Facultad o las distintas comisiones acad\u00e9micas, aport\u00e1ndome un conocimiento completo de nuestro Centro. Durante estos a\u00f1os, estas responsabilidades me han facilitado acercarme a la forma de trabajar de otros centros, tanto de nuestra universidad como de otras instituciones nacionales e internacionales. He mantenido una comunicaci\u00f3n continua, constante y constructiva con los distintos vicerrectorados de nuestra universidad a trav\u00e9s de la cual he podido transmitir nuestras inquietudes y resolver las situaciones surgidas durante este tiempo. Adem\u00e1s, he participado activamente en la modificaci\u00f3n de los planes de estudio de nuestros t\u00edtulos y en la creaci\u00f3n de las nuevas titulaciones. He podido conocer de primera mano las necesidades de espacios que tenemos y los retos de infraestructuras que afrontamos.<\/p>\n\n\n<div class=\"wp-block-image\">\n<figure class=\"aligncenter size-full is-resized\"><img loading=\"lazy\" decoding=\"async\" width=\"343\" height=\"381\" src=\"https:\/\/blogs.ua.es\/antoniosanchezsanchez\/files\/2026\/03\/Foto-Carnet-25.jpg\" alt=\"\" class=\"wp-image-141\" style=\"aspect-ratio:0.9002954535432376;width:461px;height:auto\" \/><\/figure>\n<\/div>","protected":false},"excerpt":{"rendered":"<p>En primer lugar, me gustar\u00eda expresar mi profunda gratitud a quienes han depositado su confianza en m\u00ed durante estos a\u00f1os. Quiero empezar dando las gracias al profesor Andreu Bonet Jornet, Decano entre 2012 y 2014, quien me brind\u00f3 la oportunidad de descubrir el mundo de la gesti\u00f3n acad\u00e9mica al hacerme part\u00edcipe de la bolsa de &hellip; <\/p>\n<p class=\"link-more\"><a href=\"https:\/\/blogs.ua.es\/antoniosanchezsanchez\/sobre-el-candidato\/\" class=\"more-link\">Continue reading<span class=\"screen-reader-text\"> &#8220;Sobre el candidato&#8221;<\/span><\/a><\/p>\n","protected":false},"author":4653,"featured_media":0,"parent":0,"menu_order":0,"comment_status":"closed","ping_status":"closed","template":"","meta":{"footnotes":""},"class_list":["post-90","page","type-page","status-publish","hentry"],"_links":{"self":[{"href":"https:\/\/blogs.ua.es\/antoniosanchezsanchez\/wp-json\/wp\/v2\/pages\/90","targetHints":{"allow":["GET"]}}],"collection":[{"href":"https:\/\/blogs.ua.es\/antoniosanchezsanchez\/wp-json\/wp\/v2\/pages"}],"about":[{"href":"https:\/\/blogs.ua.es\/antoniosanchezsanchez\/wp-json\/wp\/v2\/types\/page"}],"author":[{"embeddable":true,"href":"https:\/\/blogs.ua.es\/antoniosanchezsanchez\/wp-json\/wp\/v2\/users\/4653"}],"replies":[{"embeddable":true,"href":"https:\/\/blogs.ua.es\/antoniosanchezsanchez\/wp-json\/wp\/v2\/comments?post=90"}],"version-history":[{"count":3,"href":"https:\/\/blogs.ua.es\/antoniosanchezsanchez\/wp-json\/wp\/v2\/pages\/90\/revisions"}],"predecessor-version":[{"id":186,"href":"https:\/\/blogs.ua.es\/antoniosanchezsanchez\/wp-json\/wp\/v2\/pages\/90\/revisions\/186"}],"wp:attachment":[{"href":"https:\/\/blogs.ua.es\/antoniosanchezsanchez\/wp-json\/wp\/v2\/media?parent=90"}],"curies":[{"name":"wp","href":"https:\/\/api.w.org\/{rel}","templated":true}]}}