{"id":50,"date":"2009-09-03T11:01:36","date_gmt":"2009-09-03T09:01:36","guid":{"rendered":"https:\/\/blogs.ua.es\/apm2007\/?page_id=50"},"modified":"2009-09-03T11:03:00","modified_gmt":"2009-09-03T09:03:00","slug":"andres_pedreno","status":"publish","type":"page","link":"https:\/\/blogs.ua.es\/apm2007\/andres_pedreno\/","title":{"rendered":"Andr\u00e9s Pedre\u00f1o"},"content":{"rendered":"<p><strong>Andr\u00e9s Pedre\u00f1o <\/strong>(breve apunte curricular, tomado de wikipedia con algunas correcciones. Ver <a href=\"http:\/\/es.wikipedia.org\/wiki\/Andr%C3%A9s_Pedre%C3%B1o_Mu%C3%B1oz\">Andr\u00e9s Pedre\u00f1o Mu\u00f1oz<\/a>)<\/p>\n<p>Andr\u00e9s Pedre\u00f1o Mu\u00f1oz (1953 en Cartagena, Murcia)) es Catedr\u00e1tico de Econom\u00eda Aplicada y director del <a href=\"http:\/\/iei.ua.es\/\">Instituto de Econom\u00eda Internacional<\/a> de la Universidad de Alicante.<\/p>\n<p>Es Licenciado en Ciencias Econ\u00f3micas y Empresariales por la Universidad de Valencia (1978) y se doctor\u00f3 por la Universidad de Alicante. Fue reconocido como Premio Nacional Mejores Becarios del MEC, Premio Extraordinario de Licenciatura por la Universidad de Valencia y Premio Extraordinario de Doctorado por la Universidad de Alicante.<\/p>\n<p>En esta \u00faltima universidad desarroll\u00f3 su carrera docente e investigadora, a trav\u00e9s de su C\u00e1tedra de Econom\u00eda Aplicada desde 1989.\u00a0 Un a\u00f1o antes fue seleccionado como fellow por la <a href=\"http:\/\/es.wikipedia.org\/wiki\/Eisenhower_Fellowships\">Fundaci\u00f3n Eisenhower Fellowships<\/a> siendo profesor visitante de diversas universidades norteamericanas.<\/p>\n<p>En 1990 fue nombrado Vicerrector de Asuntos Econ\u00f3micos de la Universidad de Alicante. Tres a\u00f1os m\u00e1s tarde fue elegido Rector de la UA, siendo reelegido nuevamente en 1998. Durante su mandato impuls\u00f3 proyectos pioneros relacionados con las Nuevas Tecnolog\u00edas, de la entidad de la <a href=\"http:\/\/www.cervantesvirtual.com\/\">Biblioteca Virtual Miguel de Cervantes<\/a>, hoy considerada la primera biblioteca digital del mundo hispano, as\u00ed como una activa introducci\u00f3n de las nuevas tecnolog\u00edas en todos los \u00e1mbitos de la actividad universitaria (docencia, campus virtual, servicios&#8230;)<\/p>\n<p>Fue el propulsor del dise\u00f1o y la construcci\u00f3n del primer campus universitario con una tipolog\u00eda norteamericana (amplias zonas peatonales, museos, bibliotecas generales) que hoy constituye un referente dentro de la arquitectura internacional, con obra de destacados autores como \u00c1lvaro Siza, entre otros.<\/p>\n<p>Tambi\u00e9n durante su rectorado recibi\u00f3 el apoyo un\u00e1nime de los rectores espa\u00f1oles en la defensa de la autonom\u00eda universitaria, como consecuencia del conflicto abierto con la Generalidad Valenciana por la segregaci\u00f3n de la Facultad de Medicina de la UA. Este conflicto tuvo su momento m\u00e1s \u00e1lgido en el solemne acto de apertura del curso 1996-97 en el que Andr\u00e9s Pedre\u00f1o se neg\u00f3 a ceder la presidencia de dicho acto al entonces Presidente de la Generalidad Eduardo Zaplana. Pese a este conflicto, el claustro universitario respald\u00f3 su reelecci\u00f3n como rector con un 90% de los votos, un a\u00f1o despu\u00e9s. A finales del a\u00f1o 2000 dimiti\u00f3 del cargo de rector.<\/p>\n<p>A los pocos meses pas\u00f3 a ser el Consejero Delegado de <a href=\"http:\/\/www.universia.net\/\">Universia<\/a>, portal universitario que agrupa a casi un millar de universidades socias de once pa\u00edses de habla hispana y portuguesa, cuya Presidencia ostenta Emilio Bot\u00edn, presidente del Grupo Santander, entidad que corre a cargo del mecenazgo de dicho proyecto. Durante su etapa como consejero delegado el proyecto se implant\u00f3, aparte de en Espa\u00f1a y Portugal, en Argentina, Brasil, Chile, Colombia, M\u00e9xico, Per\u00fa, Puerto Rico y Venezuela e integr\u00f3 como socias a m\u00e1s de 900 universidades. Dej\u00f3 el cargo en diciembre de 2004, sucedi\u00e9ndole Jaume Pag\u00e8s Fita.<\/p>\n<p>Desde 2005 es Consejero de Universia, miembro vitalicio del Patronato de la Biblioteca Virtual Miguel de Cervantes, consejero del Consejo Superior de Estad\u00edstica (2004- 2009) y miembro del Consejo Asesor de Administraci\u00f3n Electr\u00f3nica del Ministerio de Administraciones P\u00fablicas. Tambi\u00e9n es miembro del International Committee en la International Science Foundation.<\/p>\n<p>Es miembro correspondiente de la Real Academia de Ciencias Morales y Pol\u00edticas en Espa\u00f1a, y de la Academia Norteamericana de Lengua en Estados Unidos. Es doctor honoris causa por la Nottingham Trent University (Reino Unido) por su defensa de la autonom\u00eda universitaria, entre otros reconocimientos.<\/p>\n<p>El 28 de enero de 2008 le fue impuesta la Medalla de oro de la Universidad de Alicante, que previamente le hab\u00eda concedido el Consejo de Gobierno por unanimidad, en atenci\u00f3n a los excepcionales m\u00e9ritos contra\u00eddos al servicio de dicha instituci\u00f3n.<\/p>\n<p>Tomado de Wikipedia con algunas correcciones. Ver <a href=\"http:\/\/es.wikipedia.org\/wiki\/Andr\u00e9s_Pedre\u00f1o_Mu\u00f1oz\">Andr\u00e9s Pedre\u00f1o Mu\u00f1oz<\/a><\/p>\n","protected":false},"excerpt":{"rendered":"<p>Andr\u00e9s Pedre\u00f1o (breve apunte curricular, tomado de wikipedia con algunas correcciones. Ver Andr\u00e9s Pedre\u00f1o Mu\u00f1oz) Andr\u00e9s Pedre\u00f1o Mu\u00f1oz (1953 en Cartagena, Murcia)) es Catedr\u00e1tico de Econom\u00eda Aplicada y director del Instituto de Econom\u00eda Internacional de la Universidad de Alicante. Es Licenciado en Ciencias Econ\u00f3micas y Empresariales por la Universidad de Valencia (1978) y se doctor\u00f3 [&hellip;]<\/p>\n","protected":false},"author":36,"featured_media":0,"parent":0,"menu_order":0,"comment_status":"open","ping_status":"open","template":"","meta":{"footnotes":""},"class_list":["post-50","page","type-page","status-publish","hentry"],"_links":{"self":[{"href":"https:\/\/blogs.ua.es\/apm2007\/wp-json\/wp\/v2\/pages\/50","targetHints":{"allow":["GET"]}}],"collection":[{"href":"https:\/\/blogs.ua.es\/apm2007\/wp-json\/wp\/v2\/pages"}],"about":[{"href":"https:\/\/blogs.ua.es\/apm2007\/wp-json\/wp\/v2\/types\/page"}],"author":[{"embeddable":true,"href":"https:\/\/blogs.ua.es\/apm2007\/wp-json\/wp\/v2\/users\/36"}],"replies":[{"embeddable":true,"href":"https:\/\/blogs.ua.es\/apm2007\/wp-json\/wp\/v2\/comments?post=50"}],"version-history":[{"count":3,"href":"https:\/\/blogs.ua.es\/apm2007\/wp-json\/wp\/v2\/pages\/50\/revisions"}],"predecessor-version":[{"id":53,"href":"https:\/\/blogs.ua.es\/apm2007\/wp-json\/wp\/v2\/pages\/50\/revisions\/53"}],"wp:attachment":[{"href":"https:\/\/blogs.ua.es\/apm2007\/wp-json\/wp\/v2\/media?parent=50"}],"curies":[{"name":"wp","href":"https:\/\/api.w.org\/{rel}","templated":true}]}}