{"id":157,"date":"2011-12-22T10:59:23","date_gmt":"2011-12-22T10:59:23","guid":{"rendered":"https:\/\/blogs.ua.es\/archivosciudadalicante\/?page_id=157"},"modified":"2012-01-16T19:52:26","modified_gmt":"2012-01-16T19:52:26","slug":"metodologia","status":"publish","type":"page","link":"https:\/\/blogs.ua.es\/archivosciudadalicante\/metodologia\/","title":{"rendered":"Metodolog\u00eda"},"content":{"rendered":"<p>Nuestro m\u00e9todo para hallar la informaci\u00f3n sobre los diferentes archivos de la ciudad de alicante ha consistido en buscar, en las diferentes paginas web de los archivos, informaci\u00f3n sobre los servicios que ofrecen y los tipos de fondos documentales que existen en cada uno de ellos. Aunque en algunos de ellos no hemos podido localizar su informaci\u00f3n, como el Archivo Judicial ya que no est\u00e1 informatizado.<\/p>\n<div id=\"attachment_191\" style=\"width: 310px\" class=\"wp-caption alignleft\"><a href=\"https:\/\/blogs.ua.es\/archivosciudadalicante\/files\/2011\/12\/DSC05774.jpg\"><img loading=\"lazy\" decoding=\"async\" aria-describedby=\"caption-attachment-191\" class=\"size-medium wp-image-191\" src=\"https:\/\/blogs.ua.es\/archivosciudadalicante\/files\/2011\/12\/DSC05774-300x225.jpg\" alt=\"\" width=\"300\" height=\"225\" srcset=\"https:\/\/blogs.ua.es\/archivosciudadalicante\/files\/2011\/12\/DSC05774-300x225.jpg 300w, https:\/\/blogs.ua.es\/archivosciudadalicante\/files\/2011\/12\/DSC05774-1024x768.jpg 1024w, https:\/\/blogs.ua.es\/archivosciudadalicante\/files\/2011\/12\/DSC05774.jpg 2048w\" sizes=\"auto, (max-width: 300px) 100vw, 300px\" \/><\/a><p id=\"caption-attachment-191\" class=\"wp-caption-text\">Folletos<\/p><\/div>\n<p>M\u00e1s concretamente para los archivos relacionados con la universidad, hemos podido obtener informaci\u00f3n gracias a los folletos informativos ofrecidos por el archivo general de la UA que pusieron a nuestra disposici\u00f3n en la salida de campo de esta misma asignatura, en la que nos mostraron los diversos documentos que guardan y la cantidad de soportes en los que se encuentran.<\/p>\n<p>&nbsp;<\/p>\n<p>&nbsp;<\/p>\n<p>&nbsp;<\/p>\n<p>&nbsp;<\/p>\n<p>&nbsp;<\/p>\n<p>&nbsp;<\/p>\n<p>&nbsp;<\/p>\n<p>&nbsp;<\/p>\n<p>&nbsp;<\/p>\n","protected":false},"excerpt":{"rendered":"<p>Nuestro m\u00e9todo para hallar la informaci\u00f3n sobre los diferentes archivos de la ciudad de alicante ha consistido en buscar, en las diferentes paginas web de los archivos, informaci\u00f3n sobre los servicios que ofrecen y los tipos de fondos documentales que &hellip; <a href=\"https:\/\/blogs.ua.es\/archivosciudadalicante\/metodologia\/\">Continue reading <span class=\"meta-nav\">&rarr;<\/span><\/a><\/p>\n","protected":false},"author":2383,"featured_media":0,"parent":0,"menu_order":0,"comment_status":"open","ping_status":"open","template":"","meta":{"footnotes":""},"class_list":["post-157","page","type-page","status-publish","hentry"],"_links":{"self":[{"href":"https:\/\/blogs.ua.es\/archivosciudadalicante\/wp-json\/wp\/v2\/pages\/157","targetHints":{"allow":["GET"]}}],"collection":[{"href":"https:\/\/blogs.ua.es\/archivosciudadalicante\/wp-json\/wp\/v2\/pages"}],"about":[{"href":"https:\/\/blogs.ua.es\/archivosciudadalicante\/wp-json\/wp\/v2\/types\/page"}],"author":[{"embeddable":true,"href":"https:\/\/blogs.ua.es\/archivosciudadalicante\/wp-json\/wp\/v2\/users\/2383"}],"replies":[{"embeddable":true,"href":"https:\/\/blogs.ua.es\/archivosciudadalicante\/wp-json\/wp\/v2\/comments?post=157"}],"version-history":[{"count":7,"href":"https:\/\/blogs.ua.es\/archivosciudadalicante\/wp-json\/wp\/v2\/pages\/157\/revisions"}],"predecessor-version":[{"id":193,"href":"https:\/\/blogs.ua.es\/archivosciudadalicante\/wp-json\/wp\/v2\/pages\/157\/revisions\/193"}],"wp:attachment":[{"href":"https:\/\/blogs.ua.es\/archivosciudadalicante\/wp-json\/wp\/v2\/media?parent=157"}],"curies":[{"name":"wp","href":"https:\/\/api.w.org\/{rel}","templated":true}]}}