{"id":160,"date":"2011-12-22T11:00:36","date_gmt":"2011-12-22T11:00:36","guid":{"rendered":"https:\/\/blogs.ua.es\/archivosciudadalicante\/?page_id=160"},"modified":"2012-01-16T19:55:24","modified_gmt":"2012-01-16T19:55:24","slug":"recursos-de-informacion","status":"publish","type":"page","link":"https:\/\/blogs.ua.es\/archivosciudadalicante\/recursos-de-informacion\/","title":{"rendered":"Recursos de Informaci\u00f3n"},"content":{"rendered":"<p>Nuestros recursos de informaci\u00f3n no han sido pocos, por lo que hemos intentado hallar la informaci\u00f3n m\u00e1s clara sobre los archivos que se encontraban en Alicante. Posteriormente hemos visitado las p\u00e1ginas web de cada uno de estos archivos para empaparnos sobre la much\u00edsima informaci\u00f3n que tienen sobre los diferentes documentos que albergan, a excepci\u00f3n de los archivos de la universidad de Alicante, que hemos obtenido la informaci\u00f3n de los folletos informativos que nos han ofrecido en la visita al archivo.<\/p>\n<p>Despu\u00e9s de recoger la informaci\u00f3n, hemos utilizado la aplicaci\u00f3n de ISO 690-2010 para redactar las referencias de los lugares visitados con el siguiente esquema que nos han ofrecido:<\/p>\n<div id=\"attachment_234\" style=\"width: 160px\" class=\"wp-caption alignright\"><a href=\"https:\/\/blogs.ua.es\/archivosciudadalicante\/files\/2011\/12\/ISO31.gif\"><img loading=\"lazy\" decoding=\"async\" aria-describedby=\"caption-attachment-234\" class=\"size-thumbnail wp-image-234\" src=\"https:\/\/blogs.ua.es\/archivosciudadalicante\/files\/2011\/12\/ISO31-150x150.gif\" alt=\"\" width=\"150\" height=\"150\" \/><\/a><p id=\"caption-attachment-234\" class=\"wp-caption-text\">Logotipo de Norma ISO<\/p><\/div>\n<p><strong><em>T\u00edtulo de la web<\/em><\/strong><strong>. Editor, a\u00f1o [consulta: fecha de consulta]. Disponible en: http:\/\/<\/strong><\/p>\n<p>&nbsp;<\/p>\n","protected":false},"excerpt":{"rendered":"<p>Nuestros recursos de informaci\u00f3n no han sido pocos, por lo que hemos intentado hallar la informaci\u00f3n m\u00e1s clara sobre los archivos que se encontraban en Alicante. Posteriormente hemos visitado las p\u00e1ginas web de cada uno de estos archivos para empaparnos &hellip; <a href=\"https:\/\/blogs.ua.es\/archivosciudadalicante\/recursos-de-informacion\/\">Continue reading <span class=\"meta-nav\">&rarr;<\/span><\/a><\/p>\n","protected":false},"author":2383,"featured_media":0,"parent":0,"menu_order":0,"comment_status":"open","ping_status":"open","template":"","meta":{"footnotes":""},"class_list":["post-160","page","type-page","status-publish","hentry"],"_links":{"self":[{"href":"https:\/\/blogs.ua.es\/archivosciudadalicante\/wp-json\/wp\/v2\/pages\/160","targetHints":{"allow":["GET"]}}],"collection":[{"href":"https:\/\/blogs.ua.es\/archivosciudadalicante\/wp-json\/wp\/v2\/pages"}],"about":[{"href":"https:\/\/blogs.ua.es\/archivosciudadalicante\/wp-json\/wp\/v2\/types\/page"}],"author":[{"embeddable":true,"href":"https:\/\/blogs.ua.es\/archivosciudadalicante\/wp-json\/wp\/v2\/users\/2383"}],"replies":[{"embeddable":true,"href":"https:\/\/blogs.ua.es\/archivosciudadalicante\/wp-json\/wp\/v2\/comments?post=160"}],"version-history":[{"count":6,"href":"https:\/\/blogs.ua.es\/archivosciudadalicante\/wp-json\/wp\/v2\/pages\/160\/revisions"}],"predecessor-version":[{"id":233,"href":"https:\/\/blogs.ua.es\/archivosciudadalicante\/wp-json\/wp\/v2\/pages\/160\/revisions\/233"}],"wp:attachment":[{"href":"https:\/\/blogs.ua.es\/archivosciudadalicante\/wp-json\/wp\/v2\/media?parent=160"}],"curies":[{"name":"wp","href":"https:\/\/api.w.org\/{rel}","templated":true}]}}