{"id":163,"date":"2011-12-22T11:01:33","date_gmt":"2011-12-22T11:01:33","guid":{"rendered":"https:\/\/blogs.ua.es\/archivosciudadalicante\/?page_id=163"},"modified":"2012-01-10T17:31:37","modified_gmt":"2012-01-10T17:31:37","slug":"valoracion","status":"publish","type":"page","link":"https:\/\/blogs.ua.es\/archivosciudadalicante\/valoracion\/","title":{"rendered":"Valoraci\u00f3n"},"content":{"rendered":"<p>De este blog podemos hacer una valoraci\u00f3n eficiente,\u00a0 ya que hemos podido conocer un poco m\u00e1s sobre los archivos de Alicante y la gran, pero gran cantidad de documentos que guardan sobre la historia de esta ciudad en diferentes soportes.<\/p>\n<p>Por ello, hacemos un llamamiento a aquellas personas a las que le interese saber m\u00e1s sobre la gran variedad de todos lo documentos que tienen archivados los diversos lugares p\u00fablicos en Alicante, que visiten este blog, no porque sea nuestro, sino porque encontrar\u00e1 una buena ayuda para su b\u00fasqueda, como por ejemplo el plano de Alicante y sus inmediaciones del ingeniero Manuel Miralles.<\/p>\n<p>Gracias a las referencias bibliogr\u00e1ficas de los sitios web visitados, que se encuentran a disposici\u00f3n de todo aquel que tenga un ordenador, hemos podido investigar sobre el tema trabajado sin tener que movernos de la silla de nuestro escritorio.<\/p>\n<p>&nbsp;<\/p>\n<div id=\"attachment_236\" style=\"width: 310px\" class=\"wp-caption aligncenter\"><a href=\"https:\/\/blogs.ua.es\/archivosciudadalicante\/files\/2011\/12\/DSC05775.jpg\"><img loading=\"lazy\" decoding=\"async\" aria-describedby=\"caption-attachment-236\" class=\"size-medium wp-image-236\" src=\"https:\/\/blogs.ua.es\/archivosciudadalicante\/files\/2011\/12\/DSC05775-300x225.jpg\" alt=\"\" width=\"300\" height=\"225\" srcset=\"https:\/\/blogs.ua.es\/archivosciudadalicante\/files\/2011\/12\/DSC05775-300x225.jpg 300w, https:\/\/blogs.ua.es\/archivosciudadalicante\/files\/2011\/12\/DSC05775-1024x768.jpg 1024w, https:\/\/blogs.ua.es\/archivosciudadalicante\/files\/2011\/12\/DSC05775.jpg 2048w\" sizes=\"auto, (max-width: 300px) 100vw, 300px\" \/><\/a><p id=\"caption-attachment-236\" class=\"wp-caption-text\">Lugar de Trabajo<\/p><\/div>\n","protected":false},"excerpt":{"rendered":"<p>De este blog podemos hacer una valoraci\u00f3n eficiente,\u00a0 ya que hemos podido conocer un poco m\u00e1s sobre los archivos de Alicante y la gran, pero gran cantidad de documentos que guardan sobre la historia de esta ciudad en diferentes soportes. &hellip; <a href=\"https:\/\/blogs.ua.es\/archivosciudadalicante\/valoracion\/\">Continue reading <span class=\"meta-nav\">&rarr;<\/span><\/a><\/p>\n","protected":false},"author":2383,"featured_media":0,"parent":0,"menu_order":0,"comment_status":"open","ping_status":"open","template":"","meta":{"footnotes":""},"class_list":["post-163","page","type-page","status-publish","hentry"],"_links":{"self":[{"href":"https:\/\/blogs.ua.es\/archivosciudadalicante\/wp-json\/wp\/v2\/pages\/163","targetHints":{"allow":["GET"]}}],"collection":[{"href":"https:\/\/blogs.ua.es\/archivosciudadalicante\/wp-json\/wp\/v2\/pages"}],"about":[{"href":"https:\/\/blogs.ua.es\/archivosciudadalicante\/wp-json\/wp\/v2\/types\/page"}],"author":[{"embeddable":true,"href":"https:\/\/blogs.ua.es\/archivosciudadalicante\/wp-json\/wp\/v2\/users\/2383"}],"replies":[{"embeddable":true,"href":"https:\/\/blogs.ua.es\/archivosciudadalicante\/wp-json\/wp\/v2\/comments?post=163"}],"version-history":[{"count":4,"href":"https:\/\/blogs.ua.es\/archivosciudadalicante\/wp-json\/wp\/v2\/pages\/163\/revisions"}],"predecessor-version":[{"id":297,"href":"https:\/\/blogs.ua.es\/archivosciudadalicante\/wp-json\/wp\/v2\/pages\/163\/revisions\/297"}],"wp:attachment":[{"href":"https:\/\/blogs.ua.es\/archivosciudadalicante\/wp-json\/wp\/v2\/media?parent=163"}],"curies":[{"name":"wp","href":"https:\/\/api.w.org\/{rel}","templated":true}]}}