{"id":62,"date":"2011-12-20T13:17:14","date_gmt":"2011-12-20T13:17:14","guid":{"rendered":"https:\/\/blogs.ua.es\/archivosciudadalicante\/?page_id=62"},"modified":"2012-01-16T19:45:51","modified_gmt":"2012-01-16T19:45:51","slug":"introduccion-3","status":"publish","type":"page","link":"https:\/\/blogs.ua.es\/archivosciudadalicante\/introduccion-3\/","title":{"rendered":"Introducci\u00f3n"},"content":{"rendered":"<p>Como una buena investigaci\u00f3n, hemos hecho hincapi\u00e9 en los archivos de la ciudad de Alicante, esos que tienen tanta informaci\u00f3n valiosa y que mucha gente busca, pero no saben d\u00f3nde encontrarla, para ello, nosotras les damos la gran oportunidad de saber hallarla.<\/p>\n<p>Gracias a nuestro actual estudio en un grado de letras, debemos saber d\u00f3nde encontrar esa informaci\u00f3n que nos hace tanta falta cuando hacemos un trabajo y que debemos encontrar lo m\u00e1s r\u00e1pido posible, pues bien, en Alicante podemos encontrar varios archivos que nos sirven de mucha ayuda.<\/p>\n<div id=\"attachment_8\" style=\"width: 310px\" class=\"wp-caption alignleft\"><a href=\"https:\/\/blogs.ua.es\/archivosciudadalicante\/files\/2011\/11\/alicante.jpg\"><img loading=\"lazy\" decoding=\"async\" aria-describedby=\"caption-attachment-8\" class=\"size-medium wp-image-8\" src=\"https:\/\/blogs.ua.es\/archivosciudadalicante\/files\/2011\/11\/alicante-300x225.jpg\" alt=\"\" width=\"300\" height=\"225\" srcset=\"https:\/\/blogs.ua.es\/archivosciudadalicante\/files\/2011\/11\/alicante-300x225.jpg 300w, https:\/\/blogs.ua.es\/archivosciudadalicante\/files\/2011\/11\/alicante-400x300.jpg 400w, https:\/\/blogs.ua.es\/archivosciudadalicante\/files\/2011\/11\/alicante.jpg 600w\" sizes=\"auto, (max-width: 300px) 100vw, 300px\" \/><\/a><p id=\"caption-attachment-8\" class=\"wp-caption-text\">Alicante<\/p><\/div>\n<p>Estos archivos han guardado, guardan y guardar\u00e1n informaci\u00f3n sobre nuestra provincia para el uso de cualquier persona de la provincia o extranjero que desee hacer una investigaci\u00f3n sobre ella. Estos archivos se encuentran ubicados por toda la ciudad de Alicante, mezcl\u00e1ndose con centros comerciales o barrios del casco antiguo de la ciudad, lo que ayuda a su visita y f\u00e1cil localizaci\u00f3n. Ahora mostramos los archivos m\u00e1s destacados tanto por su informaci\u00f3n como por su ubicaci\u00f3n.<\/p>\n<p>Hemos podido observar que varios archivos est\u00e1n en proceso de digitalizaci\u00f3n y que existe una empresa que recoge todos los documentos y archivos de la ciudad de Alicante que est\u00e1n digitalizados como DEIMSA. Tambi\u00e9n al hacer este blog hemos visto como es muy \u00fatil y necesario digitalizar este tipo de documentos para garantizar la conservaci\u00f3n y consulta f\u00e1cil de estos.<\/p>\n","protected":false},"excerpt":{"rendered":"<p>Como una buena investigaci\u00f3n, hemos hecho hincapi\u00e9 en los archivos de la ciudad de Alicante, esos que tienen tanta informaci\u00f3n valiosa y que mucha gente busca, pero no saben d\u00f3nde encontrarla, para ello, nosotras les damos la gran oportunidad de &hellip; <a href=\"https:\/\/blogs.ua.es\/archivosciudadalicante\/introduccion-3\/\">Continue reading <span class=\"meta-nav\">&rarr;<\/span><\/a><\/p>\n","protected":false},"author":2383,"featured_media":0,"parent":0,"menu_order":0,"comment_status":"open","ping_status":"open","template":"","meta":{"footnotes":""},"class_list":["post-62","page","type-page","status-publish","hentry"],"_links":{"self":[{"href":"https:\/\/blogs.ua.es\/archivosciudadalicante\/wp-json\/wp\/v2\/pages\/62","targetHints":{"allow":["GET"]}}],"collection":[{"href":"https:\/\/blogs.ua.es\/archivosciudadalicante\/wp-json\/wp\/v2\/pages"}],"about":[{"href":"https:\/\/blogs.ua.es\/archivosciudadalicante\/wp-json\/wp\/v2\/types\/page"}],"author":[{"embeddable":true,"href":"https:\/\/blogs.ua.es\/archivosciudadalicante\/wp-json\/wp\/v2\/users\/2383"}],"replies":[{"embeddable":true,"href":"https:\/\/blogs.ua.es\/archivosciudadalicante\/wp-json\/wp\/v2\/comments?post=62"}],"version-history":[{"count":8,"href":"https:\/\/blogs.ua.es\/archivosciudadalicante\/wp-json\/wp\/v2\/pages\/62\/revisions"}],"predecessor-version":[{"id":69,"href":"https:\/\/blogs.ua.es\/archivosciudadalicante\/wp-json\/wp\/v2\/pages\/62\/revisions\/69"}],"wp:attachment":[{"href":"https:\/\/blogs.ua.es\/archivosciudadalicante\/wp-json\/wp\/v2\/media?parent=62"}],"curies":[{"name":"wp","href":"https:\/\/api.w.org\/{rel}","templated":true}]}}