{"id":80,"date":"2011-12-20T13:42:53","date_gmt":"2011-12-20T13:42:53","guid":{"rendered":"https:\/\/blogs.ua.es\/archivosciudadalicante\/?page_id=80"},"modified":"2012-01-15T16:29:08","modified_gmt":"2012-01-15T16:29:08","slug":"archivos-2","status":"publish","type":"page","link":"https:\/\/blogs.ua.es\/archivosciudadalicante\/archivos-2\/","title":{"rendered":"Explicaci\u00f3n General del Tema"},"content":{"rendered":"<p>Para poder facilitar la accesibilidad a los archivos situados en la ciudad de Alicante hemos separado los archivos en distintas p\u00e1ginas dentro de este blog. Los siguientes cuatro apartados pertenecer\u00e1n, por consiguiente, a estos cuatro archivos de la ciudad de Alicante.<\/p>\n<p>El <strong>Archivo hist\u00f3rico provincial de Alicante<\/strong> fue creado el 24 de septiembre de 1974 con el objetivo de recibir transferencias de los fondos producidos por la administraci\u00f3n del Estado en Alicante y guardar documentos importantes de la ciudad. En la actualidad, el archivo se ubica en un edificio de la zona de centros educativos, distribuido en dos \u00e1reas: una privada y otra p\u00fablica, en la cual encontramos archivos judiciales, protocolos notariales, administraci\u00f3n central, obras p\u00fablicas y gobierno civil. Los servicios que da son informaci\u00f3n general sobre fondos documentales, orientaci\u00f3n y asesoramiento, tambi\u00e9n se puede obtener fotograf\u00edas dependiendo de la conservaci\u00f3n de documentos, biblioteca auxiliar, visitas guiadas, laboratorio de restauraci\u00f3n y salas de exposiciones&#8230;<\/p>\n<p>Adem\u00e1s podemos encontrar gu\u00edas sobre dicho archivo, como el de <em>Esperanza L\u00f3pez Villellas. M<\/em>encionar tambi\u00e9n la gu\u00eda tem\u00e1tica de la <strong>BUA<\/strong>, en que encontramos un gran listado sobre los archivos de diferentes comunidades; y adem\u00e1s archivos pol\u00edticos como el <strong>Archivo Postcapital.<\/strong><\/p>\n<p>El<strong> Archivo judicial de Alicante<\/strong> ubicado en el Poligono Industrial Pla de la Vallonga, S\/N PARC 6, no est\u00e1 informatizado por lo que no podemos explicar sus funciones y obtener documentos, por lo tanto para obtener informaci\u00f3n a los interesados, hay un tel\u00e9fono de atenci\u00f3n al cliente.<\/p>\n<p>El<strong> Archivo municipal de Alicante,<\/strong> es el lugar donde reside toda la historia de Alicante, en formato papel, chips y microfilms, todo ello para poder ser consultados por los amantes de la historia. El archivo municipal de Alicante se ha considerado un lugar donde almacenar los documentos que forman parte de la memoria hist\u00f3rica alicantina.<\/p>\n<p>Las funciones que alberga son hacer y custodiar el archivo y las diferentes provisiones reales y \u00f3rdenes. Pero a causa de un bombardeo de los franceses se da\u00f1aron los edificios de la ciudad, entre ellos el archivo, perdiendo bastante documentaci\u00f3n. El archivo se ubicaba en el llamado \u201cPalacio Maisonnave\u201d, construido entre los siglos XVII y XVIII, y actualmente se encuentra en el archivo municipal.<\/p>\n<div id=\"attachment_114\" style=\"width: 170px\" class=\"wp-caption alignleft\"><a href=\"https:\/\/blogs.ua.es\/archivosciudadalicante\/files\/2011\/12\/blog.jpg\"><img loading=\"lazy\" decoding=\"async\" aria-describedby=\"caption-attachment-114\" class=\"size-full wp-image-114\" src=\"https:\/\/blogs.ua.es\/archivosciudadalicante\/files\/2011\/12\/blog.jpg\" alt=\"\" width=\"160\" height=\"120\" \/><\/a><p id=\"caption-attachment-114\" class=\"wp-caption-text\">Plano de Alicante<\/p><\/div>\n<p>En este archivo podemos encontrar fondos documentales como mapas, planos, dibujos, grabados, pergaminos y carteles entre otros.<\/p>\n<p>&nbsp;<\/p>\n<p>&nbsp;<\/p>\n<p>&nbsp;<\/p>\n<p>Adem\u00e1s en la web de <em>Espa\u00f1a es Cultura<\/em> se nos muestra la gran variedad de sedes de archivos, bibliotecas y fondos documentales que se encuentran dispersos por toda Espa\u00f1a que acogen documentaci\u00f3n para historiadores o investigadores de todo el mundo. De este sitio web, destacamos la <strong>Biblioteca P\u00fablica (titularidad privada) de Gabriel Mir\u00f3<\/strong>. En \u00e9l encontramos fondos documentales, bibliogr\u00e1ficos, fotogr\u00e1ficos, hemerogr\u00e1ficos y el propio legado del autor.<\/p>\n<div id=\"attachment_336\" style=\"width: 310px\" class=\"wp-caption aligncenter\"><a href=\"https:\/\/blogs.ua.es\/archivosciudadalicante\/files\/2011\/12\/biblioteca.jpg\"><img loading=\"lazy\" decoding=\"async\" aria-describedby=\"caption-attachment-336\" class=\"size-medium wp-image-336\" src=\"https:\/\/blogs.ua.es\/archivosciudadalicante\/files\/2011\/12\/biblioteca-300x300.jpg\" alt=\"\" width=\"300\" height=\"300\" srcset=\"https:\/\/blogs.ua.es\/archivosciudadalicante\/files\/2011\/12\/biblioteca-300x300.jpg 300w, https:\/\/blogs.ua.es\/archivosciudadalicante\/files\/2011\/12\/biblioteca-150x150.jpg 150w, https:\/\/blogs.ua.es\/archivosciudadalicante\/files\/2011\/12\/biblioteca.jpg 591w\" sizes=\"auto, (max-width: 300px) 100vw, 300px\" \/><\/a><p id=\"caption-attachment-336\" class=\"wp-caption-text\">Imagen de la Biblioteca Gabriel Mir\u00f3 en su primer emplazamiento en Alicante<\/p><\/div>\n<p>&nbsp;<\/p>\n<p>El <strong>Archivo del Instituto alicantino de cultura Juan Gil Albert<\/strong> tiene como objetivo la recuperaci\u00f3n y difusi\u00f3n de fondos de la provincia de Alicante. Sus fondos aumentan con documentos de otros archivos p\u00fablicos y privados, y para acceder a estos fondos se debe pedir primero una autorizaci\u00f3n. Los dos fondos m\u00e1s importantes de este archivo son: el <strong>Fondo de Prensa<\/strong> y el <strong>Archivo Scorcia-Soto Ameno;\u00a0<\/strong>este \u00faltimo digitalizado.<\/p>\n<p>El <strong>Fondo de Prensa<\/strong> posee un cat\u00e1logo para facilitar la consulta. Este fondo contiene documentos sobre la Guerra Civil y la Segunda Rep\u00fablica en la provincia de Alicante, mientras que el <strong>Archivo Scorcia-Soto Ameno<\/strong> es un fondo de de estos linajes que permite el estudio de la nobleza de \u00e9pocas pasadas.<\/p>\n","protected":false},"excerpt":{"rendered":"<p>Para poder facilitar la accesibilidad a los archivos situados en la ciudad de Alicante hemos separado los archivos en distintas p\u00e1ginas dentro de este blog. Los siguientes cuatro apartados pertenecer\u00e1n, por consiguiente, a estos cuatro archivos de la ciudad de &hellip; <a href=\"https:\/\/blogs.ua.es\/archivosciudadalicante\/archivos-2\/\">Continue reading <span class=\"meta-nav\">&rarr;<\/span><\/a><\/p>\n","protected":false},"author":2383,"featured_media":0,"parent":0,"menu_order":0,"comment_status":"open","ping_status":"open","template":"","meta":{"footnotes":""},"class_list":["post-80","page","type-page","status-publish","hentry"],"_links":{"self":[{"href":"https:\/\/blogs.ua.es\/archivosciudadalicante\/wp-json\/wp\/v2\/pages\/80","targetHints":{"allow":["GET"]}}],"collection":[{"href":"https:\/\/blogs.ua.es\/archivosciudadalicante\/wp-json\/wp\/v2\/pages"}],"about":[{"href":"https:\/\/blogs.ua.es\/archivosciudadalicante\/wp-json\/wp\/v2\/types\/page"}],"author":[{"embeddable":true,"href":"https:\/\/blogs.ua.es\/archivosciudadalicante\/wp-json\/wp\/v2\/users\/2383"}],"replies":[{"embeddable":true,"href":"https:\/\/blogs.ua.es\/archivosciudadalicante\/wp-json\/wp\/v2\/comments?post=80"}],"version-history":[{"count":22,"href":"https:\/\/blogs.ua.es\/archivosciudadalicante\/wp-json\/wp\/v2\/pages\/80\/revisions"}],"predecessor-version":[{"id":104,"href":"https:\/\/blogs.ua.es\/archivosciudadalicante\/wp-json\/wp\/v2\/pages\/80\/revisions\/104"}],"wp:attachment":[{"href":"https:\/\/blogs.ua.es\/archivosciudadalicante\/wp-json\/wp\/v2\/media?parent=80"}],"curies":[{"name":"wp","href":"https:\/\/api.w.org\/{rel}","templated":true}]}}