{"id":78,"date":"2013-01-26T17:03:25","date_gmt":"2013-01-26T17:03:25","guid":{"rendered":"https:\/\/blogs.ua.es\/archivoscomunidadvalenciana\/?page_id=78"},"modified":"2013-01-27T19:25:21","modified_gmt":"2013-01-27T19:25:21","slug":"introduccion","status":"publish","type":"page","link":"https:\/\/blogs.ua.es\/archivoscomunidadvalenciana\/introduccion\/","title":{"rendered":"Introducci\u00f3n"},"content":{"rendered":"<p>En el a\u00f1o 1984 se crea el Archivo Hist\u00f3rico de la Comunidad Valenciana, a partir de la necesidad de una organizaci\u00f3n y conservaci\u00f3n de los diferentes documentos, que a lo largo de los a\u00f1os se han ido recopilando.<\/p>\n<p>Las nuevas tendencias y tecnolog\u00edas en continuo avance, nos llevan cada vez m\u00e1s a disponer de un n\u00famero cada vez mayor de documentos, tanto impresos como digitalizados. Esto supone destinar una ubicaci\u00f3n para todos ellos y para que la gente, tanto profesionales del sector como gente de a pie, puedan acceder y trabajar con ellos, siempre dentro de unos criterios id\u00f3neos para su conservaci\u00f3n.<\/p>\n<p>En este blog se hablar\u00e1 de estos y otros temas, referidos siempre al Archivo de la Comunidad Valenciana, directamente sobre \u00e9l o temas relacionados y\/o vinculados a este.<\/p>\n<p>&nbsp;<\/p>\n","protected":false},"excerpt":{"rendered":"<p>En el a\u00f1o 1984 se crea el Archivo Hist\u00f3rico de la Comunidad Valenciana, a partir de la necesidad de una organizaci\u00f3n y conservaci\u00f3n de los diferentes documentos, que a lo largo de los a\u00f1os se han ido recopilando. Las nuevas tendencias y tecnolog\u00edas en continuo avance, nos llevan cada vez m\u00e1s a disponer de un [&hellip;]<\/p>\n","protected":false},"author":2982,"featured_media":0,"parent":0,"menu_order":0,"comment_status":"open","ping_status":"open","template":"","meta":{"footnotes":""},"class_list":["post-78","page","type-page","status-publish","hentry"],"_links":{"self":[{"href":"https:\/\/blogs.ua.es\/archivoscomunidadvalenciana\/wp-json\/wp\/v2\/pages\/78","targetHints":{"allow":["GET"]}}],"collection":[{"href":"https:\/\/blogs.ua.es\/archivoscomunidadvalenciana\/wp-json\/wp\/v2\/pages"}],"about":[{"href":"https:\/\/blogs.ua.es\/archivoscomunidadvalenciana\/wp-json\/wp\/v2\/types\/page"}],"author":[{"embeddable":true,"href":"https:\/\/blogs.ua.es\/archivoscomunidadvalenciana\/wp-json\/wp\/v2\/users\/2982"}],"replies":[{"embeddable":true,"href":"https:\/\/blogs.ua.es\/archivoscomunidadvalenciana\/wp-json\/wp\/v2\/comments?post=78"}],"version-history":[{"count":7,"href":"https:\/\/blogs.ua.es\/archivoscomunidadvalenciana\/wp-json\/wp\/v2\/pages\/78\/revisions"}],"predecessor-version":[{"id":86,"href":"https:\/\/blogs.ua.es\/archivoscomunidadvalenciana\/wp-json\/wp\/v2\/pages\/78\/revisions\/86"}],"wp:attachment":[{"href":"https:\/\/blogs.ua.es\/archivoscomunidadvalenciana\/wp-json\/wp\/v2\/media?parent=78"}],"curies":[{"name":"wp","href":"https:\/\/api.w.org\/{rel}","templated":true}]}}