{"id":80,"date":"2013-01-26T17:03:48","date_gmt":"2013-01-26T17:03:48","guid":{"rendered":"https:\/\/blogs.ua.es\/archivoscomunidadvalenciana\/?page_id=80"},"modified":"2013-01-27T19:45:53","modified_gmt":"2013-01-27T19:45:53","slug":"metodologia","status":"publish","type":"page","link":"https:\/\/blogs.ua.es\/archivoscomunidadvalenciana\/metodologia\/","title":{"rendered":"Metodolog\u00eda"},"content":{"rendered":"<p>El procedimiento que he seguido para la realizaci\u00f3n de las entradas ha sido buscar informaci\u00f3n referida al tema que me ocupa, clasificando lo relacionado directamente al tema y los complementarios a este.<\/p>\n<p>Despu\u00e9s de la selecci\u00f3n de como\u00a0quer\u00eda\u00a0enfocar los comentarios, he realizado los\u00a0res\u00famenes\u00a0y esquemas para una mayor comprensi\u00f3n y lectura de los mismos.<\/p>\n<p>Me he ce\u00f1ido a la informaci\u00f3n b\u00e1sica y sencilla, ya que este campo es muy extenso y muy t\u00e9cnico a su vez, en cuanto a metodolog\u00eda, estudio. etc.<\/p>\n<p><strong>\u00a0Jessica Alcaraz Parada<\/strong><\/p>\n<p>&nbsp;<\/p>\n<p>Para la creaci\u00f3n de un blog de la Universidad de Alicante debemos ir a <a title=\"Blogs UA\" href=\"https:\/\/blogs.ua.es\/\">esta p\u00e1gina web<\/a>, donde te da a elegir que lo hagas en valenciano o en castellano, pinchas en cualquiera de las dos (Crear el meu blog\/Crear mi blog) y a continuaci\u00f3n vas rellenando la informaci\u00f3n que te pide, paso a paso.<\/p>\n<p>Este blog ha sido creado con la NORMA ISO 690:2010, aplicable a todo tipo de documentos y en cualquier soporte, incluyendo los recursos electr\u00f3nicos en l\u00ednea. Tambi\u00e9n regula m\u00e9todos de citas y referencias bibliogr\u00e1ficas.<\/p>\n<p>&nbsp;<\/p>\n<p style=\"text-align: center\"><span style=\"text-decoration: underline\"><strong>DOCUMENTOS IMPRESOS<\/strong><\/span><\/p>\n<p><strong>Monograf\u00edas:<\/strong><\/p>\n<p>APELLIDOS, Nombre1. T\u00edtulo. (Otros colaboradores: traductor, editor, etc. se podr\u00edan hacer constar con la forma directa de nombre APELLIDOS). Edici\u00f3n. Lugar: Editor, a\u00f1o. Extensi\u00f3n (opcional). (Serie; n\u00ba). ISBN.<\/p>\n<p>Si el autor principal es corporativo, se hace constar el nombre directo en MAY\u00daSCULAS.<\/p>\n<p><strong>Parte de una monograf\u00eda:<\/strong><\/p>\n<p>(Autor\/res de la parte) APELLIDOS, Nombre. T\u00edtulo de la parte. En: T\u00edtulo de la obra completa. Edici\u00f3n. Lugar de edici\u00f3n: editor, a\u00f1o, pp. (p\u00e1ginas). ISBN.<\/p>\n<p><strong>Publicaciones en serie (revista completa): <\/strong><\/p>\n<p>T\u00edtulo de la revista. Responsabilidad (si fuera necesario para identificarla por tratarse de un t\u00edtulo muy gen\u00e9rico. Ejem: Bolet\u00edn informativo). A\u00f1o de inicio-A\u00f1o de cierre2 (este \u00faltimo dato s\u00f3lo se usa en el caso de revistas que han dejado de publicarse). ISSN.<\/p>\n<p><strong>Art\u00edculos de revistas:<\/strong><\/p>\n<p>(Autor\/es de la contribuci\u00f3n) APELLIDOS, Nombre. T\u00edtulo del art\u00edculo. T\u00edtulo de la revista. (Localizaci\u00f3n de la parte en el n\u00famero de la revista) A\u00f1o, volumen (n\u00ba), pp. ISSN.<\/p>\n<p style=\"text-align: center\"><span style=\"text-decoration: underline\"><strong>DOCUMENTOS ELECTR\u00d3NICOS<\/strong><\/span><\/p>\n<p><strong>Libros electr\u00f3nicos y monografias en l\u00ednea:<\/strong><\/p>\n<p>APELLIDOS, Nombre. T\u00edtulo [en l\u00ednea]. Lugar de publicaci\u00f3n: editor, fecha de publicaci\u00f3n [Consulta: fecha de consulta]. Formato (pdf, etc), tama\u00f1o del fichero (MB). Disponible en: http:\/\/<\/p>\n<p><strong>Parte de monograf\u00eda en l\u00ednea:<\/strong><\/p>\n<p>(Autor\/es de la parte) APELLIDOS, Nombre. T\u00edtulo de la parte. En: T\u00edtulo de la obra completa [en l\u00ednea]. Lugar de publicaci\u00f3n: editor, a\u00f1o, pp. [consulta: fecha de consulta]. Disponible en: http.\/\/<\/p>\n<p><strong>Revista en l\u00ednea:<\/strong><\/p>\n<p><span style=\"text-decoration: underline\">1. Modelo de revista de un paquete de revistas electr\u00f3nicas con una base de datos com\u00fan:<\/span><\/p>\n<p>T\u00edtulo [en linea]. Lugar de edici\u00f3n: editor, fecha de publicaci\u00f3n, volumen, n\u00famero [consulta: fecha de consulta]. Nombre de la base de datos. ISSN. Disponible en: http:\/\/<\/p>\n<p><span style=\"text-decoration: underline\">2. Modelo de revista con acceso en l\u00ednea individualizado:<\/span><\/p>\n<p>T\u00edtulo [en l\u00ednea]. Lugar de edici\u00f3n: editor, fecha de publicaci\u00f3n, volumen, n\u00famero [consulta: fecha de consulta]. ISSN. Disponible en: http:\/\/<\/p>\n<p><strong>Art\u00edculo de revista en l\u00ednea:<\/strong><\/p>\n<p>(Autor\/es del art\u00edculo) APELLIDOS, Nombre. T\u00edtulo del art\u00edculo. T\u00edtulo de la revista [en l\u00ednea]. Lugar: editor, fecha de publicaci\u00f3n, vol\u00famen, n\u00famero [consulta: fecha de consulta]. ISSN. Disponible en: http:\/\/<\/p>\n<p><strong>Sitio web:<\/strong><\/p>\n<p>T\u00edtulo de la web. Editor, a\u00f1o [consulta: fecha de consulta]. Disponible en: http:\/\/<\/p>\n<p><strong>Parte de un sitio web:<\/strong><\/p>\n<p>\u2022 <span style=\"text-decoration: underline\">Ejemplo de p\u00e1gina sin autor o autor colectivo<\/span> (ejem.: art\u00edculo de wikipedia):<\/p>\n<p>T\u00edtulo de la p\u00e1gina. T\u00edtulo del sitio web [en l\u00ednea]. Fecha y hora de edici\u00f3n o actualizaci\u00f3n [consulta: fecha de cosulta]. Disponible en: http:\/\/<\/p>\n<p>\u2022 <span style=\"text-decoration: underline\">Ejemplo de p\u00e1gina o parte de un sitio web con autor<\/span>:<\/p>\n<p>APELLIDOS, Nombre. T\u00edtulo de la p\u00e1gina o la parte. En: T\u00edtulo del sitio web [en l\u00ednea]. Fecha y hora de edici\u00f3n [consulta: fecha y hora de consulta]. Disponible en: http:\/\/<\/p>\n<p style=\"text-align: center\"><span style=\"text-decoration: underline\"><strong>DOCUMENTOS ESPECIALES<\/strong><\/span><\/p>\n<p><strong>Mapas<\/strong><\/p>\n<p><span style=\"text-decoration: underline\">En papel:<\/span><\/p>\n<p>T\u00edtulo. Escala. Lugar: Editor, a\u00f1o. Dimensiones (mm). Lugar donde se conserva y signatura.<\/p>\n<p><span style=\"text-decoration: underline\">En Internet:<\/span><\/p>\n<p>T\u00edtulo [en l\u00ednea]. Ubicaci\u00f3n y colecci\u00f3n [consulta: fecha de consulta]. Disponible en: http:\/\/<\/p>\n<p><strong>Pel\u00edculas<\/strong><\/p>\n<p>T\u00edtulo de la pel\u00edcula [Pel\u00edcula]. Dirigida por Nombre APELLIDOS. Pa\u00eds: Productora, a\u00f1o. Lugar: distribuida en Espa\u00f1a por&#8230;<\/p>\n<p><span style=\"text-decoration: underline\">Ejemplo de documental o programa de emisi\u00f3n de TV<\/span>:<\/p>\n<p>Titulo. Nombre de la cadena de televisi\u00f3n, fecha.<\/p>\n<p><strong>Im\u00e1genes<\/strong><\/p>\n<p>APELLIDOS, Nombre. T\u00edtulo de la obra. A\u00f1o [imagen digital]. Museo&#8230; [consulta: fecha de<\/p>\n<p>consulta]. Disponible en: http:\/\/<\/p>\n<p>&nbsp;<\/p>\n<p><strong>Irene Quesada Andreu<\/strong><\/p>\n","protected":false},"excerpt":{"rendered":"<p>El procedimiento que he seguido para la realizaci\u00f3n de las entradas ha sido buscar informaci\u00f3n referida al tema que me ocupa, clasificando lo relacionado directamente al tema y los complementarios a este. Despu\u00e9s de la selecci\u00f3n de como\u00a0quer\u00eda\u00a0enfocar los comentarios, he realizado los\u00a0res\u00famenes\u00a0y esquemas para una mayor comprensi\u00f3n y lectura de los mismos. Me he [&hellip;]<\/p>\n","protected":false},"author":2982,"featured_media":0,"parent":0,"menu_order":0,"comment_status":"open","ping_status":"open","template":"","meta":{"footnotes":""},"class_list":["post-80","page","type-page","status-publish","hentry"],"_links":{"self":[{"href":"https:\/\/blogs.ua.es\/archivoscomunidadvalenciana\/wp-json\/wp\/v2\/pages\/80","targetHints":{"allow":["GET"]}}],"collection":[{"href":"https:\/\/blogs.ua.es\/archivoscomunidadvalenciana\/wp-json\/wp\/v2\/pages"}],"about":[{"href":"https:\/\/blogs.ua.es\/archivoscomunidadvalenciana\/wp-json\/wp\/v2\/types\/page"}],"author":[{"embeddable":true,"href":"https:\/\/blogs.ua.es\/archivoscomunidadvalenciana\/wp-json\/wp\/v2\/users\/2982"}],"replies":[{"embeddable":true,"href":"https:\/\/blogs.ua.es\/archivoscomunidadvalenciana\/wp-json\/wp\/v2\/comments?post=80"}],"version-history":[{"count":5,"href":"https:\/\/blogs.ua.es\/archivoscomunidadvalenciana\/wp-json\/wp\/v2\/pages\/80\/revisions"}],"predecessor-version":[{"id":91,"href":"https:\/\/blogs.ua.es\/archivoscomunidadvalenciana\/wp-json\/wp\/v2\/pages\/80\/revisions\/91"}],"wp:attachment":[{"href":"https:\/\/blogs.ua.es\/archivoscomunidadvalenciana\/wp-json\/wp\/v2\/media?parent=80"}],"curies":[{"name":"wp","href":"https:\/\/api.w.org\/{rel}","templated":true}]}}