{"id":82,"date":"2013-01-26T17:04:16","date_gmt":"2013-01-26T17:04:16","guid":{"rendered":"https:\/\/blogs.ua.es\/archivoscomunidadvalenciana\/?page_id=82"},"modified":"2013-01-27T19:23:19","modified_gmt":"2013-01-27T19:23:19","slug":"fuentes-utilizadas","status":"publish","type":"page","link":"https:\/\/blogs.ua.es\/archivoscomunidadvalenciana\/fuentes-utilizadas\/","title":{"rendered":"Fuentes utilizadas"},"content":{"rendered":"<p>Para la creaci\u00f3n de este blog, las fuentes utilizadas han sido principalmente art\u00edculos de revistas y la p\u00e1gina oficial del Archivo de la Comunidad Valenciana.<\/p>\n<p>Principalmente el uso de internet y su facilidad para encontrar informaci\u00f3n ha sido la fuente principal de la cual se ha recogido la informaci\u00f3n, mayoritariamente.<\/p>\n<p>Al tratarse de un estudio, la archiv\u00edstica, relativamente reciente de la historia, se ha encontrado mucha y diversa informaci\u00f3n, al tratarse el estudio de estos sobre los documentos, y como nos encontramos en la era de la informaci\u00f3n y los avanaces tecnol\u00f3gicos, existen multitud de documentos, art\u00edculos y opiniones relacionados con el tema.<\/p>\n<p>Tambi\u00e9n he realizado consultas en la biblioteca de la U.A.,\u00a0b\u00e1sicamente\u00a0para documentarme en relaci\u00f3n a lo que deb\u00eda buscar y enfocar los comentarios seleccionados.<\/p>\n<p><strong>Jessica Alcaraz Parada<\/strong><\/p>\n<p>&nbsp;<\/p>\n<p>Como dice mi compa\u00f1era, la fuente m\u00e1s utilizada ha sido internet, cogiendo informaci\u00f3n mayoritariamente de las p\u00e1ginas webs oficiales de la Generalitat Valenciana e incluso del Estado.<\/p>\n<p>No hab\u00edan casi art\u00edculos o libros del tema seleccionado, pero hab\u00eda la suficiente informaci\u00f3n en las p\u00e1ginas oficiales, donde estaba bien explicada. Aun que tambi\u00e9n he tenido que ir a la biblioteca de la Universidad de Alicante para ver la informaci\u00f3n que hab\u00eda sobre el Sistema Archiv\u00edstico de la Comunidad Valenciana y as\u00ed comparar una informaci\u00f3n con otra.<\/p>\n<p><strong>Irene Quesada Andreu<\/strong><\/p>\n","protected":false},"excerpt":{"rendered":"<p>Para la creaci\u00f3n de este blog, las fuentes utilizadas han sido principalmente art\u00edculos de revistas y la p\u00e1gina oficial del Archivo de la Comunidad Valenciana. Principalmente el uso de internet y su facilidad para encontrar informaci\u00f3n ha sido la fuente principal de la cual se ha recogido la informaci\u00f3n, mayoritariamente. Al tratarse de un estudio, [&hellip;]<\/p>\n","protected":false},"author":2982,"featured_media":0,"parent":0,"menu_order":0,"comment_status":"open","ping_status":"open","template":"","meta":{"footnotes":""},"class_list":["post-82","page","type-page","status-publish","hentry"],"_links":{"self":[{"href":"https:\/\/blogs.ua.es\/archivoscomunidadvalenciana\/wp-json\/wp\/v2\/pages\/82","targetHints":{"allow":["GET"]}}],"collection":[{"href":"https:\/\/blogs.ua.es\/archivoscomunidadvalenciana\/wp-json\/wp\/v2\/pages"}],"about":[{"href":"https:\/\/blogs.ua.es\/archivoscomunidadvalenciana\/wp-json\/wp\/v2\/types\/page"}],"author":[{"embeddable":true,"href":"https:\/\/blogs.ua.es\/archivoscomunidadvalenciana\/wp-json\/wp\/v2\/users\/2982"}],"replies":[{"embeddable":true,"href":"https:\/\/blogs.ua.es\/archivoscomunidadvalenciana\/wp-json\/wp\/v2\/comments?post=82"}],"version-history":[{"count":6,"href":"https:\/\/blogs.ua.es\/archivoscomunidadvalenciana\/wp-json\/wp\/v2\/pages\/82\/revisions"}],"predecessor-version":[{"id":88,"href":"https:\/\/blogs.ua.es\/archivoscomunidadvalenciana\/wp-json\/wp\/v2\/pages\/82\/revisions\/88"}],"wp:attachment":[{"href":"https:\/\/blogs.ua.es\/archivoscomunidadvalenciana\/wp-json\/wp\/v2\/media?parent=82"}],"curies":[{"name":"wp","href":"https:\/\/api.w.org\/{rel}","templated":true}]}}